{"id":107,"date":"2019-08-18T19:30:33","date_gmt":"2019-08-18T17:30:33","guid":{"rendered":"http:\/\/ubiquegallery.be\/?page_id=107"},"modified":"2020-11-12T11:34:29","modified_gmt":"2020-11-12T10:34:29","slug":"alain-dauchot","status":"publish","type":"page","link":"https:\/\/ubiquegallery.be\/index.php\/alain-dauchot\/","title":{"rendered":"Alain Dauchot"},"content":{"rendered":"<p>Alain Dauchot, touche \u00e0 tout de talent qui manie les mots, le dessin et la caricature. Son chemin est une exploration de toutes aventures artistiques. Son crayon se fait satirique, nerveux et volontaire. T\u00e9moin de notre \u00e9poque, toujours avec critique et engagement, il nous bouscule et se botte lui m\u00eame le cul du confort. Ci et l\u00e0 vous trouverez les influences de ses cours de calligraphie japonaise \u00e9pic\u00e9e \u00e0 la sauce rock, et sa filiation \u00e0 la ligne claire d\u00e9glingu\u00e9e par Harakiri. D\u00e9fenseur des libert\u00e9s, son trait nous d\u00e9route entre graf et calligraphe, il trace son univers iconoclaste, parfois nostalgique ou po\u00e9tique. Il embrase ses dessins de ses passions et dessine ses \u00e9crits en forgeant sa propre typographie. <br \/>Alain Dauchot, la cr\u00e9ativit\u00e9 et le garant d\u2019un Esprit Libre.<\/p>\n\n\n<p>\u00ab\u00a0Je dessine comme j\u2019essaierais de faire du feu avec des silex. Parfois le feu prend et je suis content. Je pense alors au regard incandescent d\u2019Ava Gardner, me susurrant doucement \u00e0 l\u2019oreille\u00a0: \u00ab\u00a0J\u2019aime les hommes qui sont ce qu\u2019ils peuvent\u2026\u00a0\u00bb.\u00a0\u00bb<\/p>\n\n\n\n<p><\/p>\n\n\n\n<figure class=\"wp-block-image size-large\"><img loading=\"lazy\" decoding=\"async\" width=\"768\" height=\"1024\" src=\"https:\/\/ubiquegallery.be\/wp-content\/uploads\/2020\/11\/myz5f74b05048a81-768x1024.jpg\" alt=\"\" class=\"wp-image-633\" srcset=\"https:\/\/ubiquegallery.be\/wp-content\/uploads\/2020\/11\/myz5f74b05048a81-768x1024.jpg 768w, https:\/\/ubiquegallery.be\/wp-content\/uploads\/2020\/11\/myz5f74b05048a81-225x300.jpg 225w, https:\/\/ubiquegallery.be\/wp-content\/uploads\/2020\/11\/myz5f74b05048a81-250x333.jpg 250w, https:\/\/ubiquegallery.be\/wp-content\/uploads\/2020\/11\/myz5f74b05048a81-350x467.jpg 350w, https:\/\/ubiquegallery.be\/wp-content\/uploads\/2020\/11\/myz5f74b05048a81.jpg 1100w\" sizes=\"auto, (max-width: 767px) 89vw, (max-width: 1000px) 54vw, (max-width: 1071px) 543px, 580px\" \/><figcaption>\u00ab\u00a0La vie est higher\u00a0\u00bb (100 X 70 cm)&nbsp;&#8211; <em>Techniques mixtes sur papier&nbsp;<\/em><br><em><a href=\"https:\/\/ubiquegallery.be\/index.php\/contact\/\">R\u00e9f\u00e9rence: AD00- information et prix sur demande en compl\u00e9tant le formulaire de la page contact<\/a><\/em><\/figcaption><\/figure>\n\n\n\n<figure class=\"wp-block-image size-large\"><img loading=\"lazy\" decoding=\"async\" width=\"744\" height=\"1024\" src=\"https:\/\/ubiquegallery.be\/wp-content\/uploads\/2020\/09\/Etre-le-feu-sur-lhuile-de-ses-errances-744x1024.jpg\" alt=\"\" class=\"wp-image-387\" srcset=\"https:\/\/ubiquegallery.be\/wp-content\/uploads\/2020\/09\/Etre-le-feu-sur-lhuile-de-ses-errances-744x1024.jpg 744w, https:\/\/ubiquegallery.be\/wp-content\/uploads\/2020\/09\/Etre-le-feu-sur-lhuile-de-ses-errances-scaled-250x344.jpg 250w, https:\/\/ubiquegallery.be\/wp-content\/uploads\/2020\/09\/Etre-le-feu-sur-lhuile-de-ses-errances-scaled-350x481.jpg 350w, https:\/\/ubiquegallery.be\/wp-content\/uploads\/2020\/09\/Etre-le-feu-sur-lhuile-de-ses-errances-218x300.jpg 218w, https:\/\/ubiquegallery.be\/wp-content\/uploads\/2020\/09\/Etre-le-feu-sur-lhuile-de-ses-errances-768x1056.jpg 768w, https:\/\/ubiquegallery.be\/wp-content\/uploads\/2020\/09\/Etre-le-feu-sur-lhuile-de-ses-errances-scaled.jpg 1861w\" sizes=\"auto, (max-width: 706px) 89vw, (max-width: 767px) 82vw, 740px\" \/><figcaption><em>100 X 70 cm &#8211; Techniques mixtes sur papier&nbsp;<\/em><br><em><a href=\"https:\/\/ubiquegallery.be\/index.php\/contact\/\">R\u00e9f\u00e9rence: AD01- information et prix sur demande en compl\u00e9tant le formulaire de la page contact<\/a><\/em><\/figcaption><\/figure>\n\n\n\n<figure class=\"wp-block-image size-large\"><img loading=\"lazy\" decoding=\"async\" width=\"963\" height=\"1024\" src=\"https:\/\/ubiquegallery.be\/wp-content\/uploads\/2020\/06\/Alain-Dauchot-963x1024.jpg\" alt=\"\" class=\"wp-image-316\" srcset=\"https:\/\/ubiquegallery.be\/wp-content\/uploads\/2020\/06\/Alain-Dauchot-963x1024.jpg 963w, https:\/\/ubiquegallery.be\/wp-content\/uploads\/2020\/06\/Alain-Dauchot-scaled-250x266.jpg 250w, https:\/\/ubiquegallery.be\/wp-content\/uploads\/2020\/06\/Alain-Dauchot-scaled-350x372.jpg 350w, https:\/\/ubiquegallery.be\/wp-content\/uploads\/2020\/06\/Alain-Dauchot-282x300.jpg 282w, https:\/\/ubiquegallery.be\/wp-content\/uploads\/2020\/06\/Alain-Dauchot-768x817.jpg 768w\" sizes=\"auto, (max-width: 767px) 89vw, (max-width: 1000px) 54vw, (max-width: 1071px) 543px, 580px\" \/><figcaption>Francis Bacon &#8211; &nbsp;Fusain sur papier<br><em><a href=\"https:\/\/ubiquegallery.be\/index.php\/contact\/\">R\u00e9f\u00e9rence: AD03- information et prix sur demande en compl\u00e9tant le formulaire de la page contact<\/a><\/em><\/figcaption><\/figure>\n\n\n\n<figure class=\"wp-block-image size-large\"><img loading=\"lazy\" decoding=\"async\" width=\"851\" height=\"1024\" src=\"https:\/\/ubiquegallery.be\/wp-content\/uploads\/2020\/11\/Gainsbourg-851x1024.jpg\" alt=\"\" class=\"wp-image-625\" srcset=\"https:\/\/ubiquegallery.be\/wp-content\/uploads\/2020\/11\/Gainsbourg-851x1024.jpg 851w, https:\/\/ubiquegallery.be\/wp-content\/uploads\/2020\/11\/Gainsbourg-249x300.jpg 249w, https:\/\/ubiquegallery.be\/wp-content\/uploads\/2020\/11\/Gainsbourg-768x924.jpg 768w, https:\/\/ubiquegallery.be\/wp-content\/uploads\/2020\/11\/Gainsbourg-250x301.jpg 250w, https:\/\/ubiquegallery.be\/wp-content\/uploads\/2020\/11\/Gainsbourg-350x421.jpg 350w, https:\/\/ubiquegallery.be\/wp-content\/uploads\/2020\/11\/Gainsbourg.jpg 1100w\" sizes=\"auto, (max-width: 767px) 89vw, (max-width: 1000px) 54vw, (max-width: 1071px) 543px, 580px\" \/><figcaption>Gainsbourg (40 X 40 cm) &#8211; Encre de Chine &amp; acrylique<br><em><a href=\"https:\/\/ubiquegallery.be\/index.php\/contact\/\">R\u00e9f\u00e9rence: AD05- information et prix sur demande en compl\u00e9tant le formulaire de la page contact<\/a><\/em><\/figcaption><\/figure>\n\n\n\n<figure class=\"wp-block-image size-large\"><img loading=\"lazy\" decoding=\"async\" width=\"768\" height=\"1024\" src=\"https:\/\/ubiquegallery.be\/wp-content\/uploads\/2020\/11\/myz5a51cee28f5c5-768x1024.jpg\" alt=\"\" class=\"wp-image-627\" srcset=\"https:\/\/ubiquegallery.be\/wp-content\/uploads\/2020\/11\/myz5a51cee28f5c5-768x1024.jpg 768w, https:\/\/ubiquegallery.be\/wp-content\/uploads\/2020\/11\/myz5a51cee28f5c5-225x300.jpg 225w, https:\/\/ubiquegallery.be\/wp-content\/uploads\/2020\/11\/myz5a51cee28f5c5-250x333.jpg 250w, https:\/\/ubiquegallery.be\/wp-content\/uploads\/2020\/11\/myz5a51cee28f5c5-350x467.jpg 350w, https:\/\/ubiquegallery.be\/wp-content\/uploads\/2020\/11\/myz5a51cee28f5c5.jpg 1100w\" sizes=\"auto, (max-width: 767px) 89vw, (max-width: 1000px) 54vw, (max-width: 1071px) 543px, 580px\" \/><figcaption>Bowie 77 (A3)  &#8211; Marqueur &amp; pastel<br><em><a href=\"https:\/\/ubiquegallery.be\/index.php\/contact\/\">R\u00e9f\u00e9rence: AD06- information et prix sur demande en compl\u00e9tant le formulaire de la page contact<\/a><\/em><\/figcaption><\/figure>\n\n\n\n<figure class=\"wp-block-image size-large\"><img loading=\"lazy\" decoding=\"async\" width=\"750\" height=\"1024\" src=\"https:\/\/ubiquegallery.be\/wp-content\/uploads\/2020\/11\/myz5d61c5e818247-750x1024.jpg\" alt=\"\" class=\"wp-image-628\" srcset=\"https:\/\/ubiquegallery.be\/wp-content\/uploads\/2020\/11\/myz5d61c5e818247-750x1024.jpg 750w, https:\/\/ubiquegallery.be\/wp-content\/uploads\/2020\/11\/myz5d61c5e818247-220x300.jpg 220w, https:\/\/ubiquegallery.be\/wp-content\/uploads\/2020\/11\/myz5d61c5e818247-768x1048.jpg 768w, https:\/\/ubiquegallery.be\/wp-content\/uploads\/2020\/11\/myz5d61c5e818247-250x341.jpg 250w, https:\/\/ubiquegallery.be\/wp-content\/uploads\/2020\/11\/myz5d61c5e818247-350x478.jpg 350w, https:\/\/ubiquegallery.be\/wp-content\/uploads\/2020\/11\/myz5d61c5e818247.jpg 1100w\" sizes=\"auto, (max-width: 706px) 89vw, (max-width: 767px) 82vw, 740px\" \/><figcaption>Black Dylan (100 X 70 cm) &#8211; Pastel &amp; encre de Chine<br><em><a href=\"https:\/\/ubiquegallery.be\/index.php\/contact\/\">R\u00e9f\u00e9rence: AD07- information et prix sur demande en compl\u00e9tant le formulaire de la page contact<\/a><\/em><\/figcaption><\/figure>\n\n\n\n<figure class=\"wp-block-image size-large\"><img loading=\"lazy\" decoding=\"async\" width=\"768\" height=\"1024\" src=\"https:\/\/ubiquegallery.be\/wp-content\/uploads\/2020\/11\/myz5cdcf78823371-768x1024.jpg\" alt=\"\" class=\"wp-image-630\" srcset=\"https:\/\/ubiquegallery.be\/wp-content\/uploads\/2020\/11\/myz5cdcf78823371-768x1024.jpg 768w, https:\/\/ubiquegallery.be\/wp-content\/uploads\/2020\/11\/myz5cdcf78823371-225x300.jpg 225w, https:\/\/ubiquegallery.be\/wp-content\/uploads\/2020\/11\/myz5cdcf78823371-250x333.jpg 250w, https:\/\/ubiquegallery.be\/wp-content\/uploads\/2020\/11\/myz5cdcf78823371-350x467.jpg 350w, https:\/\/ubiquegallery.be\/wp-content\/uploads\/2020\/11\/myz5cdcf78823371.jpg 1100w\" sizes=\"auto, (max-width: 767px) 89vw, (max-width: 1000px) 54vw, (max-width: 1071px) 543px, 580px\" \/><figcaption>JL Hooker (70 X 50 cm) -Pastel<br><em><a href=\"https:\/\/ubiquegallery.be\/index.php\/contact\/\">R\u00e9f\u00e9rence: AD08- information et prix sur demande en compl\u00e9tant le formulaire de la page contact<\/a><\/em><\/figcaption><\/figure>\n","protected":false},"excerpt":{"rendered":"<p>Alain Dauchot, touche \u00e0 tout de talent qui manie les mots, le dessin et la caricature. Son chemin est une exploration de toutes aventures artistiques. Son crayon se fait satirique, nerveux et volontaire. T\u00e9moin de notre \u00e9poque, toujours avec critique et engagement, il nous bouscule et se botte lui m\u00eame le cul du confort. Ci &hellip; <\/p>\n<p class=\"link-more\"><a href=\"https:\/\/ubiquegallery.be\/index.php\/alain-dauchot\/\" class=\"more-link\">Continuer la lecture<span class=\"screen-reader-text\"> de &laquo;&nbsp;Alain Dauchot&nbsp;&raquo;<\/span><\/a><\/p>\n","protected":false},"author":1,"featured_media":0,"parent":0,"menu_order":0,"comment_status":"closed","ping_status":"closed","template":"","meta":{"footnotes":""},"class_list":["post-107","page","type-page","status-publish","hentry"],"_links":{"self":[{"href":"https:\/\/ubiquegallery.be\/index.php\/wp-json\/wp\/v2\/pages\/107","targetHints":{"allow":["GET"]}}],"collection":[{"href":"https:\/\/ubiquegallery.be\/index.php\/wp-json\/wp\/v2\/pages"}],"about":[{"href":"https:\/\/ubiquegallery.be\/index.php\/wp-json\/wp\/v2\/types\/page"}],"author":[{"embeddable":true,"href":"https:\/\/ubiquegallery.be\/index.php\/wp-json\/wp\/v2\/users\/1"}],"replies":[{"embeddable":true,"href":"https:\/\/ubiquegallery.be\/index.php\/wp-json\/wp\/v2\/comments?post=107"}],"version-history":[{"count":21,"href":"https:\/\/ubiquegallery.be\/index.php\/wp-json\/wp\/v2\/pages\/107\/revisions"}],"predecessor-version":[{"id":648,"href":"https:\/\/ubiquegallery.be\/index.php\/wp-json\/wp\/v2\/pages\/107\/revisions\/648"}],"wp:attachment":[{"href":"https:\/\/ubiquegallery.be\/index.php\/wp-json\/wp\/v2\/media?parent=107"}],"curies":[{"name":"wp","href":"https:\/\/api.w.org\/{rel}","templated":true}]}}