{"id":116,"date":"2019-08-18T19:54:22","date_gmt":"2019-08-18T17:54:22","guid":{"rendered":"http:\/\/ubiquegallery.be\/?page_id=116"},"modified":"2024-09-07T13:53:56","modified_gmt":"2024-09-07T11:53:56","slug":"christian-vandelois","status":"publish","type":"page","link":"https:\/\/ubiquegallery.be\/index.php\/christian-vandelois\/","title":{"rendered":"Christian Vandelois"},"content":{"rendered":"\n<figure class=\"wp-block-video\"><video height=\"720\" style=\"aspect-ratio: 1280 \/ 720;\" width=\"1280\" controls src=\"https:\/\/ubiquegallery.be\/wp-content\/uploads\/2024\/09\/Remontez-le-temps.mp4\"><\/video><\/figure>\n\n\n\n<figure class=\"wp-block-image size-large\"><img loading=\"lazy\" decoding=\"async\" width=\"1024\" height=\"994\" src=\"https:\/\/ubiquegallery.be\/wp-content\/uploads\/2023\/03\/cvexpomonty-1024x994.png\" alt=\"\" class=\"wp-image-1064\" srcset=\"https:\/\/ubiquegallery.be\/wp-content\/uploads\/2023\/03\/cvexpomonty-1024x994.png 1024w, https:\/\/ubiquegallery.be\/wp-content\/uploads\/2023\/03\/cvexpomonty-300x291.png 300w, https:\/\/ubiquegallery.be\/wp-content\/uploads\/2023\/03\/cvexpomonty-768x746.png 768w, https:\/\/ubiquegallery.be\/wp-content\/uploads\/2023\/03\/cvexpomonty-200x194.png 200w, https:\/\/ubiquegallery.be\/wp-content\/uploads\/2023\/03\/cvexpomonty-1536x1491.png 1536w, https:\/\/ubiquegallery.be\/wp-content\/uploads\/2023\/03\/cvexpomonty-2048x1989.png 2048w\" sizes=\"auto, (max-width: 767px) 89vw, (max-width: 1000px) 54vw, (max-width: 1071px) 543px, 580px\" \/><\/figure>\n\n\n\n<p>Contact: info@ubiquegallery.be<\/p>\n\n\n\n<figure class=\"wp-block-image size-large\"><img loading=\"lazy\" decoding=\"async\" width=\"692\" height=\"1024\" src=\"https:\/\/ubiquegallery.be\/wp-content\/uploads\/2023\/03\/M2-692x1024.jpg\" alt=\"\" class=\"wp-image-1053\" srcset=\"https:\/\/ubiquegallery.be\/wp-content\/uploads\/2023\/03\/M2-692x1024.jpg 692w, https:\/\/ubiquegallery.be\/wp-content\/uploads\/2023\/03\/M2-203x300.jpg 203w, https:\/\/ubiquegallery.be\/wp-content\/uploads\/2023\/03\/M2-768x1136.jpg 768w, https:\/\/ubiquegallery.be\/wp-content\/uploads\/2023\/03\/M2-135x200.jpg 135w, https:\/\/ubiquegallery.be\/wp-content\/uploads\/2023\/03\/M2.jpg 1035w\" sizes=\"auto, (max-width: 692px) 100vw, 692px\" \/><\/figure>\n\n\n\n<figure class=\"wp-block-image size-large\"><img loading=\"lazy\" decoding=\"async\" width=\"789\" height=\"1024\" src=\"https:\/\/ubiquegallery.be\/wp-content\/uploads\/2023\/03\/M4-789x1024.jpg\" alt=\"\" class=\"wp-image-1057\" srcset=\"https:\/\/ubiquegallery.be\/wp-content\/uploads\/2023\/03\/M4-789x1024.jpg 789w, https:\/\/ubiquegallery.be\/wp-content\/uploads\/2023\/03\/M4-231x300.jpg 231w, https:\/\/ubiquegallery.be\/wp-content\/uploads\/2023\/03\/M4-768x997.jpg 768w, https:\/\/ubiquegallery.be\/wp-content\/uploads\/2023\/03\/M4-154x200.jpg 154w, https:\/\/ubiquegallery.be\/wp-content\/uploads\/2023\/03\/M4-1183x1536.jpg 1183w, https:\/\/ubiquegallery.be\/wp-content\/uploads\/2023\/03\/M4-1578x2048.jpg 1578w, https:\/\/ubiquegallery.be\/wp-content\/uploads\/2023\/03\/M4-scaled.jpg 1972w\" sizes=\"auto, (max-width: 767px) 89vw, (max-width: 1000px) 54vw, (max-width: 1071px) 543px, 580px\" \/><\/figure>\n\n\n\n<figure class=\"wp-block-image size-large\"><img loading=\"lazy\" decoding=\"async\" width=\"1024\" height=\"708\" src=\"https:\/\/ubiquegallery.be\/wp-content\/uploads\/2023\/03\/M3-1024x708.jpg\" alt=\"\" class=\"wp-image-1055\" srcset=\"https:\/\/ubiquegallery.be\/wp-content\/uploads\/2023\/03\/M3-1024x708.jpg 1024w, https:\/\/ubiquegallery.be\/wp-content\/uploads\/2023\/03\/M3-300x207.jpg 300w, https:\/\/ubiquegallery.be\/wp-content\/uploads\/2023\/03\/M3-768x531.jpg 768w, https:\/\/ubiquegallery.be\/wp-content\/uploads\/2023\/03\/M3-200x138.jpg 200w, https:\/\/ubiquegallery.be\/wp-content\/uploads\/2023\/03\/M3-1536x1062.jpg 1536w, https:\/\/ubiquegallery.be\/wp-content\/uploads\/2023\/03\/M3.jpg 1792w\" sizes=\"auto, (max-width: 767px) 89vw, (max-width: 1000px) 54vw, (max-width: 1071px) 543px, 580px\" \/><\/figure>\n\n\n\n<figure class=\"wp-block-image size-large\"><img loading=\"lazy\" decoding=\"async\" width=\"1024\" height=\"666\" src=\"https:\/\/ubiquegallery.be\/wp-content\/uploads\/2023\/03\/M1-1-1024x666.jpg\" alt=\"\" class=\"wp-image-1056\" srcset=\"https:\/\/ubiquegallery.be\/wp-content\/uploads\/2023\/03\/M1-1-1024x666.jpg 1024w, https:\/\/ubiquegallery.be\/wp-content\/uploads\/2023\/03\/M1-1-300x195.jpg 300w, https:\/\/ubiquegallery.be\/wp-content\/uploads\/2023\/03\/M1-1-768x499.jpg 768w, https:\/\/ubiquegallery.be\/wp-content\/uploads\/2023\/03\/M1-1-200x130.jpg 200w, https:\/\/ubiquegallery.be\/wp-content\/uploads\/2023\/03\/M1-1-1536x998.jpg 1536w, https:\/\/ubiquegallery.be\/wp-content\/uploads\/2023\/03\/M1-1.jpg 1594w\" sizes=\"auto, (max-width: 767px) 89vw, (max-width: 1000px) 54vw, (max-width: 1071px) 543px, 580px\" \/><\/figure>\n\n\n\n<figure class=\"wp-block-image size-large\"><img loading=\"lazy\" decoding=\"async\" width=\"1024\" height=\"1024\" src=\"https:\/\/ubiquegallery.be\/wp-content\/uploads\/2020\/11\/7C16CCE8-BB29-4A45-97C0-A766DBA470D4-1024x1024.jpeg\" alt=\"\" class=\"wp-image-652\" srcset=\"https:\/\/ubiquegallery.be\/wp-content\/uploads\/2020\/11\/7C16CCE8-BB29-4A45-97C0-A766DBA470D4-1024x1024.jpeg 1024w, https:\/\/ubiquegallery.be\/wp-content\/uploads\/2020\/11\/7C16CCE8-BB29-4A45-97C0-A766DBA470D4-300x300.jpeg 300w, https:\/\/ubiquegallery.be\/wp-content\/uploads\/2020\/11\/7C16CCE8-BB29-4A45-97C0-A766DBA470D4-150x150.jpeg 150w, https:\/\/ubiquegallery.be\/wp-content\/uploads\/2020\/11\/7C16CCE8-BB29-4A45-97C0-A766DBA470D4-768x768.jpeg 768w, https:\/\/ubiquegallery.be\/wp-content\/uploads\/2020\/11\/7C16CCE8-BB29-4A45-97C0-A766DBA470D4-1536x1536.jpeg 1536w, https:\/\/ubiquegallery.be\/wp-content\/uploads\/2020\/11\/7C16CCE8-BB29-4A45-97C0-A766DBA470D4-100x100.jpeg 100w, https:\/\/ubiquegallery.be\/wp-content\/uploads\/2020\/11\/7C16CCE8-BB29-4A45-97C0-A766DBA470D4-250x250.jpeg 250w, https:\/\/ubiquegallery.be\/wp-content\/uploads\/2020\/11\/7C16CCE8-BB29-4A45-97C0-A766DBA470D4-350x350.jpeg 350w, https:\/\/ubiquegallery.be\/wp-content\/uploads\/2020\/11\/7C16CCE8-BB29-4A45-97C0-A766DBA470D4.jpeg 2048w\" sizes=\"auto, (max-width: 767px) 89vw, (max-width: 1000px) 54vw, (max-width: 1071px) 543px, 580px\" \/><figcaption class=\"wp-element-caption\"><a href=\"https:\/\/ubiquegallery.be\/index.php\/contact\/\"><em>\u00e9f\u00e9rence: CV06 &#8211; <\/em>information et prix sur demande en compl\u00e9tant le formulaire de la page contact<\/a><\/figcaption><\/figure>\n\n\n\n<figure class=\"wp-block-image\"><img loading=\"lazy\" decoding=\"async\" width=\"1024\" height=\"1012\" src=\"http:\/\/ubiquegallery.be\/wp-content\/uploads\/2019\/08\/cvdl02-1024x1012.jpg\" alt=\"\" class=\"wp-image-122\" srcset=\"https:\/\/ubiquegallery.be\/wp-content\/uploads\/2019\/08\/cvdl02-1024x1012.jpg 1024w, https:\/\/ubiquegallery.be\/wp-content\/uploads\/2019\/08\/cvdl02-250x247.jpg 250w, https:\/\/ubiquegallery.be\/wp-content\/uploads\/2019\/08\/cvdl02-100x100.jpg 100w, https:\/\/ubiquegallery.be\/wp-content\/uploads\/2019\/08\/cvdl02-350x346.jpg 350w, https:\/\/ubiquegallery.be\/wp-content\/uploads\/2019\/08\/cvdl02-300x297.jpg 300w, https:\/\/ubiquegallery.be\/wp-content\/uploads\/2019\/08\/cvdl02-768x759.jpg 768w, https:\/\/ubiquegallery.be\/wp-content\/uploads\/2019\/08\/cvdl02.jpg 1204w\" sizes=\"auto, (max-width: 767px) 89vw, (max-width: 1000px) 54vw, (max-width: 1071px) 543px, 580px\" \/><figcaption class=\"wp-element-caption\"><a href=\"https:\/\/ubiquegallery.be\/index.php\/contact\/\" data-type=\"page\" data-id=\"9\"><em>R\u00e9f\u00e9rence: CV04 &#8211; <\/em>information et prix sur demande en compl\u00e9tant le formulaire de la page contact<\/a><\/figcaption><\/figure>\n\n\n\n<figure class=\"wp-block-image\"><a href=\"https:\/\/ubiquegallery.be\/index.php\/contact\/\"><img loading=\"lazy\" decoding=\"async\" width=\"886\" height=\"1024\" src=\"https:\/\/ubiquegallery.be\/wp-content\/uploads\/2020\/06\/vandelois-886x1024.png\" alt=\"\" class=\"wp-image-293\" srcset=\"https:\/\/ubiquegallery.be\/wp-content\/uploads\/2020\/06\/vandelois-886x1024.png 886w, https:\/\/ubiquegallery.be\/wp-content\/uploads\/2020\/06\/vandelois-250x289.png 250w, https:\/\/ubiquegallery.be\/wp-content\/uploads\/2020\/06\/vandelois-350x405.png 350w, https:\/\/ubiquegallery.be\/wp-content\/uploads\/2020\/06\/vandelois-260x300.png 260w, https:\/\/ubiquegallery.be\/wp-content\/uploads\/2020\/06\/vandelois-768x888.png 768w, https:\/\/ubiquegallery.be\/wp-content\/uploads\/2020\/06\/vandelois.png 1027w\" sizes=\"auto, (max-width: 767px) 89vw, (max-width: 1000px) 54vw, (max-width: 1071px) 543px, 580px\" \/><\/a><figcaption class=\"wp-element-caption\">R\u00e9f\u00e9rence: CV01 &#8211; <u>information et prix sur demande en compl\u00e9tant le formulaire de la page contact<\/u><\/figcaption><\/figure>\n\n\n\n<figure class=\"wp-block-image size-large\"><img loading=\"lazy\" decoding=\"async\" width=\"908\" height=\"908\" src=\"https:\/\/ubiquegallery.be\/wp-content\/uploads\/2020\/11\/CV09.png\" alt=\"\" class=\"wp-image-664\" srcset=\"https:\/\/ubiquegallery.be\/wp-content\/uploads\/2020\/11\/CV09.png 908w, https:\/\/ubiquegallery.be\/wp-content\/uploads\/2020\/11\/CV09-300x300.png 300w, https:\/\/ubiquegallery.be\/wp-content\/uploads\/2020\/11\/CV09-150x150.png 150w, https:\/\/ubiquegallery.be\/wp-content\/uploads\/2020\/11\/CV09-768x768.png 768w, https:\/\/ubiquegallery.be\/wp-content\/uploads\/2020\/11\/CV09-100x100.png 100w, https:\/\/ubiquegallery.be\/wp-content\/uploads\/2020\/11\/CV09-250x250.png 250w, https:\/\/ubiquegallery.be\/wp-content\/uploads\/2020\/11\/CV09-350x350.png 350w\" sizes=\"auto, (max-width: 767px) 89vw, (max-width: 1000px) 54vw, (max-width: 1071px) 543px, 580px\" \/><figcaption class=\"wp-element-caption\"><a href=\"https:\/\/ubiquegallery.be\/index.php\/contact\/\"><em>R\u00e9f\u00e9rence: CV09 &#8211; <\/em>information et prix sur demande en compl\u00e9tant le formulaire de la page contact<\/a><\/figcaption><\/figure>\n\n\n\n<figure class=\"wp-block-image size-large\"><img loading=\"lazy\" decoding=\"async\" width=\"1024\" height=\"819\" src=\"https:\/\/ubiquegallery.be\/wp-content\/uploads\/2020\/11\/Capture-de\u0301cran-2020-11-12-a\u0300-19.38.48-1024x819.png\" alt=\"\" class=\"wp-image-654\" srcset=\"https:\/\/ubiquegallery.be\/wp-content\/uploads\/2020\/11\/Capture-de\u0301cran-2020-11-12-a\u0300-19.38.48-1024x819.png 1024w, https:\/\/ubiquegallery.be\/wp-content\/uploads\/2020\/11\/Capture-de\u0301cran-2020-11-12-a\u0300-19.38.48-300x240.png 300w, https:\/\/ubiquegallery.be\/wp-content\/uploads\/2020\/11\/Capture-de\u0301cran-2020-11-12-a\u0300-19.38.48-768x614.png 768w, https:\/\/ubiquegallery.be\/wp-content\/uploads\/2020\/11\/Capture-de\u0301cran-2020-11-12-a\u0300-19.38.48-250x200.png 250w, https:\/\/ubiquegallery.be\/wp-content\/uploads\/2020\/11\/Capture-de\u0301cran-2020-11-12-a\u0300-19.38.48-350x280.png 350w, https:\/\/ubiquegallery.be\/wp-content\/uploads\/2020\/11\/Capture-de\u0301cran-2020-11-12-a\u0300-19.38.48.png 1198w\" sizes=\"auto, (max-width: 767px) 89vw, (max-width: 1000px) 54vw, (max-width: 1071px) 543px, 580px\" \/><figcaption class=\"wp-element-caption\"><a href=\"https:\/\/ubiquegallery.be\/index.php\/contact\/\"><em>R\u00e9f\u00e9rence: CV05 &#8211; <\/em>information et prix sur demande en compl\u00e9tant le formulaire de la page contact<\/a><\/figcaption><\/figure>\n","protected":false},"excerpt":{"rendered":"<p>Contact: info@ubiquegallery.be<\/p>\n","protected":false},"author":1,"featured_media":0,"parent":0,"menu_order":0,"comment_status":"closed","ping_status":"closed","template":"","meta":{"footnotes":""},"class_list":["post-116","page","type-page","status-publish","hentry"],"_links":{"self":[{"href":"https:\/\/ubiquegallery.be\/index.php\/wp-json\/wp\/v2\/pages\/116","targetHints":{"allow":["GET"]}}],"collection":[{"href":"https:\/\/ubiquegallery.be\/index.php\/wp-json\/wp\/v2\/pages"}],"about":[{"href":"https:\/\/ubiquegallery.be\/index.php\/wp-json\/wp\/v2\/types\/page"}],"author":[{"embeddable":true,"href":"https:\/\/ubiquegallery.be\/index.php\/wp-json\/wp\/v2\/users\/1"}],"replies":[{"embeddable":true,"href":"https:\/\/ubiquegallery.be\/index.php\/wp-json\/wp\/v2\/comments?post=116"}],"version-history":[{"count":21,"href":"https:\/\/ubiquegallery.be\/index.php\/wp-json\/wp\/v2\/pages\/116\/revisions"}],"predecessor-version":[{"id":1118,"href":"https:\/\/ubiquegallery.be\/index.php\/wp-json\/wp\/v2\/pages\/116\/revisions\/1118"}],"wp:attachment":[{"href":"https:\/\/ubiquegallery.be\/index.php\/wp-json\/wp\/v2\/media?parent=116"}],"curies":[{"name":"wp","href":"https:\/\/api.w.org\/{rel}","templated":true}]}}