{"id":130,"date":"2019-08-19T11:18:17","date_gmt":"2019-08-19T09:18:17","guid":{"rendered":"http:\/\/ubiquegallery.be\/?page_id=130"},"modified":"2020-08-01T16:24:09","modified_gmt":"2020-08-01T14:24:09","slug":"les-ateliers","status":"publish","type":"page","link":"https:\/\/ubiquegallery.be\/index.php\/les-ateliers\/","title":{"rendered":"Les ateliers"},"content":{"rendered":"\n<p><strong>Vu le contexte sanitaire, l&rsquo;atelier d&rsquo;initiation \u00e0 la peinture a \u00e9t\u00e9 postpos\u00e9 \u00e0 un moment o\u00f9 nous pourrons travailler sereinement en toute s\u00e9curit\u00e9&#8230;<br>N&rsquo;h\u00e9sitez pas \u00e0 montrer ou r\u00e9 affirmer votre int\u00e9r\u00eat  \u00e0 travers le <\/strong><a href=\"http:\/\/ubiquegallery.be\/index.php\/contact\/\"><strong>formulaire\u00a0de\u00a0contact<\/strong><\/a><strong> ou envoyer un message \u00e0 l&rsquo;adresse email suivante: info<\/strong><em><strong>[at]<\/strong><\/em><strong>ubiquegallery.be<\/strong><\/p>\n\n\n\n<p>Dans la cadre des activit\u00e9s de la galerie, divers ateliers seront organis\u00e9s.<\/p>\n\n\n\n<p>Le premier atelier mis en place sera  un <strong>atelier d\u2019initiation \u00e0 la peinture<\/strong>.<br>Cet atelier se fixera comme objectif d&rsquo;initier les d\u00e9butants \u00e0 l&rsquo;apprentissage de la <strong>peinture acrylique<\/strong> \u00e0 travers  <strong>la pratique<\/strong>. <br>Il est destin\u00e9 \u00e0 tous ceux qui veulent apprendre, sans avoir de base quelle qu&rsquo;elle soit. <br>L&rsquo;animateur, qui  peint  depuis plus 30 ans, transmettra les fondements  n\u00e9cessaires pour d\u00e9buter ( pr\u00e9paration du support, les couleurs, la peinture, les pinceaux, les additifs, les glacis acrylique et huile&#8230;).  <br>Lors du  premier atelier le&nbsp;<strong>mat\u00e9riel  sera fourni<\/strong>, des <strong>chevalets et tables<\/strong> seront mis \u00e0 disposition des participants, chacun est libre d\u2019apporter ses propres moyens de cr\u00e9ation, il est bien de pr\u00e9voir de vieux habits et des chiffons.  Int\u00e9ress\u00e9!? Envoyez-nous un message \u00e0 travers le <a href=\"http:\/\/ubiquegallery.be\/index.php\/contact\/\">formulaire<\/a> ou \u00e0 l&rsquo;adresse email suivante info<em>[at]<\/em>ubiquegallery.be<\/p>\n","protected":false},"excerpt":{"rendered":"<p>Vu le contexte sanitaire, l&rsquo;atelier d&rsquo;initiation \u00e0 la peinture a \u00e9t\u00e9 postpos\u00e9 \u00e0 un moment o\u00f9 nous pourrons travailler sereinement en toute s\u00e9curit\u00e9&#8230;N&rsquo;h\u00e9sitez pas \u00e0 montrer ou r\u00e9 affirmer votre int\u00e9r\u00eat \u00e0 travers le formulaire\u00a0de\u00a0contact ou envoyer un message \u00e0 l&rsquo;adresse email suivante: info[at]ubiquegallery.be Dans la cadre des activit\u00e9s de la galerie, divers ateliers seront &hellip; <\/p>\n<p class=\"link-more\"><a href=\"https:\/\/ubiquegallery.be\/index.php\/les-ateliers\/\" class=\"more-link\">Continuer la lecture<span class=\"screen-reader-text\"> de &laquo;&nbsp;Les ateliers&nbsp;&raquo;<\/span><\/a><\/p>\n","protected":false},"author":1,"featured_media":0,"parent":0,"menu_order":0,"comment_status":"closed","ping_status":"closed","template":"","meta":{"footnotes":""},"class_list":["post-130","page","type-page","status-publish","hentry"],"_links":{"self":[{"href":"https:\/\/ubiquegallery.be\/index.php\/wp-json\/wp\/v2\/pages\/130","targetHints":{"allow":["GET"]}}],"collection":[{"href":"https:\/\/ubiquegallery.be\/index.php\/wp-json\/wp\/v2\/pages"}],"about":[{"href":"https:\/\/ubiquegallery.be\/index.php\/wp-json\/wp\/v2\/types\/page"}],"author":[{"embeddable":true,"href":"https:\/\/ubiquegallery.be\/index.php\/wp-json\/wp\/v2\/users\/1"}],"replies":[{"embeddable":true,"href":"https:\/\/ubiquegallery.be\/index.php\/wp-json\/wp\/v2\/comments?post=130"}],"version-history":[{"count":7,"href":"https:\/\/ubiquegallery.be\/index.php\/wp-json\/wp\/v2\/pages\/130\/revisions"}],"predecessor-version":[{"id":321,"href":"https:\/\/ubiquegallery.be\/index.php\/wp-json\/wp\/v2\/pages\/130\/revisions\/321"}],"wp:attachment":[{"href":"https:\/\/ubiquegallery.be\/index.php\/wp-json\/wp\/v2\/media?parent=130"}],"curies":[{"name":"wp","href":"https:\/\/api.w.org\/{rel}","templated":true}]}}