{"id":153,"date":"2019-09-11T13:22:40","date_gmt":"2019-09-11T11:22:40","guid":{"rendered":"http:\/\/ubiquegallery.be\/?page_id=153"},"modified":"2021-01-24T09:36:17","modified_gmt":"2021-01-24T08:36:17","slug":"frederique-longree","status":"publish","type":"page","link":"https:\/\/ubiquegallery.be\/index.php\/frederique-longree\/","title":{"rendered":"Fr\u00e9d\u00e9rique Longr\u00e9e"},"content":{"rendered":"\n<p> <strong>DARK LIGHT <br>Fr\u00e9d\u00e9rique Longr\u00e9e<\/strong><br> <br>Qu\u2019elle nous guide dans les catacombes ou les abysses, Fr\u00e9d\u00e9rique Longr\u00e9e \u00e9claire les t\u00e9n\u00e8bres de nos craintes, je veux dire celles de la mort et celles de l\u2019inconnu. Ici l\u2019\u00e2me se trouve dans le regard et la lumi\u00e8re dans les ab\u00eemes que ces pr\u00e9datrices sans squelette, ni cerveau, ni poumon, parfois mortelles pour l\u2019homme, illuminent. Sur ces deux territoires, elle exorcise les peurs, bannit les douleurs pass\u00e9es, r\u00e9surrection d\u2019elle-m\u00eame, exorcisme des craintes, la vie reprend, dans le d\u00e9charnement des cadavres, dans la bouture femme\/m\u00e9duse, elle dit \u00ab pense \u00e0 moi, regarde moi, je vivrai, mais ne bafoue plus ma m\u00e9moire\u00bb. Dans Fr\u00e9d\u00e9rique se cache f\u00e9\u00e9rique, ses images l\u2019affirment dans l\u2019au-del\u00e0 de la noirceur, dans la lumi\u00e8re de la mort.<\/p>\n\n\n\n<p> Sont-ils en train de na\u00eetre ou se r\u00e9veillent-ils d\u2019un long sommeil ? Les morts reviennent \u00e0 la maison. Ont-ils chaud, ont-ils froid ? \u00ab Nous ont-ils oubli\u00e9 ? \u00bb disent-ils. Dans leurs regards renaissants, nous pouvons voir ce d\u00e9sir terrifiant de revivre apr\u00e8s la mort, qu\u2019ont-ils vu dans l\u2019au-del\u00e0 imagin\u00e9 de leurs r\u00eaves ? Qu\u2019ont-ils rapport\u00e9 de ce monde promis pour apaiser les terreurs de la vie ? Ont-ils serr\u00e9 la main de l\u2019ange ? Deux yeux, un regard comme un puit dans un d\u00e9sert aride, parfois des ailes brod\u00e9es, fragiles comme la vie, un lambeau de v\u00eatement se confondant aux lambeaux des chairs ass\u00e9ch\u00e9es, nous sommes et seront de toute \u00e9ternit\u00e9 les morts qui marchent, les morts qui regardent, les morts qui fr\u00e9missent \u00e0 la beaut\u00e9, les morts repus d\u2019une vie de passage\u2026<\/p>\n\n\n\n<p> Com\u00e8tes des profondeurs valsant harmonieusement, les m\u00e9duses danseuses nous font d\u00e9couvrir ce refuge loin des hommes, ce territoire non exploit\u00e9 du fin fond des oc\u00e9ans, pour nous rappeler les profondeurs de notre \u00e2me, de notre c\u0153ur, de nos peurs, de nos limites. Ici en osmose avec la femme, \u00e9pouses de marins perdus, cette autre peur de l\u2019homme dans les profondeurs de laquelle il plonge et si souvent ne revient pas.     Coupures invisibles, sutures parfaites, la chirurgie de Fr\u00e9d\u00e9rique Longr\u00e9e n\u2019a pas de cicatrices, elle est l\u2019\u00e9vidence m\u00eame que le regard est l\u2019\u00e9picentre de nos vies, le soleil celui de nos t\u00e9n\u00e8bres. Rien de sombre, juste un sortil\u00e8ge avec la lumi\u00e8re, cr\u00e9atrice de vies. Fr\u00e9d\u00e9rique Longr\u00e9e accorde ce qui semble pour l\u2019\u00e9ternit\u00e9, incompatible, la vie et la mort indissociable l\u2019une de l\u2019autre, cette mort que nous tra\u00eenons durant toute notre vie, cette mort que le vivant invite \u00e0 danser.    <br>                <br><strong><em><a rel=\"noreferrer noopener\" aria-label=\"Krzysztof Styczynski (opens in a new tab)\" href=\"https:\/\/editionscaedere.wixsite.com\/catalogue\" target=\"_blank\">Krzysztof Styczynski<\/a><\/em><\/strong><\/p>\n\n\n\n<p><\/p>\n\n\n\n<p><strong>Fr\u00e9d\u00e9rique Longr\u00e9e<\/strong>, une artiste, une femme toute enti\u00e8re faite de sensibilit\u00e9s qui s\u2019expriment au travers de multiples talents: photographe, musicienne, \u00e9crivaine, traductrice, cr\u00e9atrice num\u00e9rique\u2026engag\u00e9e \u00e0 100% dans la vie, le combat et l\u2019art. <br><br>Fr\u00e9d\u00e9rique nous propose un univers qui nous appara\u00eet sombre, d\u2019aucuns diront d\u00e9rangeant alors qu\u2019elle parle d\u2019humanit\u00e9, certes corbeaux, m\u00e9duses et cr\u00e2nes sont quelques noirs notes dont elle joue avec virtuosit\u00e9 mais pour mieux nous parler au corps et nous toucher le cerveau. Une artiste enti\u00e8re dans sa complexit\u00e9 et son authenticit\u00e9.<br><br>L\u2019art lui est vital et sont art nous rend vivant. Exorciste de nos t\u00e9n\u00e8bres inhumanit\u00e9s, elle r\u00e9 humanise nos chaotiques destins comme dans la catharsis d\u2019un carnaval ensorien. Toujours l\u00e0, toujours vivante elle cicatrise notre monde.<br><br><em>Marc Albert<\/em><\/p>\n\n\n\n<figure class=\"wp-block-image\"><img loading=\"lazy\" decoding=\"async\" width=\"709\" height=\"1024\" src=\"https:\/\/ubiquegallery.be\/wp-content\/uploads\/2020\/06\/frederique_longree-709x1024.jpg\" alt=\"\" class=\"wp-image-310\" srcset=\"https:\/\/ubiquegallery.be\/wp-content\/uploads\/2020\/06\/frederique_longree-709x1024.jpg 709w, https:\/\/ubiquegallery.be\/wp-content\/uploads\/2020\/06\/frederique_longree-250x361.jpg 250w, https:\/\/ubiquegallery.be\/wp-content\/uploads\/2020\/06\/frederique_longree-350x506.jpg 350w, https:\/\/ubiquegallery.be\/wp-content\/uploads\/2020\/06\/frederique_longree-208x300.jpg 208w, https:\/\/ubiquegallery.be\/wp-content\/uploads\/2020\/06\/frederique_longree-768x1110.jpg 768w, https:\/\/ubiquegallery.be\/wp-content\/uploads\/2020\/06\/frederique_longree.jpg 1417w\" sizes=\"auto, (max-width: 709px) 100vw, 709px\" \/><figcaption><strong>Une des cinq cr\u00e9ations tir\u00e9e de sa s\u00e9rie  intitul\u00e9e \u00a0\u00bb L&rsquo;\u00c9rosion du silence \u00ab\u00a0<\/strong><\/figcaption><\/figure>\n\n\n\n<figure class=\"wp-block-image\"><img loading=\"lazy\" decoding=\"async\" width=\"678\" height=\"960\" src=\"http:\/\/ubiquegallery.be\/wp-content\/uploads\/2019\/09\/70643298_691085791394950_971884759019945984_n-1.jpg\" alt=\"\" class=\"wp-image-171\" srcset=\"https:\/\/ubiquegallery.be\/wp-content\/uploads\/2019\/09\/70643298_691085791394950_971884759019945984_n-1.jpg 678w, https:\/\/ubiquegallery.be\/wp-content\/uploads\/2019\/09\/70643298_691085791394950_971884759019945984_n-1-250x354.jpg 250w, https:\/\/ubiquegallery.be\/wp-content\/uploads\/2019\/09\/70643298_691085791394950_971884759019945984_n-1-350x496.jpg 350w, https:\/\/ubiquegallery.be\/wp-content\/uploads\/2019\/09\/70643298_691085791394950_971884759019945984_n-1-212x300.jpg 212w\" sizes=\"auto, (max-width: 678px) 100vw, 678px\" \/><figcaption>\u00a9 Fr\u00e9d\u00e9rique Longr\u00e9e, photocollage <\/figcaption><\/figure>\n\n\n\n<figure class=\"wp-block-gallery columns-1 is-cropped wp-block-gallery-1 is-layout-flex wp-block-gallery-is-layout-flex\"><ul class=\"blocks-gallery-grid\"><li class=\"blocks-gallery-item\"><figure><img loading=\"lazy\" decoding=\"async\" width=\"724\" height=\"1024\" src=\"http:\/\/ubiquegallery.be\/wp-content\/uploads\/2019\/09\/69029986_676603602843169_5146401909111783424_o-724x1024.jpg\" alt=\"\" data-id=\"155\" data-link=\"http:\/\/ubiquegallery.be\/?attachment_id=155\" class=\"wp-image-155\" srcset=\"https:\/\/ubiquegallery.be\/wp-content\/uploads\/2019\/09\/69029986_676603602843169_5146401909111783424_o-724x1024.jpg 724w, https:\/\/ubiquegallery.be\/wp-content\/uploads\/2019\/09\/69029986_676603602843169_5146401909111783424_o-250x354.jpg 250w, https:\/\/ubiquegallery.be\/wp-content\/uploads\/2019\/09\/69029986_676603602843169_5146401909111783424_o-350x495.jpg 350w, https:\/\/ubiquegallery.be\/wp-content\/uploads\/2019\/09\/69029986_676603602843169_5146401909111783424_o-212x300.jpg 212w, https:\/\/ubiquegallery.be\/wp-content\/uploads\/2019\/09\/69029986_676603602843169_5146401909111783424_o-768x1087.jpg 768w, https:\/\/ubiquegallery.be\/wp-content\/uploads\/2019\/09\/69029986_676603602843169_5146401909111783424_o.jpg 1424w\" sizes=\"auto, (max-width: 724px) 100vw, 724px\" \/><figcaption class=\"blocks-gallery-item__caption\"> <br> <br> <br> <br><br> \u00a9 Fr\u00e9d\u00e9rique Longr\u00e9e, photocollage <\/figcaption><\/figure><\/li><li class=\"blocks-gallery-item\"><figure><img loading=\"lazy\" decoding=\"async\" width=\"678\" height=\"960\" src=\"http:\/\/ubiquegallery.be\/wp-content\/uploads\/2019\/09\/69356523_1209901982525808_8259209740702187520_n.jpg\" alt=\"\" data-id=\"156\" data-link=\"http:\/\/ubiquegallery.be\/?attachment_id=156\" class=\"wp-image-156\" srcset=\"https:\/\/ubiquegallery.be\/wp-content\/uploads\/2019\/09\/69356523_1209901982525808_8259209740702187520_n.jpg 678w, https:\/\/ubiquegallery.be\/wp-content\/uploads\/2019\/09\/69356523_1209901982525808_8259209740702187520_n-250x354.jpg 250w, https:\/\/ubiquegallery.be\/wp-content\/uploads\/2019\/09\/69356523_1209901982525808_8259209740702187520_n-350x496.jpg 350w, https:\/\/ubiquegallery.be\/wp-content\/uploads\/2019\/09\/69356523_1209901982525808_8259209740702187520_n-212x300.jpg 212w\" sizes=\"auto, (max-width: 678px) 100vw, 678px\" \/><figcaption class=\"blocks-gallery-item__caption\"> \u00a9  Fr\u00e9d\u00e9rique Longr\u00e9e, photocollage <\/figcaption><\/figure><\/li><li class=\"blocks-gallery-item\"><figure><img loading=\"lazy\" decoding=\"async\" width=\"720\" height=\"540\" src=\"http:\/\/ubiquegallery.be\/wp-content\/uploads\/2019\/09\/69891348_10157366195287604_2241155450206683136_n.jpg\" alt=\"\" data-id=\"158\" data-link=\"http:\/\/ubiquegallery.be\/?attachment_id=158\" class=\"wp-image-158\" srcset=\"https:\/\/ubiquegallery.be\/wp-content\/uploads\/2019\/09\/69891348_10157366195287604_2241155450206683136_n.jpg 720w, https:\/\/ubiquegallery.be\/wp-content\/uploads\/2019\/09\/69891348_10157366195287604_2241155450206683136_n-250x188.jpg 250w, https:\/\/ubiquegallery.be\/wp-content\/uploads\/2019\/09\/69891348_10157366195287604_2241155450206683136_n-350x263.jpg 350w, https:\/\/ubiquegallery.be\/wp-content\/uploads\/2019\/09\/69891348_10157366195287604_2241155450206683136_n-300x225.jpg 300w\" sizes=\"auto, (max-width: 720px) 100vw, 720px\" \/><figcaption class=\"blocks-gallery-item__caption\"> \u00a9 2019, Fr\u00e9d\u00e9rique Longr\u00e9e, photographie <\/figcaption><\/figure><\/li><li class=\"blocks-gallery-item\"><figure><img loading=\"lazy\" decoding=\"async\" width=\"720\" height=\"1018\" src=\"http:\/\/ubiquegallery.be\/wp-content\/uploads\/2019\/09\/70359499_1219673721548634_5685748629239758848_o.jpg\" alt=\"\" data-id=\"159\" data-link=\"http:\/\/ubiquegallery.be\/?attachment_id=159\" class=\"wp-image-159\" srcset=\"https:\/\/ubiquegallery.be\/wp-content\/uploads\/2019\/09\/70359499_1219673721548634_5685748629239758848_o.jpg 720w, https:\/\/ubiquegallery.be\/wp-content\/uploads\/2019\/09\/70359499_1219673721548634_5685748629239758848_o-250x353.jpg 250w, https:\/\/ubiquegallery.be\/wp-content\/uploads\/2019\/09\/70359499_1219673721548634_5685748629239758848_o-350x495.jpg 350w, https:\/\/ubiquegallery.be\/wp-content\/uploads\/2019\/09\/70359499_1219673721548634_5685748629239758848_o-212x300.jpg 212w\" sizes=\"auto, (max-width: 720px) 100vw, 720px\" \/><figcaption class=\"blocks-gallery-item__caption\"> \u00a9 Fr\u00e9d\u00e9rique Longr\u00e9e, photocollage <\/figcaption><\/figure><\/li><\/ul><\/figure>\n\n\n\n<p><\/p>\n","protected":false},"excerpt":{"rendered":"<p>DARK LIGHT Fr\u00e9d\u00e9rique Longr\u00e9e Qu\u2019elle nous guide dans les catacombes ou les abysses, Fr\u00e9d\u00e9rique Longr\u00e9e \u00e9claire les t\u00e9n\u00e8bres de nos craintes, je veux dire celles de la mort et celles de l\u2019inconnu. Ici l\u2019\u00e2me se trouve dans le regard et la lumi\u00e8re dans les ab\u00eemes que ces pr\u00e9datrices sans squelette, ni cerveau, ni poumon, parfois &hellip; <\/p>\n<p class=\"link-more\"><a href=\"https:\/\/ubiquegallery.be\/index.php\/frederique-longree\/\" class=\"more-link\">Continuer la lecture<span class=\"screen-reader-text\"> de &laquo;&nbsp;Fr\u00e9d\u00e9rique Longr\u00e9e&nbsp;&raquo;<\/span><\/a><\/p>\n","protected":false},"author":1,"featured_media":0,"parent":0,"menu_order":0,"comment_status":"closed","ping_status":"closed","template":"","meta":{"footnotes":""},"class_list":["post-153","page","type-page","status-publish","hentry"],"_links":{"self":[{"href":"https:\/\/ubiquegallery.be\/index.php\/wp-json\/wp\/v2\/pages\/153","targetHints":{"allow":["GET"]}}],"collection":[{"href":"https:\/\/ubiquegallery.be\/index.php\/wp-json\/wp\/v2\/pages"}],"about":[{"href":"https:\/\/ubiquegallery.be\/index.php\/wp-json\/wp\/v2\/types\/page"}],"author":[{"embeddable":true,"href":"https:\/\/ubiquegallery.be\/index.php\/wp-json\/wp\/v2\/users\/1"}],"replies":[{"embeddable":true,"href":"https:\/\/ubiquegallery.be\/index.php\/wp-json\/wp\/v2\/comments?post=153"}],"version-history":[{"count":16,"href":"https:\/\/ubiquegallery.be\/index.php\/wp-json\/wp\/v2\/pages\/153\/revisions"}],"predecessor-version":[{"id":817,"href":"https:\/\/ubiquegallery.be\/index.php\/wp-json\/wp\/v2\/pages\/153\/revisions\/817"}],"wp:attachment":[{"href":"https:\/\/ubiquegallery.be\/index.php\/wp-json\/wp\/v2\/media?parent=153"}],"curies":[{"name":"wp","href":"https:\/\/api.w.org\/{rel}","templated":true}]}}