{"id":187,"date":"2019-12-28T14:43:49","date_gmt":"2019-12-28T13:43:49","guid":{"rendered":"http:\/\/ubiquegallery.be\/?page_id=187"},"modified":"2024-03-28T10:22:28","modified_gmt":"2024-03-28T09:22:28","slug":"jean-roch-focant","status":"publish","type":"page","link":"https:\/\/ubiquegallery.be\/index.php\/jean-roch-focant\/","title":{"rendered":"Jean-Roch Focant"},"content":{"rendered":"\n<p>\u00ab\u00a0Comme l\u2019\u00e9crivain devant sa feuille blanche, je suis face \u00e0 mon panneau de bois. Le format s\u2019est impos\u00e9, je ne sais jamais pourquoi je prends celui-ci ou celui-l\u00e0. Je n\u2019ai aucune id\u00e9e, aucun projet en t\u00eate. Pourquoi ai-je choisi de pr\u00e9parer une p\u00e2te jaune ou rouge ou bleue? Est-ce la m\u00e9t\u00e9o qui m\u2019influence? Ou peut-\u00eatre est-ce le contact que je viens d\u2019avoir avec des amis?Je n\u2019utilise que tr\u00e8s peu de pinceaux. Mes doigts, une cuill\u00e8re en bois, une vieille fourchette, une \u00e9ponge, une peau de chamois, un tampon jex, une cuill\u00e8re \u00e0 glace, une truelle ou un karcher, ou \u2026.. sont mes outils favoris. La mati\u00e8re est \u00e9paisse et donc lente \u00e0 s\u00e9cher, je travaille toujours plusieurs panneaux ensemble.&nbsp;Au fil des jours j\u2019ajoute la mati\u00e8re color\u00e9e, j\u2019agence les formes, j\u2019\u00e9quilibre les masses. Lorsque je suis satisfait je m\u2019arr\u00eate, j\u2019accroche au mur et je regarde, je tourne le panneau dans les quatre sens; parfois j\u2019ajoute, je retire ou je br\u00fble. J\u2019invite le spectateur \u00e0 regarder avec son coeur, \u00e0 \u00e9couter ses \u00e9motions. Certains d\u00e9couvrent une nature morte, ou un paysage, ou encore un nu. Chacun rencontre une \u00e9motion diff\u00e9rente ou ne rencontre rien, alors c\u2019est dommage.\u00a0\u00bb  <br><br><em>Jean-Roch Focant<\/em><\/p>\n\n\n\n<p>La mati\u00e8re s\u2019impose en couleurs primaires (rouge, bleu, jaune), notes d\u2019une partition dont il a d\u00e9clin\u00e9 toute la substance depuis trente ans et qu\u2019il parvient encore \u00e0 pousser au-del\u00e0 de l\u2019existant. De la colle, des pigments, du sable comme mati\u00e8res premi\u00e8res dont il tire une palette de variations qui semble illimit\u00e9e. Sa peinture est une r\u00e9\u00e9criture toujours renouvel\u00e9e de la mise en page (son passage professionnel dans le monde de l\u2019impression a laiss\u00e9 son empreinte). On identifie ses ma\u00eetres: Rothko, Bogaert et Polock et tout le chemin qu\u2019il a parcouru, poussant bien au-del\u00e0 l&rsquo;univers de ceux qui ont ouvert sa recherche et ses r\u00e9ussites artistiques. Une joie nous prend face \u00e0 ses oeuvres, cette jouissance qui habite son travail, le soleil, le sourire, l\u2019humanit\u00e9 et la nature ne sont jamais loin.<\/p>\n\n\n\n<p><em>Marc Albert<\/em><\/p>\n\n\n\n<figure class=\"wp-block-image size-large\"><img loading=\"lazy\" decoding=\"async\" width=\"983\" height=\"1024\" src=\"https:\/\/ubiquegallery.be\/wp-content\/uploads\/2020\/12\/jrf-1-983x1024.jpg\" alt=\"\" class=\"wp-image-722\" srcset=\"https:\/\/ubiquegallery.be\/wp-content\/uploads\/2020\/12\/jrf-1-983x1024.jpg 983w, https:\/\/ubiquegallery.be\/wp-content\/uploads\/2020\/12\/jrf-1-288x300.jpg 288w, https:\/\/ubiquegallery.be\/wp-content\/uploads\/2020\/12\/jrf-1-768x800.jpg 768w, https:\/\/ubiquegallery.be\/wp-content\/uploads\/2020\/12\/jrf-1-1474x1536.jpg 1474w, https:\/\/ubiquegallery.be\/wp-content\/uploads\/2020\/12\/jrf-1.jpg 1965w\" sizes=\"auto, (max-width: 767px) 89vw, (max-width: 1000px) 54vw, (max-width: 1071px) 543px, 580px\" \/><\/figure>\n\n\n\n<figure class=\"wp-block-image size-large\"><img loading=\"lazy\" decoding=\"async\" width=\"632\" height=\"640\" src=\"https:\/\/ubiquegallery.be\/wp-content\/uploads\/2020\/12\/jrf2.jpg\" alt=\"\" class=\"wp-image-709\" srcset=\"https:\/\/ubiquegallery.be\/wp-content\/uploads\/2020\/12\/jrf2.jpg 632w, https:\/\/ubiquegallery.be\/wp-content\/uploads\/2020\/12\/jrf2-296x300.jpg 296w, https:\/\/ubiquegallery.be\/wp-content\/uploads\/2020\/12\/jrf2-100x100.jpg 100w\" sizes=\"auto, (max-width: 632px) 100vw, 632px\" \/><\/figure>\n\n\n\n<figure class=\"wp-block-image size-large is-resized\"><img loading=\"lazy\" decoding=\"async\" width=\"605\" height=\"640\" src=\"https:\/\/ubiquegallery.be\/wp-content\/uploads\/2020\/12\/jrf.jpg\" alt=\"\" class=\"wp-image-710\" style=\"width:646px;height:683px\" srcset=\"https:\/\/ubiquegallery.be\/wp-content\/uploads\/2020\/12\/jrf.jpg 605w, https:\/\/ubiquegallery.be\/wp-content\/uploads\/2020\/12\/jrf-284x300.jpg 284w\" sizes=\"auto, (max-width: 605px) 100vw, 605px\" \/><\/figure>\n","protected":false},"excerpt":{"rendered":"<p>\u00ab\u00a0Comme l\u2019\u00e9crivain devant sa feuille blanche, je suis face \u00e0 mon panneau de bois. Le format s\u2019est impos\u00e9, je ne sais jamais pourquoi je prends celui-ci ou celui-l\u00e0. Je n\u2019ai aucune id\u00e9e, aucun projet en t\u00eate. Pourquoi ai-je choisi de pr\u00e9parer une p\u00e2te jaune ou rouge ou bleue? Est-ce la m\u00e9t\u00e9o qui m\u2019influence? Ou peut-\u00eatre &hellip; <\/p>\n<p class=\"link-more\"><a href=\"https:\/\/ubiquegallery.be\/index.php\/jean-roch-focant\/\" class=\"more-link\">Continuer la lecture<span class=\"screen-reader-text\"> de &laquo;&nbsp;Jean-Roch Focant&nbsp;&raquo;<\/span><\/a><\/p>\n","protected":false},"author":1,"featured_media":0,"parent":0,"menu_order":0,"comment_status":"closed","ping_status":"closed","template":"","meta":{"footnotes":""},"class_list":["post-187","page","type-page","status-publish","hentry"],"_links":{"self":[{"href":"https:\/\/ubiquegallery.be\/index.php\/wp-json\/wp\/v2\/pages\/187","targetHints":{"allow":["GET"]}}],"collection":[{"href":"https:\/\/ubiquegallery.be\/index.php\/wp-json\/wp\/v2\/pages"}],"about":[{"href":"https:\/\/ubiquegallery.be\/index.php\/wp-json\/wp\/v2\/types\/page"}],"author":[{"embeddable":true,"href":"https:\/\/ubiquegallery.be\/index.php\/wp-json\/wp\/v2\/users\/1"}],"replies":[{"embeddable":true,"href":"https:\/\/ubiquegallery.be\/index.php\/wp-json\/wp\/v2\/comments?post=187"}],"version-history":[{"count":10,"href":"https:\/\/ubiquegallery.be\/index.php\/wp-json\/wp\/v2\/pages\/187\/revisions"}],"predecessor-version":[{"id":1085,"href":"https:\/\/ubiquegallery.be\/index.php\/wp-json\/wp\/v2\/pages\/187\/revisions\/1085"}],"wp:attachment":[{"href":"https:\/\/ubiquegallery.be\/index.php\/wp-json\/wp\/v2\/media?parent=187"}],"curies":[{"name":"wp","href":"https:\/\/api.w.org\/{rel}","templated":true}]}}