{"id":272,"date":"2020-06-11T16:01:35","date_gmt":"2020-06-11T14:01:35","guid":{"rendered":"https:\/\/ubiquegallery.be\/?page_id=272"},"modified":"2020-06-11T16:01:35","modified_gmt":"2020-06-11T14:01:35","slug":"lara-herbinia","status":"publish","type":"page","link":"https:\/\/ubiquegallery.be\/index.php\/lara-herbinia\/","title":{"rendered":"Lara Herbinia"},"content":{"rendered":"\n<p>Lara Herbinia d\u00e9couvre la photo hors cadre classique, \u00e0 30 ans aux prunes. Elle est tout de suite dans le champ, au c\u0153ur de la cible, dans ses sujets. La photo devient son objectif. Elle apprend \u00e0 ma\u00eetriser les techniques, tout en poursuivant ses activit\u00e9s de professeure. &nbsp;Elle ose, innove. Elle a le don de capter l&rsquo;inattendu, la magie planqu\u00e9e derri\u00e8re les miroirs du quotidien. Elle sait se montrer discr\u00e8te pour, toujours, laisser la place centrale au sujet. Voici qui explique la justesse, solaire ou lunaire selon les personnalit\u00e9s, avec laquelle elle capte&nbsp;artistes, musiciens et chanteurs,&#8230; mais aussi quidams.<\/p>\n\n\n\n<p>L&rsquo;art du portrait qui traque, au fond des yeux, bien au fond, l&rsquo;\u00e9tincelle de vie&nbsp;plut\u00f4t que l&rsquo;ego. Et pas de poses cache-mis\u00e8res ici ! Ainsi se comprend la s\u00e9rie des \u00ab\u00a0Cris\u00a0\u00bb. Comme elle aime saisir les artistes au vol,&nbsp;<em>on stage<\/em>, la photographe recherche l&rsquo;acte primal, sans&nbsp;aff\u00e9terie.Et&nbsp;l&rsquo;instant de v\u00e9rit\u00e9 surgit de l&rsquo;instantan\u00e9.&nbsp;On se doute que celui-ci a n\u00e9cessit\u00e9 de longs moment de r\u00e9flexion, de pr\u00e9paration, de mise en confiance avec le sujet.. Mais on a l&rsquo;\u00e9l\u00e9gance de n&rsquo;en rien montrer.<\/p>\n\n\n\n<p>P. Dungen<\/p>\n\n\n\n<ul class=\"wp-block-gallery columns-3 is-cropped wp-block-gallery-1 is-layout-flex wp-block-gallery-is-layout-flex\"><li class=\"blocks-gallery-item\"><figure><img loading=\"lazy\" decoding=\"async\" width=\"750\" height=\"750\" src=\"https:\/\/ubiquegallery.be\/wp-content\/uploads\/2020\/06\/lar-mado@jungle841.jpg\" alt=\"\" data-id=\"273\" data-link=\"https:\/\/ubiquegallery.be\/?attachment_id=273\" class=\"wp-image-273\" srcset=\"https:\/\/ubiquegallery.be\/wp-content\/uploads\/2020\/06\/lar-mado@jungle841.jpg 750w, https:\/\/ubiquegallery.be\/wp-content\/uploads\/2020\/06\/lar-mado@jungle841-250x250.jpg 250w, https:\/\/ubiquegallery.be\/wp-content\/uploads\/2020\/06\/lar-mado@jungle841-100x100.jpg 100w, https:\/\/ubiquegallery.be\/wp-content\/uploads\/2020\/06\/lar-mado@jungle841-350x350.jpg 350w, https:\/\/ubiquegallery.be\/wp-content\/uploads\/2020\/06\/lar-mado@jungle841-150x150.jpg 150w, https:\/\/ubiquegallery.be\/wp-content\/uploads\/2020\/06\/lar-mado@jungle841-300x300.jpg 300w\" sizes=\"auto, (max-width: 706px) 89vw, (max-width: 767px) 82vw, 740px\" \/><\/figure><\/li><li class=\"blocks-gallery-item\"><figure><img loading=\"lazy\" decoding=\"async\" width=\"750\" height=\"750\" src=\"https:\/\/ubiquegallery.be\/wp-content\/uploads\/2020\/06\/lara-DSC_0775\u00a9LaraHerbinia.jpg\" alt=\"\" data-id=\"274\" data-link=\"https:\/\/ubiquegallery.be\/?attachment_id=274\" class=\"wp-image-274\" srcset=\"https:\/\/ubiquegallery.be\/wp-content\/uploads\/2020\/06\/lara-DSC_0775\u00a9LaraHerbinia.jpg 750w, https:\/\/ubiquegallery.be\/wp-content\/uploads\/2020\/06\/lara-DSC_0775\u00a9LaraHerbinia-250x250.jpg 250w, https:\/\/ubiquegallery.be\/wp-content\/uploads\/2020\/06\/lara-DSC_0775\u00a9LaraHerbinia-100x100.jpg 100w, https:\/\/ubiquegallery.be\/wp-content\/uploads\/2020\/06\/lara-DSC_0775\u00a9LaraHerbinia-350x350.jpg 350w, https:\/\/ubiquegallery.be\/wp-content\/uploads\/2020\/06\/lara-DSC_0775\u00a9LaraHerbinia-150x150.jpg 150w, https:\/\/ubiquegallery.be\/wp-content\/uploads\/2020\/06\/lara-DSC_0775\u00a9LaraHerbinia-300x300.jpg 300w\" sizes=\"auto, (max-width: 706px) 89vw, (max-width: 767px) 82vw, 740px\" \/><\/figure><\/li><li class=\"blocks-gallery-item\"><figure><img loading=\"lazy\" decoding=\"async\" width=\"750\" height=\"750\" src=\"https:\/\/ubiquegallery.be\/wp-content\/uploads\/2020\/06\/lara-DSC_2343.jpg\" alt=\"\" data-id=\"275\" data-link=\"https:\/\/ubiquegallery.be\/?attachment_id=275\" class=\"wp-image-275\" srcset=\"https:\/\/ubiquegallery.be\/wp-content\/uploads\/2020\/06\/lara-DSC_2343.jpg 750w, https:\/\/ubiquegallery.be\/wp-content\/uploads\/2020\/06\/lara-DSC_2343-250x250.jpg 250w, https:\/\/ubiquegallery.be\/wp-content\/uploads\/2020\/06\/lara-DSC_2343-100x100.jpg 100w, https:\/\/ubiquegallery.be\/wp-content\/uploads\/2020\/06\/lara-DSC_2343-350x350.jpg 350w, https:\/\/ubiquegallery.be\/wp-content\/uploads\/2020\/06\/lara-DSC_2343-150x150.jpg 150w, https:\/\/ubiquegallery.be\/wp-content\/uploads\/2020\/06\/lara-DSC_2343-300x300.jpg 300w\" sizes=\"auto, (max-width: 706px) 89vw, (max-width: 767px) 82vw, 740px\" \/><\/figure><\/li><li class=\"blocks-gallery-item\"><figure><img loading=\"lazy\" decoding=\"async\" width=\"750\" height=\"750\" src=\"https:\/\/ubiquegallery.be\/wp-content\/uploads\/2020\/06\/lara-hudsonbotarp1887.jpg\" alt=\"\" data-id=\"276\" data-link=\"https:\/\/ubiquegallery.be\/?attachment_id=276\" class=\"wp-image-276\" srcset=\"https:\/\/ubiquegallery.be\/wp-content\/uploads\/2020\/06\/lara-hudsonbotarp1887.jpg 750w, https:\/\/ubiquegallery.be\/wp-content\/uploads\/2020\/06\/lara-hudsonbotarp1887-250x250.jpg 250w, https:\/\/ubiquegallery.be\/wp-content\/uploads\/2020\/06\/lara-hudsonbotarp1887-100x100.jpg 100w, https:\/\/ubiquegallery.be\/wp-content\/uploads\/2020\/06\/lara-hudsonbotarp1887-350x350.jpg 350w, https:\/\/ubiquegallery.be\/wp-content\/uploads\/2020\/06\/lara-hudsonbotarp1887-150x150.jpg 150w, https:\/\/ubiquegallery.be\/wp-content\/uploads\/2020\/06\/lara-hudsonbotarp1887-300x300.jpg 300w\" sizes=\"auto, (max-width: 706px) 89vw, (max-width: 767px) 82vw, 740px\" \/><\/figure><\/li><li class=\"blocks-gallery-item\"><figure><img loading=\"lazy\" decoding=\"async\" width=\"750\" height=\"750\" src=\"https:\/\/ubiquegallery.be\/wp-content\/uploads\/2020\/06\/lara-hudsonbotarp1903.jpg\" alt=\"\" data-id=\"277\" data-link=\"https:\/\/ubiquegallery.be\/?attachment_id=277\" class=\"wp-image-277\" srcset=\"https:\/\/ubiquegallery.be\/wp-content\/uploads\/2020\/06\/lara-hudsonbotarp1903.jpg 750w, https:\/\/ubiquegallery.be\/wp-content\/uploads\/2020\/06\/lara-hudsonbotarp1903-250x250.jpg 250w, https:\/\/ubiquegallery.be\/wp-content\/uploads\/2020\/06\/lara-hudsonbotarp1903-100x100.jpg 100w, https:\/\/ubiquegallery.be\/wp-content\/uploads\/2020\/06\/lara-hudsonbotarp1903-350x350.jpg 350w, https:\/\/ubiquegallery.be\/wp-content\/uploads\/2020\/06\/lara-hudsonbotarp1903-150x150.jpg 150w, https:\/\/ubiquegallery.be\/wp-content\/uploads\/2020\/06\/lara-hudsonbotarp1903-300x300.jpg 300w\" sizes=\"auto, (max-width: 706px) 89vw, (max-width: 767px) 82vw, 740px\" \/><\/figure><\/li><li class=\"blocks-gallery-item\"><figure><img loading=\"lazy\" decoding=\"async\" width=\"750\" height=\"750\" src=\"https:\/\/ubiquegallery.be\/wp-content\/uploads\/2020\/06\/lara-mado@jungle860.jpg\" alt=\"\" data-id=\"278\" data-link=\"https:\/\/ubiquegallery.be\/?attachment_id=278\" class=\"wp-image-278\" srcset=\"https:\/\/ubiquegallery.be\/wp-content\/uploads\/2020\/06\/lara-mado@jungle860.jpg 750w, https:\/\/ubiquegallery.be\/wp-content\/uploads\/2020\/06\/lara-mado@jungle860-250x250.jpg 250w, https:\/\/ubiquegallery.be\/wp-content\/uploads\/2020\/06\/lara-mado@jungle860-100x100.jpg 100w, https:\/\/ubiquegallery.be\/wp-content\/uploads\/2020\/06\/lara-mado@jungle860-350x350.jpg 350w, https:\/\/ubiquegallery.be\/wp-content\/uploads\/2020\/06\/lara-mado@jungle860-150x150.jpg 150w, https:\/\/ubiquegallery.be\/wp-content\/uploads\/2020\/06\/lara-mado@jungle860-300x300.jpg 300w\" sizes=\"auto, (max-width: 706px) 89vw, (max-width: 767px) 82vw, 740px\" \/><\/figure><\/li><\/ul>\n","protected":false},"excerpt":{"rendered":"<p>Lara Herbinia d\u00e9couvre la photo hors cadre classique, \u00e0 30 ans aux prunes. Elle est tout de suite dans le champ, au c\u0153ur de la cible, dans ses sujets. La photo devient son objectif. Elle apprend \u00e0 ma\u00eetriser les techniques, tout en poursuivant ses activit\u00e9s de professeure. &nbsp;Elle ose, innove. Elle a le don de &hellip; <\/p>\n<p class=\"link-more\"><a href=\"https:\/\/ubiquegallery.be\/index.php\/lara-herbinia\/\" class=\"more-link\">Continuer la lecture<span class=\"screen-reader-text\"> de &laquo;&nbsp;Lara Herbinia&nbsp;&raquo;<\/span><\/a><\/p>\n","protected":false},"author":1,"featured_media":0,"parent":0,"menu_order":0,"comment_status":"closed","ping_status":"closed","template":"","meta":{"footnotes":""},"class_list":["post-272","page","type-page","status-publish","hentry"],"_links":{"self":[{"href":"https:\/\/ubiquegallery.be\/index.php\/wp-json\/wp\/v2\/pages\/272","targetHints":{"allow":["GET"]}}],"collection":[{"href":"https:\/\/ubiquegallery.be\/index.php\/wp-json\/wp\/v2\/pages"}],"about":[{"href":"https:\/\/ubiquegallery.be\/index.php\/wp-json\/wp\/v2\/types\/page"}],"author":[{"embeddable":true,"href":"https:\/\/ubiquegallery.be\/index.php\/wp-json\/wp\/v2\/users\/1"}],"replies":[{"embeddable":true,"href":"https:\/\/ubiquegallery.be\/index.php\/wp-json\/wp\/v2\/comments?post=272"}],"version-history":[{"count":1,"href":"https:\/\/ubiquegallery.be\/index.php\/wp-json\/wp\/v2\/pages\/272\/revisions"}],"predecessor-version":[{"id":279,"href":"https:\/\/ubiquegallery.be\/index.php\/wp-json\/wp\/v2\/pages\/272\/revisions\/279"}],"wp:attachment":[{"href":"https:\/\/ubiquegallery.be\/index.php\/wp-json\/wp\/v2\/media?parent=272"}],"curies":[{"name":"wp","href":"https:\/\/api.w.org\/{rel}","templated":true}]}}