{"id":28,"date":"2018-06-13T11:16:45","date_gmt":"2018-06-13T09:16:45","guid":{"rendered":"http:\/\/ubiquegallery.be\/?page_id=28"},"modified":"2022-07-12T20:37:14","modified_gmt":"2022-07-12T18:37:14","slug":"artistes","status":"publish","type":"page","link":"https:\/\/ubiquegallery.be\/index.php\/artistes\/","title":{"rendered":"Les artistes"},"content":{"rendered":"\n\n\nEn permanence \u00e0 la galerie:\n<ul class=\"sub-menu\">\n\n<li id=\"menu-item-135\" class=\"menu-item menu-item-type-post_type menu-item-object-page menu-item-135\"><a href=\"https:\/\/ubiquegallery.be\/index.php\/christian-vandelois\/\">Christian Vandelois<\/a><\/li>\n<li id=\"menu-item-250\" class=\"menu-item menu-item-type-post_type menu-item-object-page menu-item-250\"><a href=\"https:\/\/ubiquegallery.be\/index.php\/david-deweerdt\/\">David Deweerdt<\/a><\/li>\n\n\n<li id=\"menu-item-136\" class=\"menu-item menu-item-type-post_type menu-item-object-page menu-item-136 focus\"><a href=\"https:\/\/ubiquegallery.be\/index.php\/dan-arcus\/\">Dan Arcus<\/a><\/li>\n\n\n<li id=\"menu-item-136\" class=\"menu-item menu-item-type-post_type menu-item-object-page menu-item-136 focus\"><a href=\"https:\/\/ubiquegallery.be\/index.php\/alain-dauchot\/\">Alain Dauchot<\/a><\/li>\n\n<li id=\"menu-item-190\" class=\"menu-item menu-item-type-post_type menu-item-object-page menu-item-190\"><a href=\"https:\/\/ubiquegallery.be\/index.php\/jean-roch-focant\/\">Jean-Roch Focant<\/a><\/li>\n\n<li id=\"menu-item-162\" class=\"menu-item menu-item-type-post_type menu-item-object-page menu-item-162\"><a href=\"https:\/\/ubiquegallery.be\/index.php\/frederique-longree\/\">Fr\u00e9d\u00e9rique Longr\u00e9e<\/a><\/li>\n<li><a href=\"https:\/\/ubiquegallery.be\/index.php\/marc-albert\/\">Marc Albert<\/a><\/li>\n<li><a href=\"https:\/\/ubiquegallery.be\/index.php\/aldo-parvillez\/\">Aldo Parvillez<\/a><\/li>\n\n\n<li><a href=\"https:\/\/ubiquegallery.be\/index.php\/jean-marie-monin\/\">Jean-Marie Monin<\/a><\/li>\n\n\n<li><a href=\"https:\/\/ubiquegallery.be\/index.php\/mac-hook\/\">Mac Hook<\/a><\/li>\n<li><a href=\"https:\/\/ubiquegallery.be\/index.php\/frederic-kappa\/\">Fr\u00e9d\u00e9ric Kappa<\/a><\/li>\n\n<\/ul>\n\n\n\nArtistes qui ont particip\u00e9 \u00e0 une exposition de la  galerie:<ul class=\"sub-menu\">\n<li><a href=\"https:\/\/ubiquegallery.be\/index.php\/eric-hock\/\">Eric Hock<\/a><\/li>\n<li><a href=\"https:\/\/ubiquegallery.be\/index.php\/romain-menu\/\">Faker<\/a><\/li>\n<li><a href=\"https:\/\/ubiquegallery.be\/index.php\/marie-madeleine-geluck-gerard\/\">Marie-Madeleine Geluck-Gerard<\/a><\/li>\n\n<li><a href=\"https:\/\/ubiquegallery.be\/index.php\/jean-christophe-geluck\/\">Jean-Christophe Geluck<\/a><\/li>\n<li><a href=\"https:\/\/ubiquegallery.be\/index.php\/christian-dugardeyn\/\">Christian Dugardeyn<\/a><\/li>\n<li><a href=\"https:\/\/ubiquegallery.be\/index.php\/lara-herbinia\/\">Lara Herbinia<\/a><\/li>\n<li><a href=\"https:\/\/ubiquegallery.be\/index.php\/stephane-gillain\/\">St\u00e9phane Gillain<\/a><\/li>\n<\/ul>\n\n\n\n<p><\/p>\n","protected":false},"excerpt":{"rendered":"<p>En permanence \u00e0 la galerie: Christian Vandelois David Deweerdt Dan Arcus Alain Dauchot Jean-Roch Focant Fr\u00e9d\u00e9rique Longr\u00e9e Marc Albert Aldo Parvillez Jean-Marie Monin Mac Hook Fr\u00e9d\u00e9ric Kappa Artistes qui ont particip\u00e9 \u00e0 une exposition de la galerie: Eric Hock Faker Marie-Madeleine Geluck-Gerard Jean-Christophe Geluck Christian Dugardeyn Lara Herbinia St\u00e9phane Gillain<\/p>\n","protected":false},"author":1,"featured_media":0,"parent":0,"menu_order":0,"comment_status":"closed","ping_status":"closed","template":"","meta":{"footnotes":""},"class_list":["post-28","page","type-page","status-publish","hentry"],"_links":{"self":[{"href":"https:\/\/ubiquegallery.be\/index.php\/wp-json\/wp\/v2\/pages\/28","targetHints":{"allow":["GET"]}}],"collection":[{"href":"https:\/\/ubiquegallery.be\/index.php\/wp-json\/wp\/v2\/pages"}],"about":[{"href":"https:\/\/ubiquegallery.be\/index.php\/wp-json\/wp\/v2\/types\/page"}],"author":[{"embeddable":true,"href":"https:\/\/ubiquegallery.be\/index.php\/wp-json\/wp\/v2\/users\/1"}],"replies":[{"embeddable":true,"href":"https:\/\/ubiquegallery.be\/index.php\/wp-json\/wp\/v2\/comments?post=28"}],"version-history":[{"count":41,"href":"https:\/\/ubiquegallery.be\/index.php\/wp-json\/wp\/v2\/pages\/28\/revisions"}],"predecessor-version":[{"id":1022,"href":"https:\/\/ubiquegallery.be\/index.php\/wp-json\/wp\/v2\/pages\/28\/revisions\/1022"}],"wp:attachment":[{"href":"https:\/\/ubiquegallery.be\/index.php\/wp-json\/wp\/v2\/media?parent=28"}],"curies":[{"name":"wp","href":"https:\/\/api.w.org\/{rel}","templated":true}]}}