{"id":324,"date":"2020-09-01T13:44:40","date_gmt":"2020-09-01T11:44:40","guid":{"rendered":"https:\/\/ubiquegallery.be\/?page_id=324"},"modified":"2020-09-28T20:38:37","modified_gmt":"2020-09-28T18:38:37","slug":"christian-dugardeyn","status":"publish","type":"page","link":"https:\/\/ubiquegallery.be\/index.php\/christian-dugardeyn\/","title":{"rendered":"Christian Dugardeyn"},"content":{"rendered":"\n<p>Christian Dugardeyn (DUGA) est un artiste belge n\u00e9 \u00e0 Bruxelles en 1963. Etudiant \u00e0 la fois  aux Beaux-Arts et en facult\u00e9 de m\u00e9decine son langage se nourrit d&rsquo;une expression libre et de son univers de m\u00e9decin radiologue. <\/p>\n\n\n\n<figure class=\"wp-block-gallery columns-1 is-cropped wp-block-gallery-1 is-layout-flex wp-block-gallery-is-layout-flex\"><ul class=\"blocks-gallery-grid\"><li class=\"blocks-gallery-item\"><figure><img loading=\"lazy\" decoding=\"async\" width=\"816\" height=\"1024\" src=\"https:\/\/ubiquegallery.be\/wp-content\/uploads\/2020\/09\/2-Im-a-Hyperactive-.-encre-sur-planche-Sobotta-20-x-25-cm-copie-816x1024.jpg\" alt=\"\" data-id=\"325\" data-link=\"https:\/\/ubiquegallery.be\/?attachment_id=325\" class=\"wp-image-325\" srcset=\"https:\/\/ubiquegallery.be\/wp-content\/uploads\/2020\/09\/2-Im-a-Hyperactive-.-encre-sur-planche-Sobotta-20-x-25-cm-copie-816x1024.jpg 816w, https:\/\/ubiquegallery.be\/wp-content\/uploads\/2020\/09\/2-Im-a-Hyperactive-.-encre-sur-planche-Sobotta-20-x-25-cm-copie-scaled-250x314.jpg 250w, https:\/\/ubiquegallery.be\/wp-content\/uploads\/2020\/09\/2-Im-a-Hyperactive-.-encre-sur-planche-Sobotta-20-x-25-cm-copie-scaled-350x439.jpg 350w, https:\/\/ubiquegallery.be\/wp-content\/uploads\/2020\/09\/2-Im-a-Hyperactive-.-encre-sur-planche-Sobotta-20-x-25-cm-copie-239x300.jpg 239w, https:\/\/ubiquegallery.be\/wp-content\/uploads\/2020\/09\/2-Im-a-Hyperactive-.-encre-sur-planche-Sobotta-20-x-25-cm-copie-768x963.jpg 768w, https:\/\/ubiquegallery.be\/wp-content\/uploads\/2020\/09\/2-Im-a-Hyperactive-.-encre-sur-planche-Sobotta-20-x-25-cm-copie-scaled.jpg 2041w\" sizes=\"auto, (max-width: 767px) 89vw, (max-width: 1000px) 54vw, (max-width: 1071px) 543px, 580px\" \/><\/figure><\/li><li class=\"blocks-gallery-item\"><figure><img loading=\"lazy\" decoding=\"async\" width=\"821\" height=\"1024\" src=\"https:\/\/ubiquegallery.be\/wp-content\/uploads\/2020\/09\/10-Disarticulated-man-.-encre-sur-planche-Sobotta-20-x-25-cm-copie-821x1024.jpg\" alt=\"\" data-id=\"326\" data-link=\"https:\/\/ubiquegallery.be\/?attachment_id=326\" class=\"wp-image-326\" srcset=\"https:\/\/ubiquegallery.be\/wp-content\/uploads\/2020\/09\/10-Disarticulated-man-.-encre-sur-planche-Sobotta-20-x-25-cm-copie-821x1024.jpg 821w, https:\/\/ubiquegallery.be\/wp-content\/uploads\/2020\/09\/10-Disarticulated-man-.-encre-sur-planche-Sobotta-20-x-25-cm-copie-scaled-250x312.jpg 250w, https:\/\/ubiquegallery.be\/wp-content\/uploads\/2020\/09\/10-Disarticulated-man-.-encre-sur-planche-Sobotta-20-x-25-cm-copie-scaled-350x437.jpg 350w, https:\/\/ubiquegallery.be\/wp-content\/uploads\/2020\/09\/10-Disarticulated-man-.-encre-sur-planche-Sobotta-20-x-25-cm-copie-240x300.jpg 240w, https:\/\/ubiquegallery.be\/wp-content\/uploads\/2020\/09\/10-Disarticulated-man-.-encre-sur-planche-Sobotta-20-x-25-cm-copie-768x958.jpg 768w\" sizes=\"auto, (max-width: 767px) 89vw, (max-width: 1000px) 54vw, (max-width: 1071px) 543px, 580px\" \/><\/figure><\/li><li class=\"blocks-gallery-item\"><figure><img loading=\"lazy\" decoding=\"async\" width=\"816\" height=\"1024\" src=\"https:\/\/ubiquegallery.be\/wp-content\/uploads\/2020\/09\/53-Explosion-nucle\u0301aire-programme\u0301e-.-encre-sur-planche-Sobotta-20-x-25-cm-copie-816x1024.jpg\" alt=\"\" data-id=\"327\" data-link=\"https:\/\/ubiquegallery.be\/?attachment_id=327\" class=\"wp-image-327\" srcset=\"https:\/\/ubiquegallery.be\/wp-content\/uploads\/2020\/09\/53-Explosion-nucle\u0301aire-programme\u0301e-.-encre-sur-planche-Sobotta-20-x-25-cm-copie-816x1024.jpg 816w, https:\/\/ubiquegallery.be\/wp-content\/uploads\/2020\/09\/53-Explosion-nucle\u0301aire-programme\u0301e-.-encre-sur-planche-Sobotta-20-x-25-cm-copie-scaled-250x314.jpg 250w, https:\/\/ubiquegallery.be\/wp-content\/uploads\/2020\/09\/53-Explosion-nucle\u0301aire-programme\u0301e-.-encre-sur-planche-Sobotta-20-x-25-cm-copie-scaled-350x439.jpg 350w, https:\/\/ubiquegallery.be\/wp-content\/uploads\/2020\/09\/53-Explosion-nucle\u0301aire-programme\u0301e-.-encre-sur-planche-Sobotta-20-x-25-cm-copie-239x300.jpg 239w, https:\/\/ubiquegallery.be\/wp-content\/uploads\/2020\/09\/53-Explosion-nucle\u0301aire-programme\u0301e-.-encre-sur-planche-Sobotta-20-x-25-cm-copie-768x964.jpg 768w, https:\/\/ubiquegallery.be\/wp-content\/uploads\/2020\/09\/53-Explosion-nucle\u0301aire-programme\u0301e-.-encre-sur-planche-Sobotta-20-x-25-cm-copie-scaled.jpg 2040w\" sizes=\"auto, (max-width: 767px) 89vw, (max-width: 1000px) 54vw, (max-width: 1071px) 543px, 580px\" \/><\/figure><\/li><li class=\"blocks-gallery-item\"><figure><img loading=\"lazy\" decoding=\"async\" width=\"820\" height=\"1024\" src=\"https:\/\/ubiquegallery.be\/wp-content\/uploads\/2020\/09\/61-Je-croque-la-vie-a\u0300-pleines-dents-.-encre-sur-planche-Sobotta-20-x-25-cm-copie-820x1024.jpg\" alt=\"\" data-id=\"328\" data-link=\"https:\/\/ubiquegallery.be\/?attachment_id=328\" class=\"wp-image-328\" srcset=\"https:\/\/ubiquegallery.be\/wp-content\/uploads\/2020\/09\/61-Je-croque-la-vie-a\u0300-pleines-dents-.-encre-sur-planche-Sobotta-20-x-25-cm-copie-820x1024.jpg 820w, https:\/\/ubiquegallery.be\/wp-content\/uploads\/2020\/09\/61-Je-croque-la-vie-a\u0300-pleines-dents-.-encre-sur-planche-Sobotta-20-x-25-cm-copie-scaled-250x312.jpg 250w, https:\/\/ubiquegallery.be\/wp-content\/uploads\/2020\/09\/61-Je-croque-la-vie-a\u0300-pleines-dents-.-encre-sur-planche-Sobotta-20-x-25-cm-copie-scaled-350x437.jpg 350w, https:\/\/ubiquegallery.be\/wp-content\/uploads\/2020\/09\/61-Je-croque-la-vie-a\u0300-pleines-dents-.-encre-sur-planche-Sobotta-20-x-25-cm-copie-240x300.jpg 240w, https:\/\/ubiquegallery.be\/wp-content\/uploads\/2020\/09\/61-Je-croque-la-vie-a\u0300-pleines-dents-.-encre-sur-planche-Sobotta-20-x-25-cm-copie-768x959.jpg 768w\" sizes=\"auto, (max-width: 767px) 89vw, (max-width: 1000px) 54vw, (max-width: 1071px) 543px, 580px\" \/><\/figure><\/li><li class=\"blocks-gallery-item\"><figure><img loading=\"lazy\" decoding=\"async\" width=\"817\" height=\"1024\" src=\"https:\/\/ubiquegallery.be\/wp-content\/uploads\/2020\/09\/74-La-vie-est-un-jeu-cochle\u0301aire-.-encre-sur-planche-Sobotta-20-x-25-cm-copie-817x1024.jpg\" alt=\"\" data-id=\"329\" data-link=\"https:\/\/ubiquegallery.be\/?attachment_id=329\" class=\"wp-image-329\" srcset=\"https:\/\/ubiquegallery.be\/wp-content\/uploads\/2020\/09\/74-La-vie-est-un-jeu-cochle\u0301aire-.-encre-sur-planche-Sobotta-20-x-25-cm-copie-817x1024.jpg 817w, https:\/\/ubiquegallery.be\/wp-content\/uploads\/2020\/09\/74-La-vie-est-un-jeu-cochle\u0301aire-.-encre-sur-planche-Sobotta-20-x-25-cm-copie-scaled-250x313.jpg 250w, https:\/\/ubiquegallery.be\/wp-content\/uploads\/2020\/09\/74-La-vie-est-un-jeu-cochle\u0301aire-.-encre-sur-planche-Sobotta-20-x-25-cm-copie-scaled-350x439.jpg 350w, https:\/\/ubiquegallery.be\/wp-content\/uploads\/2020\/09\/74-La-vie-est-un-jeu-cochle\u0301aire-.-encre-sur-planche-Sobotta-20-x-25-cm-copie-239x300.jpg 239w, https:\/\/ubiquegallery.be\/wp-content\/uploads\/2020\/09\/74-La-vie-est-un-jeu-cochle\u0301aire-.-encre-sur-planche-Sobotta-20-x-25-cm-copie-768x963.jpg 768w, https:\/\/ubiquegallery.be\/wp-content\/uploads\/2020\/09\/74-La-vie-est-un-jeu-cochle\u0301aire-.-encre-sur-planche-Sobotta-20-x-25-cm-copie-scaled.jpg 2042w\" sizes=\"auto, (max-width: 767px) 89vw, (max-width: 1000px) 54vw, (max-width: 1071px) 543px, 580px\" \/><\/figure><\/li><li class=\"blocks-gallery-item\"><figure><img loading=\"lazy\" decoding=\"async\" width=\"789\" height=\"1024\" src=\"https:\/\/ubiquegallery.be\/wp-content\/uploads\/2020\/09\/105-Sous-le-soleil-exactement-.-encre-sur-planche-Sobotta-20-x-25-cm-copie-789x1024.jpg\" alt=\"\" data-id=\"330\" data-link=\"https:\/\/ubiquegallery.be\/?attachment_id=330\" class=\"wp-image-330\" srcset=\"https:\/\/ubiquegallery.be\/wp-content\/uploads\/2020\/09\/105-Sous-le-soleil-exactement-.-encre-sur-planche-Sobotta-20-x-25-cm-copie-789x1024.jpg 789w, https:\/\/ubiquegallery.be\/wp-content\/uploads\/2020\/09\/105-Sous-le-soleil-exactement-.-encre-sur-planche-Sobotta-20-x-25-cm-copie-scaled-250x324.jpg 250w, https:\/\/ubiquegallery.be\/wp-content\/uploads\/2020\/09\/105-Sous-le-soleil-exactement-.-encre-sur-planche-Sobotta-20-x-25-cm-copie-scaled-350x454.jpg 350w, https:\/\/ubiquegallery.be\/wp-content\/uploads\/2020\/09\/105-Sous-le-soleil-exactement-.-encre-sur-planche-Sobotta-20-x-25-cm-copie-231x300.jpg 231w, https:\/\/ubiquegallery.be\/wp-content\/uploads\/2020\/09\/105-Sous-le-soleil-exactement-.-encre-sur-planche-Sobotta-20-x-25-cm-copie-768x996.jpg 768w, https:\/\/ubiquegallery.be\/wp-content\/uploads\/2020\/09\/105-Sous-le-soleil-exactement-.-encre-sur-planche-Sobotta-20-x-25-cm-copie-scaled.jpg 1973w\" sizes=\"auto, (max-width: 767px) 89vw, (max-width: 1000px) 54vw, (max-width: 1071px) 543px, 580px\" \/><\/figure><\/li><li class=\"blocks-gallery-item\"><figure><img loading=\"lazy\" decoding=\"async\" width=\"821\" height=\"1024\" src=\"https:\/\/ubiquegallery.be\/wp-content\/uploads\/2020\/09\/124-Sport-is-good-for-the-lung-.-encre-sur-planche-Sobotta-20-x-25-cm-copie-821x1024.jpg\" alt=\"\" data-id=\"331\" data-link=\"https:\/\/ubiquegallery.be\/?attachment_id=331\" class=\"wp-image-331\" srcset=\"https:\/\/ubiquegallery.be\/wp-content\/uploads\/2020\/09\/124-Sport-is-good-for-the-lung-.-encre-sur-planche-Sobotta-20-x-25-cm-copie-821x1024.jpg 821w, https:\/\/ubiquegallery.be\/wp-content\/uploads\/2020\/09\/124-Sport-is-good-for-the-lung-.-encre-sur-planche-Sobotta-20-x-25-cm-copie-scaled-250x312.jpg 250w, https:\/\/ubiquegallery.be\/wp-content\/uploads\/2020\/09\/124-Sport-is-good-for-the-lung-.-encre-sur-planche-Sobotta-20-x-25-cm-copie-scaled-350x436.jpg 350w, https:\/\/ubiquegallery.be\/wp-content\/uploads\/2020\/09\/124-Sport-is-good-for-the-lung-.-encre-sur-planche-Sobotta-20-x-25-cm-copie-241x300.jpg 241w, https:\/\/ubiquegallery.be\/wp-content\/uploads\/2020\/09\/124-Sport-is-good-for-the-lung-.-encre-sur-planche-Sobotta-20-x-25-cm-copie-768x958.jpg 768w\" sizes=\"auto, (max-width: 767px) 89vw, (max-width: 1000px) 54vw, (max-width: 1071px) 543px, 580px\" \/><\/figure><\/li><li class=\"blocks-gallery-item\"><figure><img loading=\"lazy\" decoding=\"async\" width=\"823\" height=\"1024\" src=\"https:\/\/ubiquegallery.be\/wp-content\/uploads\/2020\/09\/132-Dancing-in-the-dark-with-the-blue-moon-.-encre-sur-planche-Sobotta-20-x-25-cm-copie-823x1024.jpg\" alt=\"\" data-id=\"332\" data-link=\"https:\/\/ubiquegallery.be\/?attachment_id=332\" class=\"wp-image-332\" srcset=\"https:\/\/ubiquegallery.be\/wp-content\/uploads\/2020\/09\/132-Dancing-in-the-dark-with-the-blue-moon-.-encre-sur-planche-Sobotta-20-x-25-cm-copie-823x1024.jpg 823w, https:\/\/ubiquegallery.be\/wp-content\/uploads\/2020\/09\/132-Dancing-in-the-dark-with-the-blue-moon-.-encre-sur-planche-Sobotta-20-x-25-cm-copie-scaled-250x311.jpg 250w, https:\/\/ubiquegallery.be\/wp-content\/uploads\/2020\/09\/132-Dancing-in-the-dark-with-the-blue-moon-.-encre-sur-planche-Sobotta-20-x-25-cm-copie-scaled-350x436.jpg 350w, https:\/\/ubiquegallery.be\/wp-content\/uploads\/2020\/09\/132-Dancing-in-the-dark-with-the-blue-moon-.-encre-sur-planche-Sobotta-20-x-25-cm-copie-241x300.jpg 241w, https:\/\/ubiquegallery.be\/wp-content\/uploads\/2020\/09\/132-Dancing-in-the-dark-with-the-blue-moon-.-encre-sur-planche-Sobotta-20-x-25-cm-copie-768x956.jpg 768w\" sizes=\"auto, (max-width: 767px) 89vw, (max-width: 1000px) 54vw, (max-width: 1071px) 543px, 580px\" \/><\/figure><\/li><li class=\"blocks-gallery-item\"><figure><img loading=\"lazy\" decoding=\"async\" width=\"819\" height=\"1024\" src=\"https:\/\/ubiquegallery.be\/wp-content\/uploads\/2020\/09\/146-Jai-une-tronche-sympathique-..Non_-.-encre-sur-planche-Sobotta-20-x-25-cm-copie-819x1024.jpg\" alt=\"\" data-id=\"333\" data-link=\"https:\/\/ubiquegallery.be\/?attachment_id=333\" class=\"wp-image-333\" srcset=\"https:\/\/ubiquegallery.be\/wp-content\/uploads\/2020\/09\/146-Jai-une-tronche-sympathique-..Non_-.-encre-sur-planche-Sobotta-20-x-25-cm-copie-819x1024.jpg 819w, https:\/\/ubiquegallery.be\/wp-content\/uploads\/2020\/09\/146-Jai-une-tronche-sympathique-..Non_-.-encre-sur-planche-Sobotta-20-x-25-cm-copie-scaled-250x313.jpg 250w, https:\/\/ubiquegallery.be\/wp-content\/uploads\/2020\/09\/146-Jai-une-tronche-sympathique-..Non_-.-encre-sur-planche-Sobotta-20-x-25-cm-copie-scaled-350x438.jpg 350w, https:\/\/ubiquegallery.be\/wp-content\/uploads\/2020\/09\/146-Jai-une-tronche-sympathique-..Non_-.-encre-sur-planche-Sobotta-20-x-25-cm-copie-240x300.jpg 240w, https:\/\/ubiquegallery.be\/wp-content\/uploads\/2020\/09\/146-Jai-une-tronche-sympathique-..Non_-.-encre-sur-planche-Sobotta-20-x-25-cm-copie-768x960.jpg 768w, https:\/\/ubiquegallery.be\/wp-content\/uploads\/2020\/09\/146-Jai-une-tronche-sympathique-..Non_-.-encre-sur-planche-Sobotta-20-x-25-cm-copie-scaled.jpg 2048w\" sizes=\"auto, (max-width: 767px) 89vw, (max-width: 1000px) 54vw, (max-width: 1071px) 543px, 580px\" \/><\/figure><\/li><li class=\"blocks-gallery-item\"><figure><img loading=\"lazy\" decoding=\"async\" width=\"815\" height=\"1024\" src=\"https:\/\/ubiquegallery.be\/wp-content\/uploads\/2020\/09\/163-Liberte\u0301-du-coeur-.-encre-sur-planche-Sobotta-20-x-25-cm-copie-815x1024.jpg\" alt=\"\" data-id=\"334\" data-link=\"https:\/\/ubiquegallery.be\/?attachment_id=334\" class=\"wp-image-334\" srcset=\"https:\/\/ubiquegallery.be\/wp-content\/uploads\/2020\/09\/163-Liberte\u0301-du-coeur-.-encre-sur-planche-Sobotta-20-x-25-cm-copie-815x1024.jpg 815w, https:\/\/ubiquegallery.be\/wp-content\/uploads\/2020\/09\/163-Liberte\u0301-du-coeur-.-encre-sur-planche-Sobotta-20-x-25-cm-copie-scaled-250x314.jpg 250w, https:\/\/ubiquegallery.be\/wp-content\/uploads\/2020\/09\/163-Liberte\u0301-du-coeur-.-encre-sur-planche-Sobotta-20-x-25-cm-copie-scaled-350x440.jpg 350w, https:\/\/ubiquegallery.be\/wp-content\/uploads\/2020\/09\/163-Liberte\u0301-du-coeur-.-encre-sur-planche-Sobotta-20-x-25-cm-copie-239x300.jpg 239w, https:\/\/ubiquegallery.be\/wp-content\/uploads\/2020\/09\/163-Liberte\u0301-du-coeur-.-encre-sur-planche-Sobotta-20-x-25-cm-copie-768x965.jpg 768w, https:\/\/ubiquegallery.be\/wp-content\/uploads\/2020\/09\/163-Liberte\u0301-du-coeur-.-encre-sur-planche-Sobotta-20-x-25-cm-copie-scaled.jpg 2037w\" sizes=\"auto, (max-width: 767px) 89vw, (max-width: 1000px) 54vw, (max-width: 1071px) 543px, 580px\" \/><\/figure><\/li><\/ul><\/figure>\n","protected":false},"excerpt":{"rendered":"<p>Christian Dugardeyn (DUGA) est un artiste belge n\u00e9 \u00e0 Bruxelles en 1963. Etudiant \u00e0 la fois aux Beaux-Arts et en facult\u00e9 de m\u00e9decine son langage se nourrit d&rsquo;une expression libre et de son univers de m\u00e9decin radiologue.<\/p>\n","protected":false},"author":1,"featured_media":0,"parent":0,"menu_order":0,"comment_status":"closed","ping_status":"closed","template":"","meta":{"footnotes":""},"class_list":["post-324","page","type-page","status-publish","hentry"],"_links":{"self":[{"href":"https:\/\/ubiquegallery.be\/index.php\/wp-json\/wp\/v2\/pages\/324","targetHints":{"allow":["GET"]}}],"collection":[{"href":"https:\/\/ubiquegallery.be\/index.php\/wp-json\/wp\/v2\/pages"}],"about":[{"href":"https:\/\/ubiquegallery.be\/index.php\/wp-json\/wp\/v2\/types\/page"}],"author":[{"embeddable":true,"href":"https:\/\/ubiquegallery.be\/index.php\/wp-json\/wp\/v2\/users\/1"}],"replies":[{"embeddable":true,"href":"https:\/\/ubiquegallery.be\/index.php\/wp-json\/wp\/v2\/comments?post=324"}],"version-history":[{"count":5,"href":"https:\/\/ubiquegallery.be\/index.php\/wp-json\/wp\/v2\/pages\/324\/revisions"}],"predecessor-version":[{"id":481,"href":"https:\/\/ubiquegallery.be\/index.php\/wp-json\/wp\/v2\/pages\/324\/revisions\/481"}],"wp:attachment":[{"href":"https:\/\/ubiquegallery.be\/index.php\/wp-json\/wp\/v2\/media?parent=324"}],"curies":[{"name":"wp","href":"https:\/\/api.w.org\/{rel}","templated":true}]}}