{"id":341,"date":"2020-09-01T13:48:05","date_gmt":"2020-09-01T11:48:05","guid":{"rendered":"https:\/\/ubiquegallery.be\/?page_id=341"},"modified":"2020-09-01T20:10:06","modified_gmt":"2020-09-01T18:10:06","slug":"jean-christophe-geluck","status":"publish","type":"page","link":"https:\/\/ubiquegallery.be\/index.php\/jean-christophe-geluck\/","title":{"rendered":"Jean-Christophe Geluck"},"content":{"rendered":"\n<p>N\u00e9 \u00e0 Bruxelles en 1947 dans une famille d&rsquo;artistes et d&rsquo;amis des arts.<br>Etudes \u00e0 la Cambre.<br>Il est graphiste depuis plus de 45 ans, au sein de la soci\u00e9t\u00e9 Geluck-Suykens.<\/p>\n\n\n\n<ul class=\"wp-block-gallery columns-1 is-cropped wp-block-gallery-1 is-layout-flex wp-block-gallery-is-layout-flex\"><li class=\"blocks-gallery-item\"><figure><img loading=\"lazy\" decoding=\"async\" width=\"1024\" height=\"758\" src=\"https:\/\/ubiquegallery.be\/wp-content\/uploads\/2020\/09\/JC-Geluck-1024x758.png\" alt=\"\" data-id=\"364\" data-link=\"https:\/\/ubiquegallery.be\/index.php\/jean-christophe-geluck\/jc-geluck\/\" class=\"wp-image-364\" srcset=\"https:\/\/ubiquegallery.be\/wp-content\/uploads\/2020\/09\/JC-Geluck-1024x758.png 1024w, https:\/\/ubiquegallery.be\/wp-content\/uploads\/2020\/09\/JC-Geluck-250x185.png 250w, https:\/\/ubiquegallery.be\/wp-content\/uploads\/2020\/09\/JC-Geluck-350x259.png 350w, https:\/\/ubiquegallery.be\/wp-content\/uploads\/2020\/09\/JC-Geluck-300x222.png 300w, https:\/\/ubiquegallery.be\/wp-content\/uploads\/2020\/09\/JC-Geluck-768x569.png 768w, https:\/\/ubiquegallery.be\/wp-content\/uploads\/2020\/09\/JC-Geluck.png 2030w\" sizes=\"auto, (max-width: 767px) 89vw, (max-width: 1000px) 54vw, (max-width: 1071px) 543px, 580px\" \/><\/figure><\/li><li class=\"blocks-gallery-item\"><figure><img loading=\"lazy\" decoding=\"async\" width=\"795\" height=\"1024\" src=\"https:\/\/ubiquegallery.be\/wp-content\/uploads\/2020\/09\/AEBF31FB-EEF5-42BF-9EE2-D96CB6841D49-795x1024.png\" alt=\"\" data-id=\"348\" data-link=\"https:\/\/ubiquegallery.be\/index.php\/jean-christophe-geluck\/aebf31fb-eef5-42bf-9ee2-d96cb6841d49\/\" class=\"wp-image-348\" srcset=\"https:\/\/ubiquegallery.be\/wp-content\/uploads\/2020\/09\/AEBF31FB-EEF5-42BF-9EE2-D96CB6841D49-795x1024.png 795w, https:\/\/ubiquegallery.be\/wp-content\/uploads\/2020\/09\/AEBF31FB-EEF5-42BF-9EE2-D96CB6841D49-250x322.png 250w, https:\/\/ubiquegallery.be\/wp-content\/uploads\/2020\/09\/AEBF31FB-EEF5-42BF-9EE2-D96CB6841D49-350x451.png 350w, https:\/\/ubiquegallery.be\/wp-content\/uploads\/2020\/09\/AEBF31FB-EEF5-42BF-9EE2-D96CB6841D49-233x300.png 233w, https:\/\/ubiquegallery.be\/wp-content\/uploads\/2020\/09\/AEBF31FB-EEF5-42BF-9EE2-D96CB6841D49-768x989.png 768w\" sizes=\"auto, (max-width: 767px) 89vw, (max-width: 1000px) 54vw, (max-width: 1071px) 543px, 580px\" \/><\/figure><\/li><li class=\"blocks-gallery-item\"><figure><img loading=\"lazy\" decoding=\"async\" width=\"722\" height=\"1024\" src=\"https:\/\/ubiquegallery.be\/wp-content\/uploads\/2020\/09\/EA676997-2E9C-4B75-B8AE-F625864ACABF-722x1024.png\" alt=\"\" data-id=\"358\" data-link=\"https:\/\/ubiquegallery.be\/index.php\/jean-christophe-geluck\/ea676997-2e9c-4b75-b8ae-f625864acabf\/\" class=\"wp-image-358\" srcset=\"https:\/\/ubiquegallery.be\/wp-content\/uploads\/2020\/09\/EA676997-2E9C-4B75-B8AE-F625864ACABF-722x1024.png 722w, https:\/\/ubiquegallery.be\/wp-content\/uploads\/2020\/09\/EA676997-2E9C-4B75-B8AE-F625864ACABF-250x354.png 250w, https:\/\/ubiquegallery.be\/wp-content\/uploads\/2020\/09\/EA676997-2E9C-4B75-B8AE-F625864ACABF-350x496.png 350w, https:\/\/ubiquegallery.be\/wp-content\/uploads\/2020\/09\/EA676997-2E9C-4B75-B8AE-F625864ACABF-212x300.png 212w, https:\/\/ubiquegallery.be\/wp-content\/uploads\/2020\/09\/EA676997-2E9C-4B75-B8AE-F625864ACABF-768x1089.png 768w\" sizes=\"auto, (max-width: 722px) 100vw, 722px\" \/><\/figure><\/li><li class=\"blocks-gallery-item\"><figure><img loading=\"lazy\" decoding=\"async\" width=\"718\" height=\"1024\" src=\"https:\/\/ubiquegallery.be\/wp-content\/uploads\/2020\/09\/JC-Geluck-02-1-718x1024.png\" alt=\"\" data-id=\"378\" data-link=\"https:\/\/ubiquegallery.be\/index.php\/jean-christophe-geluck\/jc-geluck-02-2\/\" class=\"wp-image-378\" srcset=\"https:\/\/ubiquegallery.be\/wp-content\/uploads\/2020\/09\/JC-Geluck-02-1-718x1024.png 718w, https:\/\/ubiquegallery.be\/wp-content\/uploads\/2020\/09\/JC-Geluck-02-1-250x356.png 250w, https:\/\/ubiquegallery.be\/wp-content\/uploads\/2020\/09\/JC-Geluck-02-1-350x499.png 350w, https:\/\/ubiquegallery.be\/wp-content\/uploads\/2020\/09\/JC-Geluck-02-1-210x300.png 210w, https:\/\/ubiquegallery.be\/wp-content\/uploads\/2020\/09\/JC-Geluck-02-1-768x1095.png 768w, https:\/\/ubiquegallery.be\/wp-content\/uploads\/2020\/09\/JC-Geluck-02-1.png 1349w\" sizes=\"auto, (max-width: 718px) 100vw, 718px\" \/><\/figure><\/li><\/ul>\n","protected":false},"excerpt":{"rendered":"<p>N\u00e9 \u00e0 Bruxelles en 1947 dans une famille d&rsquo;artistes et d&rsquo;amis des arts.Etudes \u00e0 la Cambre.Il est graphiste depuis plus de 45 ans, au sein de la soci\u00e9t\u00e9 Geluck-Suykens.<\/p>\n","protected":false},"author":1,"featured_media":0,"parent":0,"menu_order":0,"comment_status":"closed","ping_status":"closed","template":"","meta":{"footnotes":""},"class_list":["post-341","page","type-page","status-publish","hentry"],"_links":{"self":[{"href":"https:\/\/ubiquegallery.be\/index.php\/wp-json\/wp\/v2\/pages\/341","targetHints":{"allow":["GET"]}}],"collection":[{"href":"https:\/\/ubiquegallery.be\/index.php\/wp-json\/wp\/v2\/pages"}],"about":[{"href":"https:\/\/ubiquegallery.be\/index.php\/wp-json\/wp\/v2\/types\/page"}],"author":[{"embeddable":true,"href":"https:\/\/ubiquegallery.be\/index.php\/wp-json\/wp\/v2\/users\/1"}],"replies":[{"embeddable":true,"href":"https:\/\/ubiquegallery.be\/index.php\/wp-json\/wp\/v2\/comments?post=341"}],"version-history":[{"count":8,"href":"https:\/\/ubiquegallery.be\/index.php\/wp-json\/wp\/v2\/pages\/341\/revisions"}],"predecessor-version":[{"id":379,"href":"https:\/\/ubiquegallery.be\/index.php\/wp-json\/wp\/v2\/pages\/341\/revisions\/379"}],"wp:attachment":[{"href":"https:\/\/ubiquegallery.be\/index.php\/wp-json\/wp\/v2\/media?parent=341"}],"curies":[{"name":"wp","href":"https:\/\/api.w.org\/{rel}","templated":true}]}}