{"id":409,"date":"2020-09-03T16:08:41","date_gmt":"2020-09-03T14:08:41","guid":{"rendered":"https:\/\/ubiquegallery.be\/?page_id=409"},"modified":"2020-12-13T11:19:24","modified_gmt":"2020-12-13T10:19:24","slug":"stephane-gillain","status":"publish","type":"page","link":"https:\/\/ubiquegallery.be\/index.php\/stephane-gillain\/","title":{"rendered":"St\u00e9phane Gillain"},"content":{"rendered":"\n<p>Illustrateur, dessinateur et peintre.<br>Il a fait ses \u00e9tudes d&rsquo;illustrateur pour la jeunesse \u00e0 l&rsquo;ERG.<\/p>\n\n\n\n<p>Son style qui m\u00e9lange peinture et illustration est emprunt d&rsquo;une \u00e9criture qui se veut d\u00e9rangeante, d\u00e9rang\u00e9e et amusante. Son travail original l&rsquo;a amen\u00e9 \u00e0 cr\u00e9er des pochettes de disques, des flyers et des affiches de concerts.<\/p>\n\n\n\n<figure class=\"wp-block-image size-large\"><img loading=\"lazy\" decoding=\"async\" width=\"1024\" height=\"1024\" src=\"https:\/\/ubiquegallery.be\/wp-content\/uploads\/2020\/12\/DSC_0153-1024x1024.jpg\" alt=\"\" class=\"wp-image-697\" srcset=\"https:\/\/ubiquegallery.be\/wp-content\/uploads\/2020\/12\/DSC_0153-1024x1024.jpg 1024w, https:\/\/ubiquegallery.be\/wp-content\/uploads\/2020\/12\/DSC_0153-300x300.jpg 300w, https:\/\/ubiquegallery.be\/wp-content\/uploads\/2020\/12\/DSC_0153-150x150.jpg 150w, https:\/\/ubiquegallery.be\/wp-content\/uploads\/2020\/12\/DSC_0153-768x767.jpg 768w, https:\/\/ubiquegallery.be\/wp-content\/uploads\/2020\/12\/DSC_0153-1536x1534.jpg 1536w, https:\/\/ubiquegallery.be\/wp-content\/uploads\/2020\/12\/DSC_0153-2048x2046.jpg 2048w, https:\/\/ubiquegallery.be\/wp-content\/uploads\/2020\/12\/DSC_0153-100x100.jpg 100w\" sizes=\"auto, (max-width: 767px) 89vw, (max-width: 1000px) 54vw, (max-width: 1071px) 543px, 580px\" \/><\/figure>\n\n\n\n<figure class=\"wp-block-image size-large\"><img loading=\"lazy\" decoding=\"async\" width=\"976\" height=\"1024\" src=\"https:\/\/ubiquegallery.be\/wp-content\/uploads\/2020\/12\/DSC_0150-976x1024.jpg\" alt=\"\" class=\"wp-image-696\" srcset=\"https:\/\/ubiquegallery.be\/wp-content\/uploads\/2020\/12\/DSC_0150-976x1024.jpg 976w, https:\/\/ubiquegallery.be\/wp-content\/uploads\/2020\/12\/DSC_0150-286x300.jpg 286w, https:\/\/ubiquegallery.be\/wp-content\/uploads\/2020\/12\/DSC_0150-768x806.jpg 768w, https:\/\/ubiquegallery.be\/wp-content\/uploads\/2020\/12\/DSC_0150-1463x1536.jpg 1463w, https:\/\/ubiquegallery.be\/wp-content\/uploads\/2020\/12\/DSC_0150-1951x2048.jpg 1951w\" sizes=\"auto, (max-width: 767px) 89vw, (max-width: 1000px) 54vw, (max-width: 1071px) 543px, 580px\" \/><\/figure>\n\n\n\n<figure class=\"wp-block-image size-large\"><img loading=\"lazy\" decoding=\"async\" width=\"1001\" height=\"1024\" src=\"https:\/\/ubiquegallery.be\/wp-content\/uploads\/2020\/12\/DSC_0184-1001x1024.jpg\" alt=\"\" class=\"wp-image-695\" srcset=\"https:\/\/ubiquegallery.be\/wp-content\/uploads\/2020\/12\/DSC_0184-1001x1024.jpg 1001w, https:\/\/ubiquegallery.be\/wp-content\/uploads\/2020\/12\/DSC_0184-293x300.jpg 293w, https:\/\/ubiquegallery.be\/wp-content\/uploads\/2020\/12\/DSC_0184-768x786.jpg 768w, https:\/\/ubiquegallery.be\/wp-content\/uploads\/2020\/12\/DSC_0184-1502x1536.jpg 1502w, https:\/\/ubiquegallery.be\/wp-content\/uploads\/2020\/12\/DSC_0184-2002x2048.jpg 2002w\" sizes=\"auto, (max-width: 767px) 89vw, (max-width: 1000px) 54vw, (max-width: 1071px) 543px, 580px\" \/><\/figure>\n\n\n\n<figure class=\"wp-block-image size-large\"><img loading=\"lazy\" decoding=\"async\" width=\"1020\" height=\"1024\" src=\"https:\/\/ubiquegallery.be\/wp-content\/uploads\/2020\/12\/DSC_0151-1020x1024.jpg\" alt=\"\" class=\"wp-image-694\" srcset=\"https:\/\/ubiquegallery.be\/wp-content\/uploads\/2020\/12\/DSC_0151-1020x1024.jpg 1020w, https:\/\/ubiquegallery.be\/wp-content\/uploads\/2020\/12\/DSC_0151-300x300.jpg 300w, https:\/\/ubiquegallery.be\/wp-content\/uploads\/2020\/12\/DSC_0151-150x150.jpg 150w, https:\/\/ubiquegallery.be\/wp-content\/uploads\/2020\/12\/DSC_0151-768x771.jpg 768w, https:\/\/ubiquegallery.be\/wp-content\/uploads\/2020\/12\/DSC_0151-1529x1536.jpg 1529w, https:\/\/ubiquegallery.be\/wp-content\/uploads\/2020\/12\/DSC_0151-2039x2048.jpg 2039w, https:\/\/ubiquegallery.be\/wp-content\/uploads\/2020\/12\/DSC_0151-100x100.jpg 100w\" sizes=\"auto, (max-width: 767px) 89vw, (max-width: 1000px) 54vw, (max-width: 1071px) 543px, 580px\" \/><\/figure>\n\n\n\n<figure class=\"wp-block-gallery columns-1 is-cropped wp-block-gallery-1 is-layout-flex wp-block-gallery-is-layout-flex\"><ul class=\"blocks-gallery-grid\"><li class=\"blocks-gallery-item\"><figure><img loading=\"lazy\" decoding=\"async\" width=\"1024\" height=\"703\" src=\"https:\/\/ubiquegallery.be\/wp-content\/uploads\/2020\/09\/Stephane-Gillain-01-1024x703.png\" alt=\"\" data-id=\"410\" data-link=\"https:\/\/ubiquegallery.be\/?attachment_id=410\" class=\"wp-image-410\" srcset=\"https:\/\/ubiquegallery.be\/wp-content\/uploads\/2020\/09\/Stephane-Gillain-01-1024x703.png 1024w, https:\/\/ubiquegallery.be\/wp-content\/uploads\/2020\/09\/Stephane-Gillain-01-250x172.png 250w, https:\/\/ubiquegallery.be\/wp-content\/uploads\/2020\/09\/Stephane-Gillain-01-350x240.png 350w, https:\/\/ubiquegallery.be\/wp-content\/uploads\/2020\/09\/Stephane-Gillain-01-300x206.png 300w, https:\/\/ubiquegallery.be\/wp-content\/uploads\/2020\/09\/Stephane-Gillain-01-768x527.png 768w\" sizes=\"auto, (max-width: 767px) 89vw, (max-width: 1000px) 54vw, (max-width: 1071px) 543px, 580px\" \/><\/figure><\/li><li class=\"blocks-gallery-item\"><figure><img loading=\"lazy\" decoding=\"async\" width=\"669\" height=\"840\" src=\"https:\/\/ubiquegallery.be\/wp-content\/uploads\/2020\/09\/stephane-gillain-poly.jpg\" alt=\"\" data-id=\"411\" data-link=\"https:\/\/ubiquegallery.be\/?attachment_id=411\" class=\"wp-image-411\" srcset=\"https:\/\/ubiquegallery.be\/wp-content\/uploads\/2020\/09\/stephane-gillain-poly.jpg 669w, https:\/\/ubiquegallery.be\/wp-content\/uploads\/2020\/09\/stephane-gillain-poly-250x314.jpg 250w, https:\/\/ubiquegallery.be\/wp-content\/uploads\/2020\/09\/stephane-gillain-poly-350x439.jpg 350w, https:\/\/ubiquegallery.be\/wp-content\/uploads\/2020\/09\/stephane-gillain-poly-239x300.jpg 239w\" sizes=\"auto, (max-width: 669px) 100vw, 669px\" \/><\/figure><\/li><\/ul><\/figure>\n","protected":false},"excerpt":{"rendered":"<p>Illustrateur, dessinateur et peintre.Il a fait ses \u00e9tudes d&rsquo;illustrateur pour la jeunesse \u00e0 l&rsquo;ERG. Son style qui m\u00e9lange peinture et illustration est emprunt d&rsquo;une \u00e9criture qui se veut d\u00e9rangeante, d\u00e9rang\u00e9e et amusante. Son travail original l&rsquo;a amen\u00e9 \u00e0 cr\u00e9er des pochettes de disques, des flyers et des affiches de concerts.<\/p>\n","protected":false},"author":1,"featured_media":0,"parent":0,"menu_order":0,"comment_status":"closed","ping_status":"closed","template":"","meta":{"footnotes":""},"class_list":["post-409","page","type-page","status-publish","hentry"],"_links":{"self":[{"href":"https:\/\/ubiquegallery.be\/index.php\/wp-json\/wp\/v2\/pages\/409","targetHints":{"allow":["GET"]}}],"collection":[{"href":"https:\/\/ubiquegallery.be\/index.php\/wp-json\/wp\/v2\/pages"}],"about":[{"href":"https:\/\/ubiquegallery.be\/index.php\/wp-json\/wp\/v2\/types\/page"}],"author":[{"embeddable":true,"href":"https:\/\/ubiquegallery.be\/index.php\/wp-json\/wp\/v2\/users\/1"}],"replies":[{"embeddable":true,"href":"https:\/\/ubiquegallery.be\/index.php\/wp-json\/wp\/v2\/comments?post=409"}],"version-history":[{"count":5,"href":"https:\/\/ubiquegallery.be\/index.php\/wp-json\/wp\/v2\/pages\/409\/revisions"}],"predecessor-version":[{"id":698,"href":"https:\/\/ubiquegallery.be\/index.php\/wp-json\/wp\/v2\/pages\/409\/revisions\/698"}],"wp:attachment":[{"href":"https:\/\/ubiquegallery.be\/index.php\/wp-json\/wp\/v2\/media?parent=409"}],"curies":[{"name":"wp","href":"https:\/\/api.w.org\/{rel}","templated":true}]}}