{"id":431,"date":"2020-09-03T22:27:55","date_gmt":"2020-09-03T20:27:55","guid":{"rendered":"https:\/\/ubiquegallery.be\/?page_id=431"},"modified":"2020-11-01T18:31:33","modified_gmt":"2020-11-01T17:31:33","slug":"romain-menu","status":"publish","type":"page","link":"https:\/\/ubiquegallery.be\/index.php\/romain-menu\/","title":{"rendered":"Romain Menu (Faker)"},"content":{"rendered":"\n<p>Sur base d&rsquo;un r\u00e9pertoire de formes g\u00e9om\u00e9triques, Romain (Faker ou Fakieboy) invente une calligraphie futuriste voir post-apocalyptique d&rsquo;une exub\u00e9rance glac\u00e9e! Elle c\u00f4toie des personnages en pixel inspir\u00e9s du retro-gaming.<\/p>\n\n\n\n<p>Sa recherche typographique est bas\u00e9 sur le d\u00e9doublement de lettres directement li\u00e9e \u00e0 la signification de son pseudonyme. <\/p>\n\n\n\n<p>Dans cette \u00e9poque o\u00f9 il est de plus en plus difficile de distinguer le vrai du faux.. que ce soit dans les m\u00e9dias, en politique ou dans la vie de tous les<br>jours&#8230; Il lui semblait int\u00e9ressant de diriger sa r\u00e9flexion sur ce th\u00e8me avec un zeste d\u2019autod\u00e9rision.<\/p>\n\n\n\n<p>Depuis plusieurs ann\u00e9es, Faker participe \u00e0 des \u00ab\u00a0jams\u00a0\u00bb, ces rencontres de graffeurs d&rsquo;horizons divers qui renouvellent l&rsquo;art de la fresque de ville en ville.<\/p>\n\n\n\n<p>Il est recrut\u00e9 dans le cadre d&rsquo;\u00e9v\u00e9nements internationaux: Lausanne, Strasbourg, Stuttgart, Valence, Paris, Eindhoven\u2026<br><br>Au niveau local, il milite pour la reconnaissance de cet art et il est responsable du projet le M.U.R \u00e0 Mons qui vise \u00e0 promouvoir l\u2019art urbain.<\/p>\n\n\n\n<figure class=\"wp-block-image\"><img loading=\"lazy\" decoding=\"async\" width=\"734\" height=\"1024\" src=\"https:\/\/ubiquegallery.be\/wp-content\/uploads\/2020\/09\/alpha-1-734x1024.jpg\" alt=\"\" class=\"wp-image-432\" srcset=\"https:\/\/ubiquegallery.be\/wp-content\/uploads\/2020\/09\/alpha-1-734x1024.jpg 734w, https:\/\/ubiquegallery.be\/wp-content\/uploads\/2020\/09\/alpha-1-250x349.jpg 250w, https:\/\/ubiquegallery.be\/wp-content\/uploads\/2020\/09\/alpha-1-350x488.jpg 350w, https:\/\/ubiquegallery.be\/wp-content\/uploads\/2020\/09\/alpha-1-215x300.jpg 215w, https:\/\/ubiquegallery.be\/wp-content\/uploads\/2020\/09\/alpha-1-768x1072.jpg 768w, https:\/\/ubiquegallery.be\/wp-content\/uploads\/2020\/09\/alpha-1.jpg 1428w\" sizes=\"auto, (max-width: 734px) 100vw, 734px\" \/><figcaption>Impression sur papier &#8211; 70 x 50 cm &#8211; Sign\u00e9 -Tirage limit\u00e9<br><a href=\"https:\/\/ubiquegallery.be\/index.php\/contact\/\"><em>R\u00e9f\u00e9rence: RM01 &#8211; <\/em>information et prix sur demande en compl\u00e9tant le formulaire de la page contact<\/a><\/figcaption><\/figure>\n\n\n\n<figure class=\"wp-block-image\"><img loading=\"lazy\" decoding=\"async\" width=\"1024\" height=\"713\" src=\"https:\/\/ubiquegallery.be\/wp-content\/uploads\/2020\/09\/faker-1024x713.png\" alt=\"\" class=\"wp-image-438\" srcset=\"https:\/\/ubiquegallery.be\/wp-content\/uploads\/2020\/09\/faker-1024x713.png 1024w, https:\/\/ubiquegallery.be\/wp-content\/uploads\/2020\/09\/faker-250x174.png 250w, https:\/\/ubiquegallery.be\/wp-content\/uploads\/2020\/09\/faker-350x244.png 350w, https:\/\/ubiquegallery.be\/wp-content\/uploads\/2020\/09\/faker-300x209.png 300w, https:\/\/ubiquegallery.be\/wp-content\/uploads\/2020\/09\/faker-768x535.png 768w, https:\/\/ubiquegallery.be\/wp-content\/uploads\/2020\/09\/faker.png 1712w\" sizes=\"auto, (max-width: 767px) 89vw, (max-width: 1000px) 54vw, (max-width: 1071px) 543px, 580px\" \/><figcaption><br><\/figcaption><\/figure>\n\n\n\n<figure class=\"wp-block-image\"><img loading=\"lazy\" decoding=\"async\" width=\"1024\" height=\"461\" src=\"https:\/\/ubiquegallery.be\/wp-content\/uploads\/2020\/09\/faker01-1024x461.png\" alt=\"\" class=\"wp-image-448\" srcset=\"https:\/\/ubiquegallery.be\/wp-content\/uploads\/2020\/09\/faker01-1024x461.png 1024w, https:\/\/ubiquegallery.be\/wp-content\/uploads\/2020\/09\/faker01-250x113.png 250w, https:\/\/ubiquegallery.be\/wp-content\/uploads\/2020\/09\/faker01-350x158.png 350w, https:\/\/ubiquegallery.be\/wp-content\/uploads\/2020\/09\/faker01-300x135.png 300w, https:\/\/ubiquegallery.be\/wp-content\/uploads\/2020\/09\/faker01-768x346.png 768w, https:\/\/ubiquegallery.be\/wp-content\/uploads\/2020\/09\/faker01.png 1934w\" sizes=\"auto, (max-width: 767px) 89vw, (max-width: 1000px) 54vw, (max-width: 1071px) 543px, 580px\" \/><\/figure>\n","protected":false},"excerpt":{"rendered":"<p>Sur base d&rsquo;un r\u00e9pertoire de formes g\u00e9om\u00e9triques, Romain (Faker ou Fakieboy) invente une calligraphie futuriste voir post-apocalyptique d&rsquo;une exub\u00e9rance glac\u00e9e! Elle c\u00f4toie des personnages en pixel inspir\u00e9s du retro-gaming. Sa recherche typographique est bas\u00e9 sur le d\u00e9doublement de lettres directement li\u00e9e \u00e0 la signification de son pseudonyme. Dans cette \u00e9poque o\u00f9 il est de plus &hellip; <\/p>\n<p class=\"link-more\"><a href=\"https:\/\/ubiquegallery.be\/index.php\/romain-menu\/\" class=\"more-link\">Continuer la lecture<span class=\"screen-reader-text\"> de &laquo;&nbsp;Romain Menu (Faker)&nbsp;&raquo;<\/span><\/a><\/p>\n","protected":false},"author":1,"featured_media":0,"parent":0,"menu_order":0,"comment_status":"closed","ping_status":"closed","template":"","meta":{"footnotes":""},"class_list":["post-431","page","type-page","status-publish","hentry"],"_links":{"self":[{"href":"https:\/\/ubiquegallery.be\/index.php\/wp-json\/wp\/v2\/pages\/431","targetHints":{"allow":["GET"]}}],"collection":[{"href":"https:\/\/ubiquegallery.be\/index.php\/wp-json\/wp\/v2\/pages"}],"about":[{"href":"https:\/\/ubiquegallery.be\/index.php\/wp-json\/wp\/v2\/types\/page"}],"author":[{"embeddable":true,"href":"https:\/\/ubiquegallery.be\/index.php\/wp-json\/wp\/v2\/users\/1"}],"replies":[{"embeddable":true,"href":"https:\/\/ubiquegallery.be\/index.php\/wp-json\/wp\/v2\/comments?post=431"}],"version-history":[{"count":8,"href":"https:\/\/ubiquegallery.be\/index.php\/wp-json\/wp\/v2\/pages\/431\/revisions"}],"predecessor-version":[{"id":587,"href":"https:\/\/ubiquegallery.be\/index.php\/wp-json\/wp\/v2\/pages\/431\/revisions\/587"}],"wp:attachment":[{"href":"https:\/\/ubiquegallery.be\/index.php\/wp-json\/wp\/v2\/media?parent=431"}],"curies":[{"name":"wp","href":"https:\/\/api.w.org\/{rel}","templated":true}]}}