{"id":497,"date":"2020-10-18T16:56:42","date_gmt":"2020-10-18T14:56:42","guid":{"rendered":"https:\/\/ubiquegallery.be\/?page_id=497"},"modified":"2020-11-02T10:55:59","modified_gmt":"2020-11-02T09:55:59","slug":"eric-hock","status":"publish","type":"page","link":"https:\/\/ubiquegallery.be\/index.php\/eric-hock\/","title":{"rendered":"Eric Hock"},"content":{"rendered":"\n<figure class=\"wp-block-image size-large\"><img loading=\"lazy\" decoding=\"async\" width=\"1024\" height=\"1024\" src=\"https:\/\/ubiquegallery.be\/wp-content\/uploads\/2020\/10\/zeic-hock3-1-1024x1024.jpg\" alt=\"\" class=\"wp-image-498\" srcset=\"https:\/\/ubiquegallery.be\/wp-content\/uploads\/2020\/10\/zeic-hock3-1-1024x1024.jpg 1024w, https:\/\/ubiquegallery.be\/wp-content\/uploads\/2020\/10\/zeic-hock3-1-250x250.jpg 250w, https:\/\/ubiquegallery.be\/wp-content\/uploads\/2020\/10\/zeic-hock3-1-100x100.jpg 100w, https:\/\/ubiquegallery.be\/wp-content\/uploads\/2020\/10\/zeic-hock3-1-350x350.jpg 350w, https:\/\/ubiquegallery.be\/wp-content\/uploads\/2020\/10\/zeic-hock3-1-300x300.jpg 300w, https:\/\/ubiquegallery.be\/wp-content\/uploads\/2020\/10\/zeic-hock3-1-150x150.jpg 150w, https:\/\/ubiquegallery.be\/wp-content\/uploads\/2020\/10\/zeic-hock3-1-768x767.jpg 768w, https:\/\/ubiquegallery.be\/wp-content\/uploads\/2020\/10\/zeic-hock3-1-1536x1534.jpg 1536w, https:\/\/ubiquegallery.be\/wp-content\/uploads\/2020\/10\/zeic-hock3-1-2048x2045.jpg 2048w\" sizes=\"auto, (max-width: 767px) 89vw, (max-width: 1000px) 54vw, (max-width: 1071px) 543px, 580px\" \/><figcaption>Peinture acrylique sur toile<br>100 x 100 cm<br><em><a href=\"https:\/\/ubiquegallery.be\/index.php\/contact\/\" data-type=\"page\" data-id=\"9\">R\u00e9f\u00e9rence: EH01- information et prix sur demande en compl\u00e9tant le formulaire de la page contact<\/a><\/em><\/figcaption><\/figure>\n\n\n\n<figure class=\"wp-block-image size-large\"><img loading=\"lazy\" decoding=\"async\" width=\"1024\" height=\"1018\" src=\"https:\/\/ubiquegallery.be\/wp-content\/uploads\/2020\/10\/eric-hock2-1-1024x1018.jpg\" alt=\"\" class=\"wp-image-499\" srcset=\"https:\/\/ubiquegallery.be\/wp-content\/uploads\/2020\/10\/eric-hock2-1-1024x1018.jpg 1024w, https:\/\/ubiquegallery.be\/wp-content\/uploads\/2020\/10\/eric-hock2-1-250x249.jpg 250w, https:\/\/ubiquegallery.be\/wp-content\/uploads\/2020\/10\/eric-hock2-1-100x100.jpg 100w, https:\/\/ubiquegallery.be\/wp-content\/uploads\/2020\/10\/eric-hock2-1-350x348.jpg 350w, https:\/\/ubiquegallery.be\/wp-content\/uploads\/2020\/10\/eric-hock2-1-300x298.jpg 300w, https:\/\/ubiquegallery.be\/wp-content\/uploads\/2020\/10\/eric-hock2-1-150x150.jpg 150w, https:\/\/ubiquegallery.be\/wp-content\/uploads\/2020\/10\/eric-hock2-1-768x763.jpg 768w, https:\/\/ubiquegallery.be\/wp-content\/uploads\/2020\/10\/eric-hock2-1-1536x1527.jpg 1536w, https:\/\/ubiquegallery.be\/wp-content\/uploads\/2020\/10\/eric-hock2-1-2048x2036.jpg 2048w\" sizes=\"auto, (max-width: 767px) 89vw, (max-width: 1000px) 54vw, (max-width: 1071px) 543px, 580px\" \/><figcaption><em>Peinture acrylique sur toile<\/em><br><em>70 x 70 cm<\/em><br><em><a href=\"https:\/\/ubiquegallery.be\/index.php\/contact\/\" data-type=\"page\" data-id=\"9\">R\u00e9f\u00e9rence: EH02- information et prix sur demande en compl\u00e9tant le formulaire de la page contact<\/a><\/em><\/figcaption><\/figure>\n\n\n\n<figure class=\"wp-block-image size-large\"><img loading=\"lazy\" decoding=\"async\" width=\"1024\" height=\"1008\" src=\"https:\/\/ubiquegallery.be\/wp-content\/uploads\/2020\/10\/eric-hock-1-1024x1008.jpg\" alt=\"\" class=\"wp-image-500\" srcset=\"https:\/\/ubiquegallery.be\/wp-content\/uploads\/2020\/10\/eric-hock-1-1024x1008.jpg 1024w, https:\/\/ubiquegallery.be\/wp-content\/uploads\/2020\/10\/eric-hock-1-250x246.jpg 250w, https:\/\/ubiquegallery.be\/wp-content\/uploads\/2020\/10\/eric-hock-1-350x344.jpg 350w, https:\/\/ubiquegallery.be\/wp-content\/uploads\/2020\/10\/eric-hock-1-300x295.jpg 300w, https:\/\/ubiquegallery.be\/wp-content\/uploads\/2020\/10\/eric-hock-1-768x756.jpg 768w, https:\/\/ubiquegallery.be\/wp-content\/uploads\/2020\/10\/eric-hock-1-1536x1512.jpg 1536w, https:\/\/ubiquegallery.be\/wp-content\/uploads\/2020\/10\/eric-hock-1-2048x2016.jpg 2048w\" sizes=\"auto, (max-width: 767px) 89vw, (max-width: 1000px) 54vw, (max-width: 1071px) 543px, 580px\" \/><figcaption><em>Peinture acrylique sur toile<\/em><br><em>60 x 60 cm<\/em><br><em><a href=\"https:\/\/ubiquegallery.be\/index.php\/contact\/\" data-type=\"page\" data-id=\"9\">R\u00e9f\u00e9rence: EH03- information et prix sur demande en compl\u00e9tant le formulaire de la page contact<\/a><\/em><\/figcaption><\/figure>\n\n\n\n<figure class=\"wp-block-image size-large\"><img loading=\"lazy\" decoding=\"async\" width=\"1024\" height=\"1024\" src=\"https:\/\/ubiquegallery.be\/wp-content\/uploads\/2020\/11\/eh11-1024x1024.png\" alt=\"\" class=\"wp-image-602\" srcset=\"https:\/\/ubiquegallery.be\/wp-content\/uploads\/2020\/11\/eh11-1024x1024.png 1024w, https:\/\/ubiquegallery.be\/wp-content\/uploads\/2020\/11\/eh11-300x300.png 300w, https:\/\/ubiquegallery.be\/wp-content\/uploads\/2020\/11\/eh11-150x150.png 150w, https:\/\/ubiquegallery.be\/wp-content\/uploads\/2020\/11\/eh11-768x768.png 768w, https:\/\/ubiquegallery.be\/wp-content\/uploads\/2020\/11\/eh11-1536x1536.png 1536w, https:\/\/ubiquegallery.be\/wp-content\/uploads\/2020\/11\/eh11-2048x2048.png 2048w, https:\/\/ubiquegallery.be\/wp-content\/uploads\/2020\/11\/eh11-100x100.png 100w, https:\/\/ubiquegallery.be\/wp-content\/uploads\/2020\/11\/eh11-250x250.png 250w, https:\/\/ubiquegallery.be\/wp-content\/uploads\/2020\/11\/eh11-350x350.png 350w\" sizes=\"auto, (max-width: 767px) 89vw, (max-width: 1000px) 54vw, (max-width: 1071px) 543px, 580px\" \/><figcaption><em>Peinture acrylique sur toile<\/em><br><em>100 x 100 cm<\/em><br><em><a href=\"https:\/\/ubiquegallery.be\/index.php\/contact\/\">R\u00e9f\u00e9rence: EH04- information et prix sur demande en compl\u00e9tant le formulaire de la page contact<\/a><\/em><\/figcaption><\/figure>\n\n\n\n<figure class=\"wp-block-image size-large\"><img loading=\"lazy\" decoding=\"async\" width=\"815\" height=\"1024\" src=\"https:\/\/ubiquegallery.be\/wp-content\/uploads\/2020\/11\/eh13-815x1024.png\" alt=\"\" class=\"wp-image-603\" srcset=\"https:\/\/ubiquegallery.be\/wp-content\/uploads\/2020\/11\/eh13-815x1024.png 815w, https:\/\/ubiquegallery.be\/wp-content\/uploads\/2020\/11\/eh13-239x300.png 239w, https:\/\/ubiquegallery.be\/wp-content\/uploads\/2020\/11\/eh13-768x965.png 768w, https:\/\/ubiquegallery.be\/wp-content\/uploads\/2020\/11\/eh13-1223x1536.png 1223w, https:\/\/ubiquegallery.be\/wp-content\/uploads\/2020\/11\/eh13-1630x2048.png 1630w, https:\/\/ubiquegallery.be\/wp-content\/uploads\/2020\/11\/eh13-250x314.png 250w, https:\/\/ubiquegallery.be\/wp-content\/uploads\/2020\/11\/eh13-350x440.png 350w, https:\/\/ubiquegallery.be\/wp-content\/uploads\/2020\/11\/eh13.png 1993w\" sizes=\"auto, (max-width: 767px) 89vw, (max-width: 1000px) 54vw, (max-width: 1071px) 543px, 580px\" \/><figcaption><em>Peinture acrylique sur toile<\/em><br><em>80x 100 cm<\/em><br><em><a href=\"https:\/\/ubiquegallery.be\/index.php\/contact\/\">R\u00e9f\u00e9rence: EH05- information et prix sur demande en compl\u00e9tant le formulaire de la page contact<\/a><\/em><\/figcaption><\/figure>\n","protected":false},"excerpt":{"rendered":"","protected":false},"author":1,"featured_media":0,"parent":0,"menu_order":0,"comment_status":"closed","ping_status":"closed","template":"","meta":{"footnotes":""},"class_list":["post-497","page","type-page","status-publish","hentry"],"_links":{"self":[{"href":"https:\/\/ubiquegallery.be\/index.php\/wp-json\/wp\/v2\/pages\/497","targetHints":{"allow":["GET"]}}],"collection":[{"href":"https:\/\/ubiquegallery.be\/index.php\/wp-json\/wp\/v2\/pages"}],"about":[{"href":"https:\/\/ubiquegallery.be\/index.php\/wp-json\/wp\/v2\/types\/page"}],"author":[{"embeddable":true,"href":"https:\/\/ubiquegallery.be\/index.php\/wp-json\/wp\/v2\/users\/1"}],"replies":[{"embeddable":true,"href":"https:\/\/ubiquegallery.be\/index.php\/wp-json\/wp\/v2\/comments?post=497"}],"version-history":[{"count":5,"href":"https:\/\/ubiquegallery.be\/index.php\/wp-json\/wp\/v2\/pages\/497\/revisions"}],"predecessor-version":[{"id":604,"href":"https:\/\/ubiquegallery.be\/index.php\/wp-json\/wp\/v2\/pages\/497\/revisions\/604"}],"wp:attachment":[{"href":"https:\/\/ubiquegallery.be\/index.php\/wp-json\/wp\/v2\/media?parent=497"}],"curies":[{"name":"wp","href":"https:\/\/api.w.org\/{rel}","templated":true}]}}