{"id":504,"date":"2020-10-18T17:04:27","date_gmt":"2020-10-18T15:04:27","guid":{"rendered":"https:\/\/ubiquegallery.be\/?page_id=504"},"modified":"2020-11-02T11:01:00","modified_gmt":"2020-11-02T10:01:00","slug":"frederic-kappa","status":"publish","type":"page","link":"https:\/\/ubiquegallery.be\/index.php\/frederic-kappa\/","title":{"rendered":"Fr\u00e9d\u00e9ric Kappa"},"content":{"rendered":"\n<p><a href=\"https:\/\/ubiquegallery.be\/wp-content\/uploads\/2020\/10\/Danse-avec-le-ciel-2020.pdf\" data-type=\"URL\" data-id=\"https:\/\/ubiquegallery.be\/wp-content\/uploads\/2020\/10\/Danse-avec-le-ciel-2020.pdf\">Sa d\u00e9marche artistique<\/a><\/p>\n\n\n\n<figure class=\"wp-block-image size-large\"><img loading=\"lazy\" decoding=\"async\" width=\"842\" height=\"831\" src=\"https:\/\/ubiquegallery.be\/wp-content\/uploads\/2020\/10\/9595-copie.png\" alt=\"\" class=\"wp-image-511\" srcset=\"https:\/\/ubiquegallery.be\/wp-content\/uploads\/2020\/10\/9595-copie.png 842w, https:\/\/ubiquegallery.be\/wp-content\/uploads\/2020\/10\/9595-copie-250x247.png 250w, https:\/\/ubiquegallery.be\/wp-content\/uploads\/2020\/10\/9595-copie-100x100.png 100w, https:\/\/ubiquegallery.be\/wp-content\/uploads\/2020\/10\/9595-copie-350x345.png 350w, https:\/\/ubiquegallery.be\/wp-content\/uploads\/2020\/10\/9595-copie-300x296.png 300w, https:\/\/ubiquegallery.be\/wp-content\/uploads\/2020\/10\/9595-copie-768x758.png 768w\" sizes=\"auto, (max-width: 767px) 89vw, (max-width: 1000px) 54vw, (max-width: 1071px) 543px, 580px\" \/><figcaption><em><a href=\"https:\/\/ubiquegallery.be\/index.php\/contact\/\" data-type=\"page\" data-id=\"9\">R\u00e9f\u00e9rence: FK01- information et prix sur demande en compl\u00e9tant le formulaire de la page contact<\/a><\/em><\/figcaption><\/figure>\n\n\n\n<figure class=\"wp-block-image size-large\"><img loading=\"lazy\" decoding=\"async\" width=\"914\" height=\"921\" src=\"https:\/\/ubiquegallery.be\/wp-content\/uploads\/2020\/10\/good-days-wishing.-100100cm-copie.png\" alt=\"\" class=\"wp-image-512\" srcset=\"https:\/\/ubiquegallery.be\/wp-content\/uploads\/2020\/10\/good-days-wishing.-100100cm-copie.png 914w, https:\/\/ubiquegallery.be\/wp-content\/uploads\/2020\/10\/good-days-wishing.-100100cm-copie-250x252.png 250w, https:\/\/ubiquegallery.be\/wp-content\/uploads\/2020\/10\/good-days-wishing.-100100cm-copie-100x100.png 100w, https:\/\/ubiquegallery.be\/wp-content\/uploads\/2020\/10\/good-days-wishing.-100100cm-copie-350x353.png 350w, https:\/\/ubiquegallery.be\/wp-content\/uploads\/2020\/10\/good-days-wishing.-100100cm-copie-298x300.png 298w, https:\/\/ubiquegallery.be\/wp-content\/uploads\/2020\/10\/good-days-wishing.-100100cm-copie-150x150.png 150w, https:\/\/ubiquegallery.be\/wp-content\/uploads\/2020\/10\/good-days-wishing.-100100cm-copie-768x774.png 768w\" sizes=\"auto, (max-width: 767px) 89vw, (max-width: 1000px) 54vw, (max-width: 1071px) 543px, 580px\" \/><figcaption><em><a href=\"https:\/\/ubiquegallery.be\/index.php\/contact\/\" data-type=\"page\" data-id=\"9\">R\u00e9f\u00e9rence: FK02- information et prix sur demande en compl\u00e9tant le formulaire de la page contact<\/a><\/em><\/figcaption><\/figure>\n\n\n\n<figure class=\"wp-block-image size-large\"><img loading=\"lazy\" decoding=\"async\" width=\"1024\" height=\"1014\" src=\"https:\/\/ubiquegallery.be\/wp-content\/uploads\/2020\/10\/Karma-sky9595-1024x1014.png\" alt=\"\" class=\"wp-image-513\" srcset=\"https:\/\/ubiquegallery.be\/wp-content\/uploads\/2020\/10\/Karma-sky9595-1024x1014.png 1024w, https:\/\/ubiquegallery.be\/wp-content\/uploads\/2020\/10\/Karma-sky9595-250x248.png 250w, https:\/\/ubiquegallery.be\/wp-content\/uploads\/2020\/10\/Karma-sky9595-100x100.png 100w, https:\/\/ubiquegallery.be\/wp-content\/uploads\/2020\/10\/Karma-sky9595-350x347.png 350w, https:\/\/ubiquegallery.be\/wp-content\/uploads\/2020\/10\/Karma-sky9595-300x297.png 300w, https:\/\/ubiquegallery.be\/wp-content\/uploads\/2020\/10\/Karma-sky9595-150x150.png 150w, https:\/\/ubiquegallery.be\/wp-content\/uploads\/2020\/10\/Karma-sky9595-768x761.png 768w, https:\/\/ubiquegallery.be\/wp-content\/uploads\/2020\/10\/Karma-sky9595-1536x1521.png 1536w, https:\/\/ubiquegallery.be\/wp-content\/uploads\/2020\/10\/Karma-sky9595-2048x2028.png 2048w\" sizes=\"auto, (max-width: 767px) 89vw, (max-width: 1000px) 54vw, (max-width: 1071px) 543px, 580px\" \/><figcaption><em><a href=\"https:\/\/ubiquegallery.be\/index.php\/contact\/\" data-type=\"page\" data-id=\"9\">R\u00e9f\u00e9rence: FK03- information et prix sur demande en compl\u00e9tant le formulaire de la page contact<\/a><\/em><\/figcaption><\/figure>\n\n\n\n<figure class=\"wp-block-image size-large\"><img loading=\"lazy\" decoding=\"async\" width=\"877\" height=\"891\" src=\"https:\/\/ubiquegallery.be\/wp-content\/uploads\/2020\/10\/Let-the-sunshine-in-9595cm-copie-2.png\" alt=\"\" class=\"wp-image-514\" srcset=\"https:\/\/ubiquegallery.be\/wp-content\/uploads\/2020\/10\/Let-the-sunshine-in-9595cm-copie-2.png 877w, https:\/\/ubiquegallery.be\/wp-content\/uploads\/2020\/10\/Let-the-sunshine-in-9595cm-copie-2-250x254.png 250w, https:\/\/ubiquegallery.be\/wp-content\/uploads\/2020\/10\/Let-the-sunshine-in-9595cm-copie-2-350x356.png 350w, https:\/\/ubiquegallery.be\/wp-content\/uploads\/2020\/10\/Let-the-sunshine-in-9595cm-copie-2-295x300.png 295w, https:\/\/ubiquegallery.be\/wp-content\/uploads\/2020\/10\/Let-the-sunshine-in-9595cm-copie-2-768x780.png 768w\" sizes=\"auto, (max-width: 767px) 89vw, (max-width: 1000px) 54vw, (max-width: 1071px) 543px, 580px\" \/><figcaption>S\u00e9rigraphie et<em> Peinture acrylique sur toile<\/em><br><em>95 x 95 cm<\/em><br><em><a href=\"https:\/\/ubiquegallery.be\/index.php\/contact\/\" data-type=\"page\" data-id=\"9\">R\u00e9f\u00e9rence: FK04- information et prix sur demande en compl\u00e9tant le formulaire de la page contact<\/a><\/em><\/figcaption><\/figure>\n\n\n\n<figure class=\"wp-block-image size-large\"><img loading=\"lazy\" decoding=\"async\" width=\"1024\" height=\"1010\" src=\"https:\/\/ubiquegallery.be\/wp-content\/uploads\/2020\/10\/oposite-meeting-9595-copie-1024x1010.png\" alt=\"\" class=\"wp-image-515\" srcset=\"https:\/\/ubiquegallery.be\/wp-content\/uploads\/2020\/10\/oposite-meeting-9595-copie-1024x1010.png 1024w, https:\/\/ubiquegallery.be\/wp-content\/uploads\/2020\/10\/oposite-meeting-9595-copie-250x247.png 250w, https:\/\/ubiquegallery.be\/wp-content\/uploads\/2020\/10\/oposite-meeting-9595-copie-100x100.png 100w, https:\/\/ubiquegallery.be\/wp-content\/uploads\/2020\/10\/oposite-meeting-9595-copie-350x345.png 350w, https:\/\/ubiquegallery.be\/wp-content\/uploads\/2020\/10\/oposite-meeting-9595-copie-300x296.png 300w, https:\/\/ubiquegallery.be\/wp-content\/uploads\/2020\/10\/oposite-meeting-9595-copie-768x757.png 768w, https:\/\/ubiquegallery.be\/wp-content\/uploads\/2020\/10\/oposite-meeting-9595-copie-1536x1515.png 1536w, https:\/\/ubiquegallery.be\/wp-content\/uploads\/2020\/10\/oposite-meeting-9595-copie-2048x2019.png 2048w\" sizes=\"auto, (max-width: 767px) 89vw, (max-width: 1000px) 54vw, (max-width: 1071px) 543px, 580px\" \/><figcaption><em>S\u00e9rigraphie et Peinture acrylique sur toile<\/em><br><em>125 x 95 cm<\/em><br><em><a href=\"https:\/\/ubiquegallery.be\/index.php\/contact\/\" data-type=\"page\" data-id=\"9\">R\u00e9f\u00e9rence: FK05- information et prix sur demande en compl\u00e9tant le formulaire de la page contact<\/a><\/em><\/figcaption><\/figure>\n\n\n\n<figure class=\"wp-block-image size-large\"><img loading=\"lazy\" decoding=\"async\" width=\"953\" height=\"942\" src=\"https:\/\/ubiquegallery.be\/wp-content\/uploads\/2020\/10\/sequence-mood-140140-cm.png\" alt=\"\" class=\"wp-image-517\" srcset=\"https:\/\/ubiquegallery.be\/wp-content\/uploads\/2020\/10\/sequence-mood-140140-cm.png 953w, https:\/\/ubiquegallery.be\/wp-content\/uploads\/2020\/10\/sequence-mood-140140-cm-250x247.png 250w, https:\/\/ubiquegallery.be\/wp-content\/uploads\/2020\/10\/sequence-mood-140140-cm-100x100.png 100w, https:\/\/ubiquegallery.be\/wp-content\/uploads\/2020\/10\/sequence-mood-140140-cm-350x346.png 350w, https:\/\/ubiquegallery.be\/wp-content\/uploads\/2020\/10\/sequence-mood-140140-cm-300x297.png 300w, https:\/\/ubiquegallery.be\/wp-content\/uploads\/2020\/10\/sequence-mood-140140-cm-768x759.png 768w\" sizes=\"auto, (max-width: 767px) 89vw, (max-width: 1000px) 54vw, (max-width: 1071px) 543px, 580px\" \/><figcaption>S\u00e9rigraphie et <em>peinture acrylique sur toile<\/em><br><em>140 x 140 cm<\/em><br><em><a href=\"https:\/\/ubiquegallery.be\/index.php\/contact\/\" data-type=\"page\" data-id=\"9\">R\u00e9f\u00e9rence: FK06- information et prix sur demande en compl\u00e9tant le formulaire de la page contact<\/a><\/em><\/figcaption><\/figure>\n\n\n\n<figure class=\"wp-block-image size-large\"><img loading=\"lazy\" decoding=\"async\" width=\"1024\" height=\"989\" src=\"https:\/\/ubiquegallery.be\/wp-content\/uploads\/2020\/10\/Tomorow-green-9595-copie-1024x989.png\" alt=\"\" class=\"wp-image-518\" srcset=\"https:\/\/ubiquegallery.be\/wp-content\/uploads\/2020\/10\/Tomorow-green-9595-copie-1024x989.png 1024w, https:\/\/ubiquegallery.be\/wp-content\/uploads\/2020\/10\/Tomorow-green-9595-copie-250x242.png 250w, https:\/\/ubiquegallery.be\/wp-content\/uploads\/2020\/10\/Tomorow-green-9595-copie-350x338.png 350w, https:\/\/ubiquegallery.be\/wp-content\/uploads\/2020\/10\/Tomorow-green-9595-copie-300x290.png 300w, https:\/\/ubiquegallery.be\/wp-content\/uploads\/2020\/10\/Tomorow-green-9595-copie-768x742.png 768w, https:\/\/ubiquegallery.be\/wp-content\/uploads\/2020\/10\/Tomorow-green-9595-copie-1536x1484.png 1536w, https:\/\/ubiquegallery.be\/wp-content\/uploads\/2020\/10\/Tomorow-green-9595-copie-2048x1979.png 2048w\" sizes=\"auto, (max-width: 767px) 89vw, (max-width: 1000px) 54vw, (max-width: 1071px) 543px, 580px\" \/><figcaption><em>S\u00e9rigraphie et peinture acrylique sur toile<\/em><br><em>95 x95 cm<\/em><br><em><a href=\"https:\/\/ubiquegallery.be\/index.php\/contact\/\" data-type=\"page\" data-id=\"9\">R\u00e9f\u00e9rence: FK07- information et prix sur demande en compl\u00e9tant le formulaire de la page contact<\/a><\/em><\/figcaption><\/figure>\n\n\n\n<figure class=\"wp-block-image size-large\"><img loading=\"lazy\" decoding=\"async\" width=\"1024\" height=\"989\" src=\"https:\/\/ubiquegallery.be\/wp-content\/uploads\/2020\/11\/fk12-1024x989.png\" alt=\"\" class=\"wp-image-605\" srcset=\"https:\/\/ubiquegallery.be\/wp-content\/uploads\/2020\/11\/fk12-1024x989.png 1024w, https:\/\/ubiquegallery.be\/wp-content\/uploads\/2020\/11\/fk12-300x290.png 300w, https:\/\/ubiquegallery.be\/wp-content\/uploads\/2020\/11\/fk12-768x742.png 768w, https:\/\/ubiquegallery.be\/wp-content\/uploads\/2020\/11\/fk12-1536x1484.png 1536w, https:\/\/ubiquegallery.be\/wp-content\/uploads\/2020\/11\/fk12-2048x1978.png 2048w, https:\/\/ubiquegallery.be\/wp-content\/uploads\/2020\/11\/fk12-250x242.png 250w, https:\/\/ubiquegallery.be\/wp-content\/uploads\/2020\/11\/fk12-350x338.png 350w\" sizes=\"auto, (max-width: 767px) 89vw, (max-width: 1000px) 54vw, (max-width: 1071px) 543px, 580px\" \/><figcaption><em>S\u00e9rigraphie et peinture acrylique sur toile<\/em><br><em>50 x 50 cm<\/em><br><em><a href=\"https:\/\/ubiquegallery.be\/index.php\/contact\/\">R\u00e9f\u00e9rence: FK08- information et prix sur demande en compl\u00e9tant le formulaire de la page contact<\/a><\/em><br><\/figcaption><\/figure>\n\n\n\n<figure class=\"wp-block-image size-large\"><img loading=\"lazy\" decoding=\"async\" width=\"1013\" height=\"1024\" src=\"https:\/\/ubiquegallery.be\/wp-content\/uploads\/2020\/11\/fk09-1013x1024.png\" alt=\"\" class=\"wp-image-606\" srcset=\"https:\/\/ubiquegallery.be\/wp-content\/uploads\/2020\/11\/fk09-1013x1024.png 1013w, https:\/\/ubiquegallery.be\/wp-content\/uploads\/2020\/11\/fk09-297x300.png 297w, https:\/\/ubiquegallery.be\/wp-content\/uploads\/2020\/11\/fk09-768x776.png 768w, https:\/\/ubiquegallery.be\/wp-content\/uploads\/2020\/11\/fk09-1520x1536.png 1520w, https:\/\/ubiquegallery.be\/wp-content\/uploads\/2020\/11\/fk09-100x100.png 100w, https:\/\/ubiquegallery.be\/wp-content\/uploads\/2020\/11\/fk09-250x253.png 250w, https:\/\/ubiquegallery.be\/wp-content\/uploads\/2020\/11\/fk09-350x354.png 350w, https:\/\/ubiquegallery.be\/wp-content\/uploads\/2020\/11\/fk09.png 1935w\" sizes=\"auto, (max-width: 767px) 89vw, (max-width: 1000px) 54vw, (max-width: 1071px) 543px, 580px\" \/><figcaption><em>S\u00e9rigraphie et peinture acrylique sur toile<\/em><br><em>50 x 50 cm<\/em><br><em><a href=\"https:\/\/ubiquegallery.be\/index.php\/contact\/\">R\u00e9f\u00e9rence: FK09- information et prix sur demande en compl\u00e9tant le formulaire de la page contact<\/a><\/em><\/figcaption><\/figure>\n\n\n\n<p><\/p>\n","protected":false},"excerpt":{"rendered":"<p>Sa d\u00e9marche artistique<\/p>\n","protected":false},"author":1,"featured_media":0,"parent":0,"menu_order":0,"comment_status":"closed","ping_status":"closed","template":"","meta":{"footnotes":""},"class_list":["post-504","page","type-page","status-publish","hentry"],"_links":{"self":[{"href":"https:\/\/ubiquegallery.be\/index.php\/wp-json\/wp\/v2\/pages\/504","targetHints":{"allow":["GET"]}}],"collection":[{"href":"https:\/\/ubiquegallery.be\/index.php\/wp-json\/wp\/v2\/pages"}],"about":[{"href":"https:\/\/ubiquegallery.be\/index.php\/wp-json\/wp\/v2\/types\/page"}],"author":[{"embeddable":true,"href":"https:\/\/ubiquegallery.be\/index.php\/wp-json\/wp\/v2\/users\/1"}],"replies":[{"embeddable":true,"href":"https:\/\/ubiquegallery.be\/index.php\/wp-json\/wp\/v2\/comments?post=504"}],"version-history":[{"count":7,"href":"https:\/\/ubiquegallery.be\/index.php\/wp-json\/wp\/v2\/pages\/504\/revisions"}],"predecessor-version":[{"id":608,"href":"https:\/\/ubiquegallery.be\/index.php\/wp-json\/wp\/v2\/pages\/504\/revisions\/608"}],"wp:attachment":[{"href":"https:\/\/ubiquegallery.be\/index.php\/wp-json\/wp\/v2\/media?parent=504"}],"curies":[{"name":"wp","href":"https:\/\/api.w.org\/{rel}","templated":true}]}}