{"id":752,"date":"2021-01-11T11:09:22","date_gmt":"2021-01-11T10:09:22","guid":{"rendered":"https:\/\/ubiquegallery.be\/?page_id=752"},"modified":"2021-03-06T15:40:16","modified_gmt":"2021-03-06T14:40:16","slug":"aldo-parvillez","status":"publish","type":"page","link":"https:\/\/ubiquegallery.be\/index.php\/aldo-parvillez\/","title":{"rendered":"Aldo Parvillez"},"content":{"rendered":"\n<p>\u00ab\u00a0Bien que j\u2019utilise souvent la ligne qui est le d\u00e9part graphique plastique de tout, dessiner, \u00e9cri-re, d\u00e9limiter une forme\u2026etc\u2026 Ma peinture porte vers des signes graphiques vigoureux, ins-crits dans un espace o\u00f9 le vide contribue parfois \u00e0 l\u2019\u00e9quilibre de la composition. Je ne reven-dique rien d\u2019autre qu\u2019une dimension po\u00e9tique qui m\u2019est intime. Dans mes toiles il n\u2019y a rien \u00e0 reconna\u00eetre, elles ne sont pas li\u00e9es \u00e0 une anecdote ; en g\u00e9n\u00e9ral, elles ne repr\u00e9sentent rien de concret qui parasiterait l\u2019oeuvre plastique, mais elles sont une ouverture aux sensations, aux \u00e9motions, \u00e0 la m\u00e9moire, \u00e0 mon int\u00e9riorit\u00e9, mon travail traduit un attrait pour le subconscient et le monde \u00e9motionnel, celui qui reste secret et intime \u00e0 l&rsquo;\u00e2ge adulte entre ombre et lumi\u00e8re, libre \u00e0 vous de projeter le v\u00f4tre.\u00a0\u00bb<em> <\/em><br><em>Aldo Parvillez<\/em><\/p>\n\n\n\n<figure class=\"wp-block-image size-large\"><img loading=\"lazy\" decoding=\"async\" width=\"1024\" height=\"976\" src=\"https:\/\/ubiquegallery.be\/wp-content\/uploads\/2021\/01\/Capture-de\u0301cran-2021-01-11-a\u0300-11.05.28-1024x976.png\" alt=\"\" class=\"wp-image-753\" srcset=\"https:\/\/ubiquegallery.be\/wp-content\/uploads\/2021\/01\/Capture-de\u0301cran-2021-01-11-a\u0300-11.05.28-1024x976.png 1024w, https:\/\/ubiquegallery.be\/wp-content\/uploads\/2021\/01\/Capture-de\u0301cran-2021-01-11-a\u0300-11.05.28-300x286.png 300w, https:\/\/ubiquegallery.be\/wp-content\/uploads\/2021\/01\/Capture-de\u0301cran-2021-01-11-a\u0300-11.05.28-768x732.png 768w, https:\/\/ubiquegallery.be\/wp-content\/uploads\/2021\/01\/Capture-de\u0301cran-2021-01-11-a\u0300-11.05.28.png 1324w\" sizes=\"auto, (max-width: 767px) 89vw, (max-width: 1000px) 54vw, (max-width: 1071px) 543px, 580px\" \/><figcaption><br>Sur le fil &#8211; 80x80cm<\/figcaption><\/figure>\n\n\n\n<figure class=\"wp-block-image size-large\"><img loading=\"lazy\" decoding=\"async\" width=\"1024\" height=\"1021\" src=\"https:\/\/ubiquegallery.be\/wp-content\/uploads\/2021\/01\/Capture-de\u0301cran-2021-01-11-a\u0300-11.06.07-1024x1021.png\" alt=\"\" class=\"wp-image-755\" srcset=\"https:\/\/ubiquegallery.be\/wp-content\/uploads\/2021\/01\/Capture-de\u0301cran-2021-01-11-a\u0300-11.06.07-1024x1021.png 1024w, https:\/\/ubiquegallery.be\/wp-content\/uploads\/2021\/01\/Capture-de\u0301cran-2021-01-11-a\u0300-11.06.07-300x300.png 300w, https:\/\/ubiquegallery.be\/wp-content\/uploads\/2021\/01\/Capture-de\u0301cran-2021-01-11-a\u0300-11.06.07-150x150.png 150w, https:\/\/ubiquegallery.be\/wp-content\/uploads\/2021\/01\/Capture-de\u0301cran-2021-01-11-a\u0300-11.06.07-768x766.png 768w, https:\/\/ubiquegallery.be\/wp-content\/uploads\/2021\/01\/Capture-de\u0301cran-2021-01-11-a\u0300-11.06.07-1536x1532.png 1536w, https:\/\/ubiquegallery.be\/wp-content\/uploads\/2021\/01\/Capture-de\u0301cran-2021-01-11-a\u0300-11.06.07-100x100.png 100w, https:\/\/ubiquegallery.be\/wp-content\/uploads\/2021\/01\/Capture-de\u0301cran-2021-01-11-a\u0300-11.06.07.png 1582w\" sizes=\"auto, (max-width: 767px) 89vw, (max-width: 1000px) 54vw, (max-width: 1071px) 543px, 580px\" \/><figcaption><br>Le Rouge dans mes cordes &#8211; 50 x 50 cm (70 x 70 cm encadr\u00e9)<\/figcaption><\/figure>\n\n\n\n<figure class=\"wp-block-image size-large\"><img loading=\"lazy\" decoding=\"async\" width=\"835\" height=\"1024\" src=\"https:\/\/ubiquegallery.be\/wp-content\/uploads\/2021\/01\/Capture-de\u0301cran-2021-01-11-a\u0300-11.15.35-835x1024.png\" alt=\"\" class=\"wp-image-759\" srcset=\"https:\/\/ubiquegallery.be\/wp-content\/uploads\/2021\/01\/Capture-de\u0301cran-2021-01-11-a\u0300-11.15.35-835x1024.png 835w, https:\/\/ubiquegallery.be\/wp-content\/uploads\/2021\/01\/Capture-de\u0301cran-2021-01-11-a\u0300-11.15.35-245x300.png 245w, https:\/\/ubiquegallery.be\/wp-content\/uploads\/2021\/01\/Capture-de\u0301cran-2021-01-11-a\u0300-11.15.35-768x942.png 768w, https:\/\/ubiquegallery.be\/wp-content\/uploads\/2021\/01\/Capture-de\u0301cran-2021-01-11-a\u0300-11.15.35-1252x1536.png 1252w, https:\/\/ubiquegallery.be\/wp-content\/uploads\/2021\/01\/Capture-de\u0301cran-2021-01-11-a\u0300-11.15.35.png 1332w\" sizes=\"auto, (max-width: 767px) 89vw, (max-width: 1000px) 54vw, (max-width: 1071px) 543px, 580px\" \/><figcaption><br>Sans sens &#8211; 116 x 89 cm &#8211; encadr\u00e9<\/figcaption><\/figure>\n\n\n\n<figure class=\"wp-block-image size-large\"><img loading=\"lazy\" decoding=\"async\" width=\"1024\" height=\"945\" src=\"https:\/\/ubiquegallery.be\/wp-content\/uploads\/2021\/01\/Capture-de\u0301cran-2021-01-11-a\u0300-11.19.25-1024x945.png\" alt=\"\" class=\"wp-image-761\" srcset=\"https:\/\/ubiquegallery.be\/wp-content\/uploads\/2021\/01\/Capture-de\u0301cran-2021-01-11-a\u0300-11.19.25-1024x945.png 1024w, https:\/\/ubiquegallery.be\/wp-content\/uploads\/2021\/01\/Capture-de\u0301cran-2021-01-11-a\u0300-11.19.25-300x277.png 300w, https:\/\/ubiquegallery.be\/wp-content\/uploads\/2021\/01\/Capture-de\u0301cran-2021-01-11-a\u0300-11.19.25-768x709.png 768w, https:\/\/ubiquegallery.be\/wp-content\/uploads\/2021\/01\/Capture-de\u0301cran-2021-01-11-a\u0300-11.19.25.png 1512w\" sizes=\"auto, (max-width: 767px) 89vw, (max-width: 1000px) 54vw, (max-width: 1071px) 543px, 580px\" \/><figcaption><br>Attaque au Rouge &#8211; 100 x 100 cm &#8211; encadr\u00e9<\/figcaption><\/figure>\n","protected":false},"excerpt":{"rendered":"<p>\u00ab\u00a0Bien que j\u2019utilise souvent la ligne qui est le d\u00e9part graphique plastique de tout, dessiner, \u00e9cri-re, d\u00e9limiter une forme\u2026etc\u2026 Ma peinture porte vers des signes graphiques vigoureux, ins-crits dans un espace o\u00f9 le vide contribue parfois \u00e0 l\u2019\u00e9quilibre de la composition. Je ne reven-dique rien d\u2019autre qu\u2019une dimension po\u00e9tique qui m\u2019est intime. Dans mes toiles &hellip; <\/p>\n<p class=\"link-more\"><a href=\"https:\/\/ubiquegallery.be\/index.php\/aldo-parvillez\/\" class=\"more-link\">Continuer la lecture<span class=\"screen-reader-text\"> de &laquo;&nbsp;Aldo Parvillez&nbsp;&raquo;<\/span><\/a><\/p>\n","protected":false},"author":1,"featured_media":0,"parent":0,"menu_order":0,"comment_status":"closed","ping_status":"closed","template":"","meta":{"footnotes":""},"class_list":["post-752","page","type-page","status-publish","hentry"],"_links":{"self":[{"href":"https:\/\/ubiquegallery.be\/index.php\/wp-json\/wp\/v2\/pages\/752","targetHints":{"allow":["GET"]}}],"collection":[{"href":"https:\/\/ubiquegallery.be\/index.php\/wp-json\/wp\/v2\/pages"}],"about":[{"href":"https:\/\/ubiquegallery.be\/index.php\/wp-json\/wp\/v2\/types\/page"}],"author":[{"embeddable":true,"href":"https:\/\/ubiquegallery.be\/index.php\/wp-json\/wp\/v2\/users\/1"}],"replies":[{"embeddable":true,"href":"https:\/\/ubiquegallery.be\/index.php\/wp-json\/wp\/v2\/comments?post=752"}],"version-history":[{"count":8,"href":"https:\/\/ubiquegallery.be\/index.php\/wp-json\/wp\/v2\/pages\/752\/revisions"}],"predecessor-version":[{"id":826,"href":"https:\/\/ubiquegallery.be\/index.php\/wp-json\/wp\/v2\/pages\/752\/revisions\/826"}],"wp:attachment":[{"href":"https:\/\/ubiquegallery.be\/index.php\/wp-json\/wp\/v2\/media?parent=752"}],"curies":[{"name":"wp","href":"https:\/\/api.w.org\/{rel}","templated":true}]}}