{"id":894,"date":"2021-04-27T12:31:18","date_gmt":"2021-04-27T10:31:18","guid":{"rendered":"https:\/\/ubiquegallery.be\/?page_id=894"},"modified":"2021-04-29T18:38:51","modified_gmt":"2021-04-29T16:38:51","slug":"erwin-van-der-veken","status":"publish","type":"page","link":"https:\/\/ubiquegallery.be\/index.php\/erwin-van-der-veken\/","title":{"rendered":"Erwin Van der Veken"},"content":{"rendered":"\n<p>Le photographe Erwin Van Der Veken opte rarement pour la facilit\u00e9, en t\u00e9moignent<br>son m\u00e9tier de chirurgien p\u00e9diatrique \u00e0 l\u2019H\u00f4pital Universitaire des Enfants Reine Fabiola<br>et sa pratique du rugby de plus de 50 ans. Dans sa troisi\u00e8me grande passion, la photographie, il s\u2019\u00e9loigne \u00e9galement de l\u2019ordinaire. Il photographie des d\u00e9chets, au sens large du terme : restes de peinture, verre ou m\u00e9tal, vieux objets d\u00e9laiss\u00e9s, d\u00e9chets industriels, compost, \u2026<br>Erwin Van Der Veken cherche la beaut\u00e9 l\u00e0 ou on ne l\u2019attend pas. Il photographie les objets comme il les rencontre, sans aucune composition.<br>Le r\u00e9sultat de ses clich\u00e9s sont des \u0153uvres abstraites devant lesquelles les spectateurs peuvent laisser libre cours \u00e0 leur fantaisie.<\/p>\n\n\n\n<p><em>Paru dans \u2018Jette Info\u2019<\/em><\/p>\n\n\n\n<figure class=\"wp-block-image size-large\"><img loading=\"lazy\" decoding=\"async\" width=\"1024\" height=\"917\" src=\"https:\/\/ubiquegallery.be\/wp-content\/uploads\/2021\/04\/erwinvanderveken-1024x917.jpeg\" alt=\"\" class=\"wp-image-895\" srcset=\"https:\/\/ubiquegallery.be\/wp-content\/uploads\/2021\/04\/erwinvanderveken-1024x917.jpeg 1024w, https:\/\/ubiquegallery.be\/wp-content\/uploads\/2021\/04\/erwinvanderveken-300x269.jpeg 300w, https:\/\/ubiquegallery.be\/wp-content\/uploads\/2021\/04\/erwinvanderveken-768x688.jpeg 768w, https:\/\/ubiquegallery.be\/wp-content\/uploads\/2021\/04\/erwinvanderveken-200x179.jpeg 200w, https:\/\/ubiquegallery.be\/wp-content\/uploads\/2021\/04\/erwinvanderveken.jpeg 1200w\" sizes=\"auto, (max-width: 767px) 89vw, (max-width: 1000px) 54vw, (max-width: 1071px) 543px, 580px\" \/><\/figure>\n\n\n\n<figure class=\"wp-block-image size-large\"><img loading=\"lazy\" decoding=\"async\" width=\"1024\" height=\"1005\" src=\"https:\/\/ubiquegallery.be\/wp-content\/uploads\/2021\/04\/Erwin3-1024x1005.jpeg\" alt=\"\" class=\"wp-image-912\" srcset=\"https:\/\/ubiquegallery.be\/wp-content\/uploads\/2021\/04\/Erwin3-1024x1005.jpeg 1024w, https:\/\/ubiquegallery.be\/wp-content\/uploads\/2021\/04\/Erwin3-300x295.jpeg 300w, https:\/\/ubiquegallery.be\/wp-content\/uploads\/2021\/04\/Erwin3-768x754.jpeg 768w, https:\/\/ubiquegallery.be\/wp-content\/uploads\/2021\/04\/Erwin3-200x196.jpeg 200w, https:\/\/ubiquegallery.be\/wp-content\/uploads\/2021\/04\/Erwin3.jpeg 1200w\" sizes=\"auto, (max-width: 767px) 89vw, (max-width: 1000px) 54vw, (max-width: 1071px) 543px, 580px\" \/><\/figure>\n\n\n\n<figure class=\"wp-block-image size-large\"><img loading=\"lazy\" decoding=\"async\" width=\"1006\" height=\"1024\" src=\"https:\/\/ubiquegallery.be\/wp-content\/uploads\/2021\/04\/Erwin2-1006x1024.jpeg\" alt=\"\" class=\"wp-image-913\" srcset=\"https:\/\/ubiquegallery.be\/wp-content\/uploads\/2021\/04\/Erwin2-1006x1024.jpeg 1006w, https:\/\/ubiquegallery.be\/wp-content\/uploads\/2021\/04\/Erwin2-295x300.jpeg 295w, https:\/\/ubiquegallery.be\/wp-content\/uploads\/2021\/04\/Erwin2-768x782.jpeg 768w, https:\/\/ubiquegallery.be\/wp-content\/uploads\/2021\/04\/Erwin2-196x200.jpeg 196w, https:\/\/ubiquegallery.be\/wp-content\/uploads\/2021\/04\/Erwin2.jpeg 1414w\" sizes=\"auto, (max-width: 767px) 89vw, (max-width: 1000px) 54vw, (max-width: 1071px) 543px, 580px\" \/><\/figure>\n\n\n\n<figure class=\"wp-block-image size-large\"><img loading=\"lazy\" decoding=\"async\" width=\"1024\" height=\"680\" src=\"https:\/\/ubiquegallery.be\/wp-content\/uploads\/2021\/04\/Miros-ladder1-1200x797-1-1024x680.jpeg\" alt=\"\" class=\"wp-image-916\" srcset=\"https:\/\/ubiquegallery.be\/wp-content\/uploads\/2021\/04\/Miros-ladder1-1200x797-1-1024x680.jpeg 1024w, https:\/\/ubiquegallery.be\/wp-content\/uploads\/2021\/04\/Miros-ladder1-1200x797-1-300x199.jpeg 300w, https:\/\/ubiquegallery.be\/wp-content\/uploads\/2021\/04\/Miros-ladder1-1200x797-1-768x510.jpeg 768w, https:\/\/ubiquegallery.be\/wp-content\/uploads\/2021\/04\/Miros-ladder1-1200x797-1-200x133.jpeg 200w, https:\/\/ubiquegallery.be\/wp-content\/uploads\/2021\/04\/Miros-ladder1-1200x797-1.jpeg 1200w\" sizes=\"auto, (max-width: 767px) 89vw, (max-width: 1000px) 54vw, (max-width: 1071px) 543px, 580px\" \/><\/figure>\n\n\n\n<figure class=\"wp-block-image size-large\"><img loading=\"lazy\" decoding=\"async\" width=\"680\" height=\"1024\" src=\"https:\/\/ubiquegallery.be\/wp-content\/uploads\/2021\/04\/1.-IMGP4322-2-680x1024.jpg\" alt=\"\" class=\"wp-image-925\" srcset=\"https:\/\/ubiquegallery.be\/wp-content\/uploads\/2021\/04\/1.-IMGP4322-2-680x1024.jpg 680w, https:\/\/ubiquegallery.be\/wp-content\/uploads\/2021\/04\/1.-IMGP4322-2-199x300.jpg 199w, https:\/\/ubiquegallery.be\/wp-content\/uploads\/2021\/04\/1.-IMGP4322-2-768x1156.jpg 768w, https:\/\/ubiquegallery.be\/wp-content\/uploads\/2021\/04\/1.-IMGP4322-2-133x200.jpg 133w, https:\/\/ubiquegallery.be\/wp-content\/uploads\/2021\/04\/1.-IMGP4322-2-1020x1536.jpg 1020w, https:\/\/ubiquegallery.be\/wp-content\/uploads\/2021\/04\/1.-IMGP4322-2-1361x2048.jpg 1361w, https:\/\/ubiquegallery.be\/wp-content\/uploads\/2021\/04\/1.-IMGP4322-2-scaled.jpg 1701w\" sizes=\"auto, (max-width: 680px) 100vw, 680px\" \/><\/figure>\n\n\n\n<figure class=\"wp-block-image size-large\"><img loading=\"lazy\" decoding=\"async\" width=\"680\" height=\"1024\" src=\"https:\/\/ubiquegallery.be\/wp-content\/uploads\/2021\/04\/10.-IMGP4536-copie-680x1024.jpg\" alt=\"\" class=\"wp-image-926\" srcset=\"https:\/\/ubiquegallery.be\/wp-content\/uploads\/2021\/04\/10.-IMGP4536-copie-680x1024.jpg 680w, https:\/\/ubiquegallery.be\/wp-content\/uploads\/2021\/04\/10.-IMGP4536-copie-199x300.jpg 199w, https:\/\/ubiquegallery.be\/wp-content\/uploads\/2021\/04\/10.-IMGP4536-copie-768x1157.jpg 768w, https:\/\/ubiquegallery.be\/wp-content\/uploads\/2021\/04\/10.-IMGP4536-copie-133x200.jpg 133w, https:\/\/ubiquegallery.be\/wp-content\/uploads\/2021\/04\/10.-IMGP4536-copie.jpg 850w\" sizes=\"auto, (max-width: 680px) 100vw, 680px\" \/><\/figure>\n\n\n\n<figure class=\"wp-block-image size-large\"><img loading=\"lazy\" decoding=\"async\" width=\"1024\" height=\"790\" src=\"https:\/\/ubiquegallery.be\/wp-content\/uploads\/2021\/04\/11.-scrap2-1024x790.jpg\" alt=\"\" class=\"wp-image-927\" srcset=\"https:\/\/ubiquegallery.be\/wp-content\/uploads\/2021\/04\/11.-scrap2-1024x790.jpg 1024w, https:\/\/ubiquegallery.be\/wp-content\/uploads\/2021\/04\/11.-scrap2-300x231.jpg 300w, https:\/\/ubiquegallery.be\/wp-content\/uploads\/2021\/04\/11.-scrap2-768x592.jpg 768w, https:\/\/ubiquegallery.be\/wp-content\/uploads\/2021\/04\/11.-scrap2-200x154.jpg 200w, https:\/\/ubiquegallery.be\/wp-content\/uploads\/2021\/04\/11.-scrap2.jpg 1417w\" sizes=\"auto, (max-width: 767px) 89vw, (max-width: 1000px) 54vw, (max-width: 1071px) 543px, 580px\" \/><\/figure>\n\n\n\n<figure class=\"wp-block-image size-large\"><img loading=\"lazy\" decoding=\"async\" width=\"1024\" height=\"682\" src=\"https:\/\/ubiquegallery.be\/wp-content\/uploads\/2021\/04\/9.-_DSC0489-copie-1024x682.jpg\" alt=\"\" class=\"wp-image-928\" srcset=\"https:\/\/ubiquegallery.be\/wp-content\/uploads\/2021\/04\/9.-_DSC0489-copie-1024x682.jpg 1024w, https:\/\/ubiquegallery.be\/wp-content\/uploads\/2021\/04\/9.-_DSC0489-copie-300x200.jpg 300w, https:\/\/ubiquegallery.be\/wp-content\/uploads\/2021\/04\/9.-_DSC0489-copie-768x512.jpg 768w, https:\/\/ubiquegallery.be\/wp-content\/uploads\/2021\/04\/9.-_DSC0489-copie-200x133.jpg 200w, https:\/\/ubiquegallery.be\/wp-content\/uploads\/2021\/04\/9.-_DSC0489-copie.jpg 1181w\" sizes=\"auto, (max-width: 767px) 89vw, (max-width: 1000px) 54vw, (max-width: 1071px) 543px, 580px\" \/><\/figure>\n\n\n\n<figure class=\"wp-block-image size-large\"><img loading=\"lazy\" decoding=\"async\" width=\"1024\" height=\"894\" src=\"https:\/\/ubiquegallery.be\/wp-content\/uploads\/2021\/04\/7.-peint5-1024x894.jpg\" alt=\"\" class=\"wp-image-929\" srcset=\"https:\/\/ubiquegallery.be\/wp-content\/uploads\/2021\/04\/7.-peint5-1024x894.jpg 1024w, https:\/\/ubiquegallery.be\/wp-content\/uploads\/2021\/04\/7.-peint5-300x262.jpg 300w, https:\/\/ubiquegallery.be\/wp-content\/uploads\/2021\/04\/7.-peint5-768x670.jpg 768w, https:\/\/ubiquegallery.be\/wp-content\/uploads\/2021\/04\/7.-peint5-200x175.jpg 200w, https:\/\/ubiquegallery.be\/wp-content\/uploads\/2021\/04\/7.-peint5.jpg 1417w\" sizes=\"auto, (max-width: 767px) 89vw, (max-width: 1000px) 54vw, (max-width: 1071px) 543px, 580px\" \/><\/figure>\n\n\n\n<figure class=\"wp-block-image size-large\"><img loading=\"lazy\" decoding=\"async\" width=\"1024\" height=\"932\" src=\"https:\/\/ubiquegallery.be\/wp-content\/uploads\/2021\/04\/2.-IMGP4295-1024x932.jpg\" alt=\"\" class=\"wp-image-930\" srcset=\"https:\/\/ubiquegallery.be\/wp-content\/uploads\/2021\/04\/2.-IMGP4295-1024x932.jpg 1024w, https:\/\/ubiquegallery.be\/wp-content\/uploads\/2021\/04\/2.-IMGP4295-300x273.jpg 300w, https:\/\/ubiquegallery.be\/wp-content\/uploads\/2021\/04\/2.-IMGP4295-768x699.jpg 768w, https:\/\/ubiquegallery.be\/wp-content\/uploads\/2021\/04\/2.-IMGP4295-200x182.jpg 200w, https:\/\/ubiquegallery.be\/wp-content\/uploads\/2021\/04\/2.-IMGP4295.jpg 1417w\" sizes=\"auto, (max-width: 767px) 89vw, (max-width: 1000px) 54vw, (max-width: 1071px) 543px, 580px\" \/><\/figure>\n","protected":false},"excerpt":{"rendered":"<p>Le photographe Erwin Van Der Veken opte rarement pour la facilit\u00e9, en t\u00e9moignentson m\u00e9tier de chirurgien p\u00e9diatrique \u00e0 l\u2019H\u00f4pital Universitaire des Enfants Reine Fabiolaet sa pratique du rugby de plus de 50 ans. Dans sa troisi\u00e8me grande passion, la photographie, il s\u2019\u00e9loigne \u00e9galement de l\u2019ordinaire. Il photographie des d\u00e9chets, au sens large du terme : &hellip; <\/p>\n<p class=\"link-more\"><a href=\"https:\/\/ubiquegallery.be\/index.php\/erwin-van-der-veken\/\" class=\"more-link\">Continuer la lecture<span class=\"screen-reader-text\"> de &laquo;&nbsp;Erwin Van der Veken&nbsp;&raquo;<\/span><\/a><\/p>\n","protected":false},"author":1,"featured_media":0,"parent":0,"menu_order":0,"comment_status":"closed","ping_status":"closed","template":"","meta":{"footnotes":""},"class_list":["post-894","page","type-page","status-publish","hentry"],"_links":{"self":[{"href":"https:\/\/ubiquegallery.be\/index.php\/wp-json\/wp\/v2\/pages\/894","targetHints":{"allow":["GET"]}}],"collection":[{"href":"https:\/\/ubiquegallery.be\/index.php\/wp-json\/wp\/v2\/pages"}],"about":[{"href":"https:\/\/ubiquegallery.be\/index.php\/wp-json\/wp\/v2\/types\/page"}],"author":[{"embeddable":true,"href":"https:\/\/ubiquegallery.be\/index.php\/wp-json\/wp\/v2\/users\/1"}],"replies":[{"embeddable":true,"href":"https:\/\/ubiquegallery.be\/index.php\/wp-json\/wp\/v2\/comments?post=894"}],"version-history":[{"count":3,"href":"https:\/\/ubiquegallery.be\/index.php\/wp-json\/wp\/v2\/pages\/894\/revisions"}],"predecessor-version":[{"id":931,"href":"https:\/\/ubiquegallery.be\/index.php\/wp-json\/wp\/v2\/pages\/894\/revisions\/931"}],"wp:attachment":[{"href":"https:\/\/ubiquegallery.be\/index.php\/wp-json\/wp\/v2\/media?parent=894"}],"curies":[{"name":"wp","href":"https:\/\/api.w.org\/{rel}","templated":true}]}}