{"id":898,"date":"2021-04-27T12:32:53","date_gmt":"2021-04-27T10:32:53","guid":{"rendered":"https:\/\/ubiquegallery.be\/?page_id=898"},"modified":"2021-05-22T17:02:32","modified_gmt":"2021-05-22T15:02:32","slug":"habib-harem","status":"publish","type":"page","link":"https:\/\/ubiquegallery.be\/index.php\/habib-harem\/","title":{"rendered":"Habib Harem"},"content":{"rendered":"\n<p>N\u00e9 \u00e0 Agadir le 23 janvier 1953.<br>Etudes d\u2019Arts Plastiques (Atelier de gravure&nbsp;: Marthe Wery)&nbsp;<br>\u00e0 L\u2019institut sup\u00e9rieur&nbsp; Saint &#8211; Luc \u00e0 Bruxelles.<\/p>\n\n\n\n<p>Expositions personnelles \u00e0 Nivelles, \u00e0 Wavre, \u00e0 Liberchies, \u00e0 Louvain \u2013 La Neuve, \u00e0 Bruxelles, \u00e0 Li\u00e8ge.<\/p>\n\n\n\n<p>Expositions collectives en Belgique et \u00e0 l\u2019\u00e9tranger (Biennale de la gravure \u00e0 Li\u00e8ge, en Pologne, France, Pays-Bas, Espagne, Yougoslavie, Slov\u00e9nie, Estonie, Japon, Br\u00e9sil, Vietnam, Maroc).<\/p>\n\n\n\n<p>Distinction \u00e0 l\u2019exposition internationale de gravure \u00ab\u00a0Cent graveurs pour cent ans\u00a0\u00bb<br>au Mus\u00e9e F\u00e9licien Rops \u00e0 Namur 1998.<br>Prix \u00ab Au\u00a0Fil de l\u2019Art\u00a0\u00bb \u00e0 Pont-\u00e0-Celles 2006.<\/p>\n\n\n\n<figure class=\"wp-block-image size-large\"><img loading=\"lazy\" decoding=\"async\" width=\"1024\" height=\"669\" src=\"https:\/\/ubiquegallery.be\/wp-content\/uploads\/2021\/04\/Capture-de\u0301cran-2021-04-29-a\u0300-18.48.11-1024x669.png\" alt=\"\" class=\"wp-image-932\" srcset=\"https:\/\/ubiquegallery.be\/wp-content\/uploads\/2021\/04\/Capture-de\u0301cran-2021-04-29-a\u0300-18.48.11-1024x669.png 1024w, https:\/\/ubiquegallery.be\/wp-content\/uploads\/2021\/04\/Capture-de\u0301cran-2021-04-29-a\u0300-18.48.11-300x196.png 300w, https:\/\/ubiquegallery.be\/wp-content\/uploads\/2021\/04\/Capture-de\u0301cran-2021-04-29-a\u0300-18.48.11-768x502.png 768w, https:\/\/ubiquegallery.be\/wp-content\/uploads\/2021\/04\/Capture-de\u0301cran-2021-04-29-a\u0300-18.48.11-200x131.png 200w, https:\/\/ubiquegallery.be\/wp-content\/uploads\/2021\/04\/Capture-de\u0301cran-2021-04-29-a\u0300-18.48.11.png 1276w\" sizes=\"auto, (max-width: 767px) 89vw, (max-width: 1000px) 54vw, (max-width: 1071px) 543px, 580px\" \/><figcaption><br><em>\u00ab&nbsp;Usure du temps&nbsp;\u00bb<\/em><br><em>Technique mixte<\/em><br><em>2004&nbsp; &nbsp; 30\/52cm<\/em><\/figcaption><\/figure>\n\n\n\n<figure class=\"wp-block-image size-large is-resized\"><img loading=\"lazy\" decoding=\"async\" src=\"https:\/\/ubiquegallery.be\/wp-content\/uploads\/2021\/04\/Capture-de\u0301cran-2021-04-29-a\u0300-18.47.49-1024x735.png\" alt=\"\" class=\"wp-image-933\" width=\"674\" height=\"483\" srcset=\"https:\/\/ubiquegallery.be\/wp-content\/uploads\/2021\/04\/Capture-de\u0301cran-2021-04-29-a\u0300-18.47.49-1024x735.png 1024w, https:\/\/ubiquegallery.be\/wp-content\/uploads\/2021\/04\/Capture-de\u0301cran-2021-04-29-a\u0300-18.47.49-300x215.png 300w, https:\/\/ubiquegallery.be\/wp-content\/uploads\/2021\/04\/Capture-de\u0301cran-2021-04-29-a\u0300-18.47.49-768x551.png 768w, https:\/\/ubiquegallery.be\/wp-content\/uploads\/2021\/04\/Capture-de\u0301cran-2021-04-29-a\u0300-18.47.49-200x144.png 200w, https:\/\/ubiquegallery.be\/wp-content\/uploads\/2021\/04\/Capture-de\u0301cran-2021-04-29-a\u0300-18.47.49.png 1374w\" sizes=\"auto, (max-width: 674px) 100vw, 674px\" \/><figcaption><br><em>\u00ab&nbsp; Fossiles rouille&nbsp;\u00bb<\/em><br><em>Technique mixte<\/em><br><em>2021 50\/62cm<\/em><\/figcaption><\/figure>\n\n\n\n<figure class=\"wp-block-image size-large\"><img loading=\"lazy\" decoding=\"async\" width=\"1024\" height=\"718\" src=\"https:\/\/ubiquegallery.be\/wp-content\/uploads\/2021\/04\/Capture-de\u0301cran-2021-04-29-a\u0300-18.47.21-1024x718.png\" alt=\"\" class=\"wp-image-934\" srcset=\"https:\/\/ubiquegallery.be\/wp-content\/uploads\/2021\/04\/Capture-de\u0301cran-2021-04-29-a\u0300-18.47.21-1024x718.png 1024w, https:\/\/ubiquegallery.be\/wp-content\/uploads\/2021\/04\/Capture-de\u0301cran-2021-04-29-a\u0300-18.47.21-300x210.png 300w, https:\/\/ubiquegallery.be\/wp-content\/uploads\/2021\/04\/Capture-de\u0301cran-2021-04-29-a\u0300-18.47.21-768x538.png 768w, https:\/\/ubiquegallery.be\/wp-content\/uploads\/2021\/04\/Capture-de\u0301cran-2021-04-29-a\u0300-18.47.21-200x140.png 200w, https:\/\/ubiquegallery.be\/wp-content\/uploads\/2021\/04\/Capture-de\u0301cran-2021-04-29-a\u0300-18.47.21.png 1412w\" sizes=\"auto, (max-width: 767px) 89vw, (max-width: 1000px) 54vw, (max-width: 1071px) 543px, 580px\" \/><figcaption><br><em>\u00ab&nbsp;Vestiges recto verso&nbsp;\u00bb<\/em><br><em>Technique mixte&nbsp;<\/em><br><em>2019&nbsp; 28\/39cm x 2<\/em><\/figcaption><\/figure>\n\n\n\n<figure class=\"wp-block-image size-large\"><img loading=\"lazy\" decoding=\"async\" width=\"1024\" height=\"587\" src=\"https:\/\/ubiquegallery.be\/wp-content\/uploads\/2021\/04\/Capture-de\u0301cran-2021-04-29-a\u0300-18.50.20-1024x587.png\" alt=\"\" class=\"wp-image-936\" srcset=\"https:\/\/ubiquegallery.be\/wp-content\/uploads\/2021\/04\/Capture-de\u0301cran-2021-04-29-a\u0300-18.50.20-1024x587.png 1024w, https:\/\/ubiquegallery.be\/wp-content\/uploads\/2021\/04\/Capture-de\u0301cran-2021-04-29-a\u0300-18.50.20-300x172.png 300w, https:\/\/ubiquegallery.be\/wp-content\/uploads\/2021\/04\/Capture-de\u0301cran-2021-04-29-a\u0300-18.50.20-768x440.png 768w, https:\/\/ubiquegallery.be\/wp-content\/uploads\/2021\/04\/Capture-de\u0301cran-2021-04-29-a\u0300-18.50.20-200x115.png 200w, https:\/\/ubiquegallery.be\/wp-content\/uploads\/2021\/04\/Capture-de\u0301cran-2021-04-29-a\u0300-18.50.20.png 1312w\" sizes=\"auto, (max-width: 767px) 89vw, (max-width: 1000px) 54vw, (max-width: 1071px) 543px, 580px\" \/><figcaption><br>\u00ab&nbsp;Rupture&nbsp;\u00bb<br>Technique mixte&nbsp;<br><em>2019&nbsp; 37\/25cm 28\/25<\/em><\/figcaption><\/figure>\n","protected":false},"excerpt":{"rendered":"<p>N\u00e9 \u00e0 Agadir le 23 janvier 1953.Etudes d\u2019Arts Plastiques (Atelier de gravure&nbsp;: Marthe Wery)&nbsp;\u00e0 L\u2019institut sup\u00e9rieur&nbsp; Saint &#8211; Luc \u00e0 Bruxelles. Expositions personnelles \u00e0 Nivelles, \u00e0 Wavre, \u00e0 Liberchies, \u00e0 Louvain \u2013 La Neuve, \u00e0 Bruxelles, \u00e0 Li\u00e8ge. Expositions collectives en Belgique et \u00e0 l\u2019\u00e9tranger (Biennale de la gravure \u00e0 Li\u00e8ge, en Pologne, France, Pays-Bas, &hellip; <\/p>\n<p class=\"link-more\"><a href=\"https:\/\/ubiquegallery.be\/index.php\/habib-harem\/\" class=\"more-link\">Continuer la lecture<span class=\"screen-reader-text\"> de &laquo;&nbsp;Habib Harem&nbsp;&raquo;<\/span><\/a><\/p>\n","protected":false},"author":1,"featured_media":0,"parent":0,"menu_order":0,"comment_status":"closed","ping_status":"closed","template":"","meta":{"footnotes":""},"class_list":["post-898","page","type-page","status-publish","hentry"],"_links":{"self":[{"href":"https:\/\/ubiquegallery.be\/index.php\/wp-json\/wp\/v2\/pages\/898","targetHints":{"allow":["GET"]}}],"collection":[{"href":"https:\/\/ubiquegallery.be\/index.php\/wp-json\/wp\/v2\/pages"}],"about":[{"href":"https:\/\/ubiquegallery.be\/index.php\/wp-json\/wp\/v2\/types\/page"}],"author":[{"embeddable":true,"href":"https:\/\/ubiquegallery.be\/index.php\/wp-json\/wp\/v2\/users\/1"}],"replies":[{"embeddable":true,"href":"https:\/\/ubiquegallery.be\/index.php\/wp-json\/wp\/v2\/comments?post=898"}],"version-history":[{"count":9,"href":"https:\/\/ubiquegallery.be\/index.php\/wp-json\/wp\/v2\/pages\/898\/revisions"}],"predecessor-version":[{"id":956,"href":"https:\/\/ubiquegallery.be\/index.php\/wp-json\/wp\/v2\/pages\/898\/revisions\/956"}],"wp:attachment":[{"href":"https:\/\/ubiquegallery.be\/index.php\/wp-json\/wp\/v2\/media?parent=898"}],"curies":[{"name":"wp","href":"https:\/\/api.w.org\/{rel}","templated":true}]}}